{"id":31223,"date":"2024-01-23T13:43:42","date_gmt":"2024-01-23T09:43:42","guid":{"rendered":"https:\/\/searide-dubai.com\/datenschutzbestimmungen\/"},"modified":"2024-09-06T10:03:07","modified_gmt":"2024-09-06T06:03:07","slug":"datenschutzbestimmungen","status":"publish","type":"page","link":"https:\/\/searide-dubai.com\/de\/datenschutzbestimmungen\/","title":{"rendered":"Datenschutzbestimmungen"},"content":{"rendered":"\t\t<div data-elementor-type=\"wp-page\" data-elementor-id=\"31223\" class=\"elementor elementor-31223 elementor-14786\" data-elementor-post-type=\"page\">\n\t\t\t\t\t\t<section data-particle_enable=\"false\" data-particle-mobile-disabled=\"false\" class=\"elementor-section elementor-top-section elementor-element elementor-element-92ee2cc elementor-section-height-min-height elementor-section-stretched elementor-section-items-top elementor-hidden-desktop elementor-hidden-tablet elementor-hidden-mobile elementor-section-boxed elementor-section-height-default\" data-id=\"92ee2cc\" data-element_type=\"section\" data-settings=\"{&quot;background_background&quot;:&quot;classic&quot;,&quot;stretch_section&quot;:&quot;section-stretched&quot;}\">\n\t\t\t\t\t\t\t<div class=\"elementor-background-overlay\"><\/div>\n\t\t\t\t\t\t\t<div class=\"elementor-container elementor-column-gap-default\">\n\t\t\t\t\t<div class=\"elementor-column elementor-col-100 elementor-top-column elementor-element elementor-element-5c08f0a\" data-id=\"5c08f0a\" data-element_type=\"column\">\n\t\t\t<div class=\"elementor-widget-wrap elementor-element-populated\">\n\t\t\t\t\t\t<div class=\"elementor-element elementor-element-3f5ddde elementor-widget elementor-widget-heading\" data-id=\"3f5ddde\" data-element_type=\"widget\" data-widget_type=\"heading.default\">\n\t\t\t\t<div class=\"elementor-widget-container\">\n\t\t\t<h1 class=\"elementor-heading-title elementor-size-default\">Datenschutzbestimmungen<\/h1>\t\t<\/div>\n\t\t\t\t<\/div>\n\t\t\t\t\t<\/div>\n\t\t<\/div>\n\t\t\t\t\t<\/div>\n\t\t<\/section>\n\t\t\t\t<section data-particle_enable=\"false\" data-particle-mobile-disabled=\"false\" class=\"elementor-section elementor-top-section elementor-element elementor-element-8f2bbf7 common-inner-banner elementor-section-boxed elementor-section-height-default elementor-section-height-default\" data-id=\"8f2bbf7\" data-element_type=\"section\" data-settings=\"{&quot;background_background&quot;:&quot;classic&quot;}\">\n\t\t\t\t\t\t\t<div class=\"elementor-background-overlay\"><\/div>\n\t\t\t\t\t\t\t<div class=\"elementor-container elementor-column-gap-default\">\n\t\t\t\t\t<div class=\"elementor-column elementor-col-100 elementor-top-column elementor-element elementor-element-0629269\" data-id=\"0629269\" data-element_type=\"column\">\n\t\t\t<div class=\"elementor-widget-wrap elementor-element-populated\">\n\t\t\t\t\t\t<div class=\"elementor-element elementor-element-04fcd51 banner-main-title elementor-widget elementor-widget-heading\" data-id=\"04fcd51\" data-element_type=\"widget\" data-widget_type=\"heading.default\">\n\t\t\t\t<div class=\"elementor-widget-container\">\n\t\t\t<h2 class=\"elementor-heading-title elementor-size-default\">Datenschutzbestimmungen<\/h2>\t\t<\/div>\n\t\t\t\t<\/div>\n\t\t\t\t<div class=\"elementor-element elementor-element-99fc253 elementor-hidden-desktop elementor-hidden-tablet elementor-hidden-mobile elementor-widget elementor-widget-heading\" data-id=\"99fc253\" data-element_type=\"widget\" data-widget_type=\"heading.default\">\n\t\t\t\t<div class=\"elementor-widget-container\">\n\t\t\t<p class=\"elementor-heading-title elementor-size-default\">HOME <b>\/ DUBAI WASSERSPORT BLOG ZU EPISCHEN ABENTEUERN<\/b><\/p>\t\t<\/div>\n\t\t\t\t<\/div>\n\t\t\t\t<div class=\"elementor-element elementor-element-2ef3876 inner-breacrumbs elementor-hidden-desktop elementor-hidden-tablet elementor-hidden-mobile elementor-widget elementor-widget-woocommerce-breadcrumb\" data-id=\"2ef3876\" data-element_type=\"widget\" data-widget_type=\"woocommerce-breadcrumb.default\">\n\t\t\t\t<div class=\"elementor-widget-container\">\n\t\t\t<nav class=\"woocommerce-breadcrumb\" aria-label=\"Breadcrumb\">Startseite<\/nav>\t\t<\/div>\n\t\t\t\t<\/div>\n\t\t\t\t\t<\/div>\n\t\t<\/div>\n\t\t\t\t\t<\/div>\n\t\t<\/section>\n\t\t\t\t<section data-particle_enable=\"false\" data-particle-mobile-disabled=\"false\" class=\"elementor-section elementor-top-section elementor-element elementor-element-4e14f2d terms-section elementor-section-boxed elementor-section-height-default elementor-section-height-default\" data-id=\"4e14f2d\" data-element_type=\"section\">\n\t\t\t\t\t\t<div class=\"elementor-container elementor-column-gap-default\">\n\t\t\t\t\t<div class=\"elementor-column elementor-col-100 elementor-top-column elementor-element elementor-element-86a55ce\" data-id=\"86a55ce\" data-element_type=\"column\">\n\t\t\t<div class=\"elementor-widget-wrap elementor-element-populated\">\n\t\t\t\t\t\t<div class=\"elementor-element elementor-element-bbe81be elementor-widget elementor-widget-heading\" data-id=\"bbe81be\" data-element_type=\"widget\" data-widget_type=\"heading.default\">\n\t\t\t\t<div class=\"elementor-widget-container\">\n\t\t\t<h2 class=\"elementor-heading-title elementor-size-default\">Welche Informationen sammeln wir?<\/h2>\t\t<\/div>\n\t\t\t\t<\/div>\n\t\t\t\t<div class=\"elementor-element elementor-element-92db397 elementor-widget elementor-widget-text-editor\" data-id=\"92db397\" data-element_type=\"widget\" data-widget_type=\"text-editor.default\">\n\t\t\t\t<div class=\"elementor-widget-container\">\n\t\t\t\t\t\t\t<p>Wir sammeln Informationen \u00fcber Sie, wenn Sie eine Aktivit\u00e4t buchen oder wenn Sie unseren Newsletter abonnieren.<br \/>\nWenn Sie auf unserer <a href=\"https:\/\/searide-dubai.com\/de\/\">Website<\/a> bestellen, werden Sie aufgefordert, Ihren Namen, Ihre E-Mail-Adresse, Ihre Postanschrift, Ihre Telefonnummer und Ihre Kreditkarte anzugeben.<br \/>\nSie k\u00f6nnen unsere Website jedoch auch anonym besuchen.<br \/>\nDrittanbieter, darunter Google, verwenden Cookies, um Anzeigen zu schalten, die auf fr\u00fcheren Internetbesuchen des Nutzers basieren.<br \/>\nMit Hilfe von Werbe-Cookies k\u00f6nnen Google und seine Partner die Werbung f\u00fcr Besucher auf der Grundlage ihres Surfverhaltens anpassen.<br \/>\nSie k\u00f6nnen die benutzerdefinierte Werbung in den Anzeigeneinstellungen deaktivieren.<br \/>\nSie k\u00f6nnen auch Cookies von Drittanbietern f\u00fcr benutzerdefinierte Werbung deaktivieren, indem Sie www.aboutads.info besuchen.      <\/p>\n\t\t\t\t\t\t<\/div>\n\t\t\t\t<\/div>\n\t\t\t\t<div class=\"elementor-element elementor-element-57e75f1 elementor-widget elementor-widget-heading\" data-id=\"57e75f1\" data-element_type=\"widget\" data-widget_type=\"heading.default\">\n\t\t\t\t<div class=\"elementor-widget-container\">\n\t\t\t<h2 class=\"elementor-heading-title elementor-size-default\">Wof\u00fcr k\u00f6nnen wir diese Daten verwenden?<\/h2>\t\t<\/div>\n\t\t\t\t<\/div>\n\t\t\t\t<div class=\"elementor-element elementor-element-7c1ee71 elementor-widget elementor-widget-text-editor\" data-id=\"7c1ee71\" data-element_type=\"widget\" data-widget_type=\"text-editor.default\">\n\t\t\t\t<div class=\"elementor-widget-container\">\n\t\t\t\t\t\t\t<p>Die gesammelten Informationen k\u00f6nnen f\u00fcr uns n\u00fctzlich sein: Um Ihre Erfahrungen zu personalisieren (Ihre Daten helfen uns, besser auf Ihre individuellen Bed\u00fcrfnisse einzugehen) Um unsere Website zu verbessern (wir bem\u00fchen uns st\u00e4ndig, unsere Angebote und unsere Website auf der Grundlage der Kommentare und auch der Informationen, die wir von Ihnen erhalten, zu verbessern) Um den Kundenservice zu verbessern (Ihre Informationen helfen uns, effektiver auf Ihre Anfragen und Support-Bed\u00fcrfnisse zu reagieren) Um Transaktionen abzuwickeln Ihre Informationen, ob \u00f6ffentlich oder privat, werden ohne Ihre Zustimmung nicht verkauft, ausgetauscht, \u00fcbertragen oder an ein anderes Unternehmen weitergegeben, es sei denn, dies geschieht ausdr\u00fccklich zum Zweck der Lieferung des gekauften Produkts oder der angeforderten Dienstleistung.<\/p>\n\t\t\t\t\t\t<\/div>\n\t\t\t\t<\/div>\n\t\t\t\t<div class=\"elementor-element elementor-element-29f1692 elementor-widget elementor-widget-heading\" data-id=\"29f1692\" data-element_type=\"widget\" data-widget_type=\"heading.default\">\n\t\t\t\t<div class=\"elementor-widget-container\">\n\t\t\t<h2 class=\"elementor-heading-title elementor-size-default\">Elektronische Mitteilungen und Newsletter<\/h2>\t\t<\/div>\n\t\t\t\t<\/div>\n\t\t\t\t<div class=\"elementor-element elementor-element-d32f993 elementor-widget elementor-widget-text-editor\" data-id=\"d32f993\" data-element_type=\"widget\" data-widget_type=\"text-editor.default\">\n\t\t\t\t<div class=\"elementor-widget-container\">\n\t\t\t\t\t\t\t<p>Die E-Mail-Adresse, die Sie f\u00fcr die Bestellabwicklung angeben, wird nur verwendet, um Ihnen Informationen und Aktualisierungen zu Ihrer Bestellung zu senden.<br \/>\nWenn Sie m\u00f6chten, k\u00f6nnen Sie unseren Newsletter abonnieren, um unsere Neuigkeiten und Sonderangebote zu erhalten. <\/p>\n\t\t\t\t\t\t<\/div>\n\t\t\t\t<\/div>\n\t\t\t\t<div class=\"elementor-element elementor-element-6ce53e5 elementor-widget elementor-widget-heading\" data-id=\"6ce53e5\" data-element_type=\"widget\" data-widget_type=\"heading.default\">\n\t\t\t\t<div class=\"elementor-widget-container\">\n\t\t\t<h2 class=\"elementor-heading-title elementor-size-default\">Wie sch\u00fctzen wir Ihre Daten?<\/h2>\t\t<\/div>\n\t\t\t\t<\/div>\n\t\t\t\t<div class=\"elementor-element elementor-element-7eb865b elementor-widget elementor-widget-text-editor\" data-id=\"7eb865b\" data-element_type=\"widget\" data-widget_type=\"text-editor.default\">\n\t\t\t\t<div class=\"elementor-widget-container\">\n\t\t\t\t\t\t\t<p>Alle Kreditkartendaten und Informationen, die auf der Website verwendet werden, werden nicht gespeichert, verkauft, weitergegeben oder an Dritte vermietet.<br \/>\nWir verwenden Checkout, um Komplettl\u00f6sungen zur Vereinfachung und Sicherung Ihrer Transaktionen anzubieten.<br \/>\nNach einer Transaktion werden Ihre privaten Daten (Kreditkarten, Sozialversicherungsnummern, Finanznummern usw.) nicht auf unseren Servern gespeichert.<br \/>\nEs gibt eine Reihe von Sicherheitsma\u00dfnahmen, um die Sicherheit Ihrer pers\u00f6nlichen Daten zu gew\u00e4hrleisten, wenn Sie eine Bestellung aufgeben oder Ihre pers\u00f6nlichen Daten eingeben, \u00fcbermitteln oder aufrufen.<br \/>\nAlle pers\u00f6nlichen und vertraulichen Informationen, die Sie uns zur Verf\u00fcgung stellen, werden \u00fcber die Secure Socket Layer (SSL)-Technologie \u00fcbertragen und dann von unserem Zahlungs-Gateway-Anbieter verschl\u00fcsselt und sind nur autorisierten Benutzern zug\u00e4nglich, die \u00fcber besondere Zugriffsrechte auf diese Systeme verf\u00fcgen und f\u00fcr &#8222;vertrauliche Informationen&#8220; erforderlich sind.    <\/p>\n\t\t\t\t\t\t<\/div>\n\t\t\t\t<\/div>\n\t\t\t\t<div class=\"elementor-element elementor-element-af03e24 elementor-widget elementor-widget-heading\" data-id=\"af03e24\" data-element_type=\"widget\" data-widget_type=\"heading.default\">\n\t\t\t\t<div class=\"elementor-widget-container\">\n\t\t\t<h2 class=\"elementor-heading-title elementor-size-default\">Was ist ein Cookie und wie verwenden wir es?<\/h2>\t\t<\/div>\n\t\t\t\t<\/div>\n\t\t\t\t<div class=\"elementor-element elementor-element-4730a6e elementor-widget elementor-widget-text-editor\" data-id=\"4730a6e\" data-element_type=\"widget\" data-widget_type=\"text-editor.default\">\n\t\t\t\t<div class=\"elementor-widget-container\">\n\t\t\t\t\t\t\t<p>Ein Cookie ist eine kleine Textdatei, die w\u00e4hrend des Besuchs einer Website in einem speziellen Bereich auf der Festplatte Ihres digitalen Ger\u00e4ts (Computer, Tablet &#8230;.) gespeichert wird. Jedem Cookie wird ein anonymer Identifikator zugewiesen. Diese erm\u00f6glicht es dem Absender, das Endger\u00e4t zu identifizieren, auf dem er w\u00e4hrend der G\u00fcltigkeitsdauer des betreffenden Cookies registriert ist. Wie verwaltet man seine Cookies?Sie k\u00f6nnen Ihre Cookies direkt in Ihrem Browser einstellen. Hier sind die Links zu den entsprechenden Informationsseiten der wichtigsten Browser, um Ihnen zu helfen:<\/p>\n<p><strong>Chrom<\/strong>: <a href=\"https:\/\/support.google.com\/chrome\/answer\/95647\">https:\/\/support.google.com\/chrome\/answer\/95647<\/a><\/p>\n<p><strong>Edge<\/strong> \/ Internet Explorer : https:\/\/support.microsoft.com\/fr-fr\/help\/17442\/windows-internet-explorer-delete-manage-cookies<\/p>\n<p><strong>Firefox<\/strong>: https:\/\/support.mozilla.org\/fr\/kb\/activer-desactiver-cookies<\/p>\n<p><strong>Oper<\/strong>: http:\/\/help.opera.com\/Windows\/10.20\/fr\/cookies.html<\/p>\n\t\t\t\t\t\t<\/div>\n\t\t\t\t<\/div>\n\t\t\t\t<div class=\"elementor-element elementor-element-6fc373c elementor-widget elementor-widget-heading\" data-id=\"6fc373c\" data-element_type=\"widget\" data-widget_type=\"heading.default\">\n\t\t\t\t<div class=\"elementor-widget-container\">\n\t\t\t<h2 class=\"elementor-heading-title elementor-size-default\">Datenschutzbestimmungen<\/h2>\t\t<\/div>\n\t\t\t\t<\/div>\n\t\t\t\t<div class=\"elementor-element elementor-element-e5ad04f elementor-widget elementor-widget-text-editor\" data-id=\"e5ad04f\" data-element_type=\"widget\" data-widget_type=\"text-editor.default\">\n\t\t\t\t<div class=\"elementor-widget-container\">\n\t\t\t\t\t\t\t<p>Wir verkaufen, handeln oder \u00fcbertragen Ihre personenbezogenen Daten nicht an Dritte.<br \/>\nDavon ausgenommen sind vertrauensw\u00fcrdige Dritte, die uns beim Betrieb unserer Website und bei der Durchf\u00fchrung unserer Gesch\u00e4fte unterst\u00fctzen, vorausgesetzt, diese Parteien verpflichten sich, diese Informationen vertraulich zu behandeln.<br \/>\nWir k\u00f6nnen Ihre Daten offenlegen, wenn wir der Meinung sind, dass dies notwendig ist, um das Gesetz einzuhalten, die Regeln unserer Website durchzusetzen oder die Rechte, das Eigentum oder die Sicherheit Dritter oder anderer zu sch\u00fctzen.<br \/>\nAnonyme Informationen k\u00f6nnen an andere Parteien f\u00fcr Marketing, Werbung oder andere Zwecke weitergegeben werden.   <\/p>\n\t\t\t\t\t\t<\/div>\n\t\t\t\t<\/div>\n\t\t\t\t<div class=\"elementor-element elementor-element-0d9029b elementor-widget elementor-widget-heading\" data-id=\"0d9029b\" data-element_type=\"widget\" data-widget_type=\"heading.default\">\n\t\t\t\t<div class=\"elementor-widget-container\">\n\t\t\t<h2 class=\"elementor-heading-title elementor-size-default\">Ihre Zustimmung<\/h2>\t\t<\/div>\n\t\t\t\t<\/div>\n\t\t\t\t<div class=\"elementor-element elementor-element-11ad3f4 elementor-widget elementor-widget-text-editor\" data-id=\"11ad3f4\" data-element_type=\"widget\" data-widget_type=\"text-editor.default\">\n\t\t\t\t<div class=\"elementor-widget-container\">\n\t\t\t\t\t\t\t<p>Durch die Nutzung unserer Website erkl\u00e4ren Sie sich mit dieser Datenschutzrichtlinie einverstanden.<\/p>\n\t\t\t\t\t\t<\/div>\n\t\t\t\t<\/div>\n\t\t\t\t<div class=\"elementor-element elementor-element-8c73a63 elementor-widget elementor-widget-heading\" data-id=\"8c73a63\" data-element_type=\"widget\" data-widget_type=\"heading.default\">\n\t\t\t\t<div class=\"elementor-widget-container\">\n\t\t\t<h2 class=\"elementor-heading-title elementor-size-default\">\u00c4nderungen an unserer Datenschutzrichtlinie<\/h2>\t\t<\/div>\n\t\t\t\t<\/div>\n\t\t\t\t<div class=\"elementor-element elementor-element-d278826 elementor-widget elementor-widget-text-editor\" data-id=\"d278826\" data-element_type=\"widget\" data-widget_type=\"text-editor.default\">\n\t\t\t\t<div class=\"elementor-widget-container\">\n\t\t\t\t\t\t\t<p>Wenn wir uns entscheiden, unsere Datenschutzrichtlinie zu \u00e4ndern, werden wir diese \u00c4nderungen auf dieser Seite ver\u00f6ffentlichen.<\/p>\n\t\t\t\t\t\t<\/div>\n\t\t\t\t<\/div>\n\t\t\t\t\t<\/div>\n\t\t<\/div>\n\t\t\t\t\t<\/div>\n\t\t<\/section>\n\t\t\t\t<\/div>\n\t\t","protected":false},"excerpt":{"rendered":"<p>Datenschutzbestimmungen Datenschutzbestimmungen HOME \/ DUBAI WASSERSPORT BLOG ZU EPISCHEN ABENTEUERN Welche Informationen sammeln wir? Wir sammeln Informationen \u00fcber Sie, wenn Sie eine Aktivit\u00e4t buchen oder wenn Sie unseren Newsletter abonnieren. Wenn Sie auf unserer Website bestellen, werden Sie aufgefordert, Ihren Namen, Ihre E-Mail-Adresse, Ihre Postanschrift, Ihre Telefonnummer und Ihre Kreditkarte anzugeben. Sie k\u00f6nnen unsere Website [&hellip;]<\/p>\n","protected":false},"author":1004,"featured_media":0,"parent":0,"menu_order":0,"comment_status":"closed","ping_status":"closed","template":"elementor_header_footer","meta":{"_acf_changed":false,"inline_featured_image":false,"_uf_show_specific_survey":0,"_uf_disable_surveys":false,"footnotes":""},"class_list":["post-31223","page","type-page","status-publish","hentry"],"acf":[],"yoast_head":"<!-- This site is optimized with the Yoast SEO plugin v27.3 - https:\/\/yoast.com\/product\/yoast-seo-wordpress\/ -->\n<title>Datenschutzbestimmungen SeaRide Dubai<\/title>\n<meta name=\"description\" content=\"SeaRide Dubai h\u00e4lt sich streng an die Datenschutzrichtlinien. Die gesammelten Kundendaten werden nur dann f\u00fcr Werbeaktionen verwendet, wenn der Kunde sich daf\u00fcr angemeldet hat.\" \/>\n<meta name=\"robots\" content=\"index, follow, max-snippet:-1, max-image-preview:large, max-video-preview:-1\" \/>\n<link rel=\"canonical\" href=\"https:\/\/searide-dubai.com\/de\/datenschutzbestimmungen\/\" \/>\n<meta property=\"og:locale\" content=\"de_DE\" \/>\n<meta property=\"og:type\" content=\"article\" \/>\n<meta property=\"og:title\" content=\"Datenschutzbestimmungen SeaRide Dubai\" \/>\n<meta property=\"og:description\" content=\"SeaRide Dubai h\u00e4lt sich streng an die Datenschutzrichtlinien. Die gesammelten Kundendaten werden nur dann f\u00fcr Werbeaktionen verwendet, wenn der Kunde sich daf\u00fcr angemeldet hat.\" \/>\n<meta property=\"og:url\" content=\"https:\/\/searide-dubai.com\/de\/datenschutzbestimmungen\/\" \/>\n<meta property=\"og:site_name\" content=\"Searide Dubai Jet Ski , Efoil, Watersports Rentals Dubai\" \/>\n<meta property=\"article:modified_time\" content=\"2024-09-06T06:03:07+00:00\" \/>\n<meta name=\"twitter:card\" content=\"summary_large_image\" \/>\n<meta name=\"twitter:label1\" content=\"Gesch\u00e4tzte Lesezeit\" \/>\n\t<meta name=\"twitter:data1\" content=\"3\u00a0Minuten\" \/>\n<script type=\"application\/ld+json\" class=\"yoast-schema-graph\">{\"@context\":\"https:\\\/\\\/schema.org\",\"@graph\":[{\"@type\":\"WebPage\",\"@id\":\"https:\\\/\\\/searide-dubai.com\\\/de\\\/datenschutzbestimmungen\\\/\",\"url\":\"https:\\\/\\\/searide-dubai.com\\\/de\\\/datenschutzbestimmungen\\\/\",\"name\":\"Datenschutzbestimmungen SeaRide Dubai\",\"isPartOf\":{\"@id\":\"https:\\\/\\\/searide-dubai.com\\\/de\\\/#website\"},\"datePublished\":\"2024-01-23T09:43:42+00:00\",\"dateModified\":\"2024-09-06T06:03:07+00:00\",\"description\":\"SeaRide Dubai h\u00e4lt sich streng an die Datenschutzrichtlinien. Die gesammelten Kundendaten werden nur dann f\u00fcr Werbeaktionen verwendet, wenn der Kunde sich daf\u00fcr angemeldet hat.\",\"breadcrumb\":{\"@id\":\"https:\\\/\\\/searide-dubai.com\\\/de\\\/datenschutzbestimmungen\\\/#breadcrumb\"},\"inLanguage\":\"de\",\"potentialAction\":[{\"@type\":\"ReadAction\",\"target\":[\"https:\\\/\\\/searide-dubai.com\\\/de\\\/datenschutzbestimmungen\\\/\"]}]},{\"@type\":\"BreadcrumbList\",\"@id\":\"https:\\\/\\\/searide-dubai.com\\\/de\\\/datenschutzbestimmungen\\\/#breadcrumb\",\"itemListElement\":[{\"@type\":\"ListItem\",\"position\":1,\"name\":\"Home\",\"item\":\"https:\\\/\\\/searide-dubai.com\\\/de\\\/homenew\\\/\"},{\"@type\":\"ListItem\",\"position\":2,\"name\":\"Datenschutzbestimmungen\"}]},{\"@type\":\"WebSite\",\"@id\":\"https:\\\/\\\/searide-dubai.com\\\/de\\\/#website\",\"url\":\"https:\\\/\\\/searide-dubai.com\\\/de\\\/\",\"name\":\"Searide Dubai Jet Ski , Efoil, Watersports Rentals Dubai\",\"description\":\"Dubai&#039;s First JetSki Rental Dubai\",\"publisher\":{\"@id\":\"https:\\\/\\\/searide-dubai.com\\\/de\\\/#organization\"},\"potentialAction\":[{\"@type\":\"SearchAction\",\"target\":{\"@type\":\"EntryPoint\",\"urlTemplate\":\"https:\\\/\\\/searide-dubai.com\\\/de\\\/?s={search_term_string}\"},\"query-input\":{\"@type\":\"PropertyValueSpecification\",\"valueRequired\":true,\"valueName\":\"search_term_string\"}}],\"inLanguage\":\"de\"},{\"@type\":\"Organization\",\"@id\":\"https:\\\/\\\/searide-dubai.com\\\/de\\\/#organization\",\"name\":\"Searide Dubai Jet Ski , Efoil, Watersports Rentals Dubai\",\"url\":\"https:\\\/\\\/searide-dubai.com\\\/de\\\/\",\"logo\":{\"@type\":\"ImageObject\",\"inLanguage\":\"de\",\"@id\":\"https:\\\/\\\/searide-dubai.com\\\/de\\\/#\\\/schema\\\/logo\\\/image\\\/\",\"url\":\"https:\\\/\\\/searide-dubai.com\\\/wp-content\\\/uploads\\\/2021\\\/12\\\/SEARIDE-LOGO.png\",\"contentUrl\":\"https:\\\/\\\/searide-dubai.com\\\/wp-content\\\/uploads\\\/2021\\\/12\\\/SEARIDE-LOGO.png\",\"width\":500,\"height\":223,\"caption\":\"Searide Dubai Jet Ski , Efoil, Watersports Rentals Dubai\"},\"image\":{\"@id\":\"https:\\\/\\\/searide-dubai.com\\\/de\\\/#\\\/schema\\\/logo\\\/image\\\/\"}}]}<\/script>\n<!-- \/ Yoast SEO plugin. -->","yoast_head_json":{"title":"Datenschutzbestimmungen SeaRide Dubai","description":"SeaRide Dubai h\u00e4lt sich streng an die Datenschutzrichtlinien. Die gesammelten Kundendaten werden nur dann f\u00fcr Werbeaktionen verwendet, wenn der Kunde sich daf\u00fcr angemeldet hat.","robots":{"index":"index","follow":"follow","max-snippet":"max-snippet:-1","max-image-preview":"max-image-preview:large","max-video-preview":"max-video-preview:-1"},"canonical":"https:\/\/searide-dubai.com\/de\/datenschutzbestimmungen\/","og_locale":"de_DE","og_type":"article","og_title":"Datenschutzbestimmungen SeaRide Dubai","og_description":"SeaRide Dubai h\u00e4lt sich streng an die Datenschutzrichtlinien. Die gesammelten Kundendaten werden nur dann f\u00fcr Werbeaktionen verwendet, wenn der Kunde sich daf\u00fcr angemeldet hat.","og_url":"https:\/\/searide-dubai.com\/de\/datenschutzbestimmungen\/","og_site_name":"Searide Dubai Jet Ski , Efoil, Watersports Rentals Dubai","article_modified_time":"2024-09-06T06:03:07+00:00","twitter_card":"summary_large_image","twitter_misc":{"Gesch\u00e4tzte Lesezeit":"3\u00a0Minuten"},"schema":{"@context":"https:\/\/schema.org","@graph":[{"@type":"WebPage","@id":"https:\/\/searide-dubai.com\/de\/datenschutzbestimmungen\/","url":"https:\/\/searide-dubai.com\/de\/datenschutzbestimmungen\/","name":"Datenschutzbestimmungen SeaRide Dubai","isPartOf":{"@id":"https:\/\/searide-dubai.com\/de\/#website"},"datePublished":"2024-01-23T09:43:42+00:00","dateModified":"2024-09-06T06:03:07+00:00","description":"SeaRide Dubai h\u00e4lt sich streng an die Datenschutzrichtlinien. Die gesammelten Kundendaten werden nur dann f\u00fcr Werbeaktionen verwendet, wenn der Kunde sich daf\u00fcr angemeldet hat.","breadcrumb":{"@id":"https:\/\/searide-dubai.com\/de\/datenschutzbestimmungen\/#breadcrumb"},"inLanguage":"de","potentialAction":[{"@type":"ReadAction","target":["https:\/\/searide-dubai.com\/de\/datenschutzbestimmungen\/"]}]},{"@type":"BreadcrumbList","@id":"https:\/\/searide-dubai.com\/de\/datenschutzbestimmungen\/#breadcrumb","itemListElement":[{"@type":"ListItem","position":1,"name":"Home","item":"https:\/\/searide-dubai.com\/de\/homenew\/"},{"@type":"ListItem","position":2,"name":"Datenschutzbestimmungen"}]},{"@type":"WebSite","@id":"https:\/\/searide-dubai.com\/de\/#website","url":"https:\/\/searide-dubai.com\/de\/","name":"Searide Dubai Jet Ski , Efoil, Watersports Rentals Dubai","description":"Dubai&#039;s First JetSki Rental Dubai","publisher":{"@id":"https:\/\/searide-dubai.com\/de\/#organization"},"potentialAction":[{"@type":"SearchAction","target":{"@type":"EntryPoint","urlTemplate":"https:\/\/searide-dubai.com\/de\/?s={search_term_string}"},"query-input":{"@type":"PropertyValueSpecification","valueRequired":true,"valueName":"search_term_string"}}],"inLanguage":"de"},{"@type":"Organization","@id":"https:\/\/searide-dubai.com\/de\/#organization","name":"Searide Dubai Jet Ski , Efoil, Watersports Rentals Dubai","url":"https:\/\/searide-dubai.com\/de\/","logo":{"@type":"ImageObject","inLanguage":"de","@id":"https:\/\/searide-dubai.com\/de\/#\/schema\/logo\/image\/","url":"https:\/\/searide-dubai.com\/wp-content\/uploads\/2021\/12\/SEARIDE-LOGO.png","contentUrl":"https:\/\/searide-dubai.com\/wp-content\/uploads\/2021\/12\/SEARIDE-LOGO.png","width":500,"height":223,"caption":"Searide Dubai Jet Ski , Efoil, Watersports Rentals Dubai"},"image":{"@id":"https:\/\/searide-dubai.com\/de\/#\/schema\/logo\/image\/"}}]}},"_links":{"self":[{"href":"https:\/\/searide-dubai.com\/de\/wp-json\/wp\/v2\/pages\/31223","targetHints":{"allow":["GET"]}}],"collection":[{"href":"https:\/\/searide-dubai.com\/de\/wp-json\/wp\/v2\/pages"}],"about":[{"href":"https:\/\/searide-dubai.com\/de\/wp-json\/wp\/v2\/types\/page"}],"author":[{"embeddable":true,"href":"https:\/\/searide-dubai.com\/de\/wp-json\/wp\/v2\/users\/1004"}],"replies":[{"embeddable":true,"href":"https:\/\/searide-dubai.com\/de\/wp-json\/wp\/v2\/comments?post=31223"}],"version-history":[{"count":1,"href":"https:\/\/searide-dubai.com\/de\/wp-json\/wp\/v2\/pages\/31223\/revisions"}],"predecessor-version":[{"id":31224,"href":"https:\/\/searide-dubai.com\/de\/wp-json\/wp\/v2\/pages\/31223\/revisions\/31224"}],"wp:attachment":[{"href":"https:\/\/searide-dubai.com\/de\/wp-json\/wp\/v2\/media?parent=31223"}],"curies":[{"name":"wp","href":"https:\/\/api.w.org\/{rel}","templated":true}]}}