{"id":27109,"date":"2023-07-24T19:21:32","date_gmt":"2023-07-24T15:21:32","guid":{"rendered":"https:\/\/searide-dubai.com\/product\/2-stunden-jetski-tour-atlantis\/"},"modified":"2024-06-02T23:40:48","modified_gmt":"2024-06-02T19:40:48","slug":"2-stunden-jetski-tour-atlantis","status":"publish","type":"product","link":"https:\/\/searide-dubai.com\/de\/produkt\/2-stunden-jetski-tour-atlantis\/","title":{"rendered":"2 STUNDEN JETSKI-TOUR &#8211; ATLANTIS"},"content":{"rendered":"\t\t<div data-elementor-type=\"product-post\" data-elementor-id=\"27109\" class=\"elementor elementor-27109 elementor-11185\" data-elementor-post-type=\"product\">\n\t\t\t\t\t\t<section data-particle_enable=\"false\" data-particle-mobile-disabled=\"false\" class=\"elementor-section elementor-top-section elementor-element elementor-element-de00b0f elementor-section-boxed elementor-section-height-default elementor-section-height-default\" data-id=\"de00b0f\" data-element_type=\"section\">\n\t\t\t\t\t\t<div class=\"elementor-container elementor-column-gap-default\">\n\t\t\t\t\t<div class=\"elementor-column elementor-col-100 elementor-top-column elementor-element elementor-element-f303353\" data-id=\"f303353\" data-element_type=\"column\">\n\t\t\t<div class=\"elementor-widget-wrap elementor-element-populated\">\n\t\t\t\t\t\t<div class=\"elementor-element elementor-element-18904b4 elementor-widget elementor-widget-text-editor\" data-id=\"18904b4\" data-element_type=\"widget\" data-widget_type=\"text-editor.default\">\n\t\t\t\t<div class=\"elementor-widget-container\">\n\t\t\t\t\t\t\t<p>2 Stunden sind eine lange Zeitspanne f\u00fcr ein befriedigendes Wasserabenteuer, das von einer spektakul\u00e4ren Aussicht gekr\u00f6nt wird. Die 2-st\u00fcndige Jetski-Tour von Searide Dubai ist nicht nur eine Jetski-Fahrt, sondern auch die Chance, das ikonische Palm Atlantis vom Meer aus mit einem JetSki aus n\u00e4chster N\u00e4he zu betrachten. Ein Konzentrat aus Spa\u00df, Geschwindigkeit und Adrenalin, beaufsichtigt von unseren erfahrenen Instruktoren.<\/p>\n<p><strong>Praktische Informationen<\/strong><\/p>\n<ul>\n<li>Kostenloses und gesichertes Parken<\/li>\n<li>Umkleideraum und Schlie\u00dff\u00e4cher<\/li>\n<li>Dusche<\/li>\n<li>\u00d6ffentliche Str\u00e4nde in der N\u00e4he<\/li>\n<\/ul>\n<p><strong>Bedingungen<\/strong><\/p>\n<ul>\n<li>Kunden m\u00fcssen \u00fcber 16 Jahre alt sein (Piloten) bzw. 12 Jahre (Passagiere) und ihren Reisepass bei sich haben, da sie sonst keine Ausr\u00fcstung mieten k\u00f6nnen.<\/li>\n<li>1 JetSki pro Person f\u00fcr Personen \u00fcber 100 kg<\/li>\n<li>Kunden m\u00fcssen perfekt schwimmen k\u00f6nnen<\/li>\n<\/ul>\n<p><strong>SeaRide beh\u00e4lt sich au\u00dferdem das Recht vor, eine Reservierung zu stornieren, insbesondere bei Wind, schlechtem Wetter, schlechter Sicht oder einem beh\u00f6rdlichen Abfahrtsverbot (automatische Stornierung). Bitte informieren Sie uns im Falle einer Versp\u00e4tung oder Stornierung telefonisch, per SMS oder per E-Mail.<\/strong><\/p>\n\t\t\t\t\t\t<\/div>\n\t\t\t\t<\/div>\n\t\t\t\t\t<\/div>\n\t\t<\/div>\n\t\t\t\t\t<\/div>\n\t\t<\/section>\n\t\t\t\t<section data-particle_enable=\"false\" data-particle-mobile-disabled=\"false\" class=\"elementor-section elementor-top-section elementor-element elementor-element-1fea3aee elementor-section-boxed elementor-section-height-default elementor-section-height-default\" data-id=\"1fea3aee\" data-element_type=\"section\">\n\t\t\t\t\t\t<div class=\"elementor-container elementor-column-gap-default\">\n\t\t\t\t\t<div class=\"elementor-column elementor-col-100 elementor-top-column elementor-element elementor-element-2d1e629a\" data-id=\"2d1e629a\" data-element_type=\"column\">\n\t\t\t<div class=\"elementor-widget-wrap elementor-element-populated\">\n\t\t\t\t\t\t<div class=\"elementor-element elementor-element-57a74819 elementor-widget elementor-widget-text-editor\" data-id=\"57a74819\" data-element_type=\"widget\" data-widget_type=\"text-editor.default\">\n\t\t\t\t<div class=\"elementor-widget-container\">\n\t\t\t\t\t\t\t<img fetchpriority=\"high\" decoding=\"async\" class=\"size-medium wp-image-13019 aligncenter\" src=\"https:\/\/searide-dubai.com\/wp-content\/uploads\/2024\/01\/atlantis-copie-300x205.png\" alt=\"ein Mann posiert auf einem gelben Jetski vor der Palme Atlantis Dubai\" width=\"300\" height=\"205\" srcset=\"https:\/\/searide-dubai.com\/wp-content\/uploads\/2024\/01\/atlantis-copie-300x205.png 300w, https:\/\/searide-dubai.com\/wp-content\/uploads\/2024\/01\/atlantis-copie-1024x701.png 1024w, https:\/\/searide-dubai.com\/wp-content\/uploads\/2024\/01\/atlantis-copie-768x526.png 768w, https:\/\/searide-dubai.com\/wp-content\/uploads\/2024\/01\/atlantis-copie-1536x1052.png 1536w, https:\/\/searide-dubai.com\/wp-content\/uploads\/2024\/01\/atlantis-copie-2048x1402.png 2048w, https:\/\/searide-dubai.com\/wp-content\/uploads\/2024\/01\/atlantis-copie-600x411.png 600w\" sizes=\"(max-width: 300px) 100vw, 300px\" \/>\n\nErleben Sie Dubais ikonisches Wahrzeichen Palm Atlantis aus einer aufregenden Perspektive, wenn Sie auf unserer 2-st\u00fcndigen Jetski-Tour &#8211; Atlantis mitfahren. Diese speziell angefertigte Jetski-Fahrt nimmt Sie mit auf eine unvergessliche Reise rund um das pr\u00e4chtige Atlantis, The Palm.\n\n<strong>Dieses immersive Erlebnis bietet:<\/strong>\n\nZwei volle Stunden aufregendes Jet Skiing: Tauchen Sie ein in den Rausch, w\u00e4hrend Sie durch das t\u00fcrkisfarbene Wasser fahren, die Gischt des Meeres sp\u00fcren und perfekte Momente festhalten. Atemberaubende Ausblicke auf Atlantis: Erleben Sie dieses architektonische Meisterwerk aus n\u00e4chster N\u00e4he und fangen Sie atemberaubende Panoramen von einem einzigartigen Aussichtspunkt ein. Fachkundige F\u00fchrung und erstklassige Ausr\u00fcstung: Unsere erfahrenen Guides sorgen f\u00fcr Ihre Sicherheit und Ihren Komfort und stellen Ihnen die besten Jetskis f\u00fcr eine reibungslose und aufregende Fahrt zur Verf\u00fcgung.\n\nDiese exklusive und ausgedehnte 2-st\u00fcndige Jetski-Tour &#8211; Atlantis ist perfekt f\u00fcr Abenteurer, die sich nach einem Adrenalinkick sehnen, f\u00fcr Fotografen, die atemberaubende Ausblicke auf Dubais ikonische Wahrzeichen suchen, und einfach f\u00fcr jeden, der ein unvergessliches Erlebnis im Herzen von Dubai sucht.\n\nBuchen Sie noch heute Ihre 2-st\u00fcndige Tour durch Atlantis und entdecken Sie den Zauber von Dubai aus einer ganz neuen Perspektive!\t\t\t\t\t\t<\/div>\n\t\t\t\t<\/div>\n\t\t\t\t\t<\/div>\n\t\t<\/div>\n\t\t\t\t\t<\/div>\n\t\t<\/section>\n\t\t\t\t<\/div>\n\t\t","protected":false},"excerpt":{"rendered":"<p>2 Stunden sind eine lange Zeitspanne f\u00fcr ein befriedigendes Wasserabenteuer, das von einer spektakul\u00e4ren Aussicht gekr\u00f6nt wird. Die 2-st\u00fcndige Jetski-Tour von Searide Dubai ist nicht nur eine Jetski-Fahrt, sondern auch die Chance, das ikonische Palm Atlantis vom Meer aus mit einem JetSki aus n\u00e4chster N\u00e4he zu betrachten. Ein Konzentrat aus Spa\u00df, Geschwindigkeit und Adrenalin, beaufsichtigt [&hellip;]<\/p>\n","protected":false},"featured_media":26252,"comment_status":"closed","ping_status":"closed","template":"","meta":{"_acf_changed":false,"inline_featured_image":false,"_uf_show_specific_survey":0,"_uf_disable_surveys":false},"product_cat":[177],"product_tag":[],"class_list":{"0":"post-27109","1":"product","2":"type-product","3":"status-publish","4":"has-post-thumbnail","6":"product_cat-jet-ski-in-dubai-de","8":"first","9":"instock","10":"virtual","11":"purchasable","12":"product-type-simple"},"acf":[],"yoast_head":"<!-- This site is optimized with the Yoast SEO plugin v27.3 - https:\/\/yoast.com\/product\/yoast-seo-wordpress\/ -->\n<title>2 STUNDEN JETSKI-TOUR - ATLANTIS - Searide Dubai Jet Ski , Efoil, Watersports Rentals Dubai<\/title>\n<meta name=\"robots\" content=\"index, follow, max-snippet:-1, max-image-preview:large, max-video-preview:-1\" \/>\n<link rel=\"canonical\" href=\"https:\/\/searide-dubai.com\/de\/produkt\/2-stunden-jetski-tour-atlantis\/\" \/>\n<meta property=\"og:locale\" content=\"de_DE\" \/>\n<meta property=\"og:type\" content=\"article\" \/>\n<meta property=\"og:title\" content=\"2 STUNDEN JETSKI-TOUR - ATLANTIS - Searide Dubai Jet Ski , Efoil, Watersports Rentals Dubai\" \/>\n<meta property=\"og:description\" content=\"2 Stunden sind eine lange Zeitspanne f\u00fcr ein befriedigendes Wasserabenteuer, das von einer spektakul\u00e4ren Aussicht gekr\u00f6nt wird. Die 2-st\u00fcndige Jetski-Tour von Searide Dubai ist nicht nur eine Jetski-Fahrt, sondern auch die Chance, das ikonische Palm Atlantis vom Meer aus mit einem JetSki aus n\u00e4chster N\u00e4he zu betrachten. Ein Konzentrat aus Spa\u00df, Geschwindigkeit und Adrenalin, beaufsichtigt [&hellip;]\" \/>\n<meta property=\"og:url\" content=\"https:\/\/searide-dubai.com\/de\/produkt\/2-stunden-jetski-tour-atlantis\/\" \/>\n<meta property=\"og:site_name\" content=\"Searide Dubai Jet Ski , Efoil, Watersports Rentals Dubai\" \/>\n<meta property=\"article:modified_time\" content=\"2024-06-02T19:40:48+00:00\" \/>\n<meta property=\"og:image\" content=\"https:\/\/searide-dubai.com\/wp-content\/uploads\/2024\/01\/atlantis-copie-1024x701.png\" \/>\n\t<meta property=\"og:image:width\" content=\"1024\" \/>\n\t<meta property=\"og:image:height\" content=\"701\" \/>\n\t<meta property=\"og:image:type\" content=\"image\/png\" \/>\n<meta name=\"twitter:card\" content=\"summary_large_image\" \/>\n<meta name=\"twitter:label1\" content=\"Gesch\u00e4tzte Lesezeit\" \/>\n\t<meta name=\"twitter:data1\" content=\"2\u00a0Minuten\" \/>\n<script type=\"application\/ld+json\" class=\"yoast-schema-graph\">{\"@context\":\"https:\\\/\\\/schema.org\",\"@graph\":[{\"@type\":\"WebPage\",\"@id\":\"https:\\\/\\\/searide-dubai.com\\\/de\\\/produkt\\\/2-stunden-jetski-tour-atlantis\\\/\",\"url\":\"https:\\\/\\\/searide-dubai.com\\\/de\\\/produkt\\\/2-stunden-jetski-tour-atlantis\\\/\",\"name\":\"2 STUNDEN JETSKI-TOUR - ATLANTIS - Searide Dubai Jet Ski , Efoil, Watersports Rentals Dubai\",\"isPartOf\":{\"@id\":\"https:\\\/\\\/searide-dubai.com\\\/de\\\/#website\"},\"primaryImageOfPage\":{\"@id\":\"https:\\\/\\\/searide-dubai.com\\\/de\\\/produkt\\\/2-stunden-jetski-tour-atlantis\\\/#primaryimage\"},\"image\":{\"@id\":\"https:\\\/\\\/searide-dubai.com\\\/de\\\/produkt\\\/2-stunden-jetski-tour-atlantis\\\/#primaryimage\"},\"thumbnailUrl\":\"https:\\\/\\\/searide-dubai.com\\\/wp-content\\\/uploads\\\/2024\\\/01\\\/atlantis-copie.png\",\"datePublished\":\"2023-07-24T15:21:32+00:00\",\"dateModified\":\"2024-06-02T19:40:48+00:00\",\"breadcrumb\":{\"@id\":\"https:\\\/\\\/searide-dubai.com\\\/de\\\/produkt\\\/2-stunden-jetski-tour-atlantis\\\/#breadcrumb\"},\"inLanguage\":\"de\",\"potentialAction\":[{\"@type\":\"ReadAction\",\"target\":[\"https:\\\/\\\/searide-dubai.com\\\/de\\\/produkt\\\/2-stunden-jetski-tour-atlantis\\\/\"]}]},{\"@type\":\"ImageObject\",\"inLanguage\":\"de\",\"@id\":\"https:\\\/\\\/searide-dubai.com\\\/de\\\/produkt\\\/2-stunden-jetski-tour-atlantis\\\/#primaryimage\",\"url\":\"https:\\\/\\\/searide-dubai.com\\\/wp-content\\\/uploads\\\/2024\\\/01\\\/atlantis-copie.png\",\"contentUrl\":\"https:\\\/\\\/searide-dubai.com\\\/wp-content\\\/uploads\\\/2024\\\/01\\\/atlantis-copie.png\",\"width\":2560,\"height\":1753},{\"@type\":\"BreadcrumbList\",\"@id\":\"https:\\\/\\\/searide-dubai.com\\\/de\\\/produkt\\\/2-stunden-jetski-tour-atlantis\\\/#breadcrumb\",\"itemListElement\":[{\"@type\":\"ListItem\",\"position\":1,\"name\":\"Home\",\"item\":\"https:\\\/\\\/searide-dubai.com\\\/de\\\/homenew\\\/\"},{\"@type\":\"ListItem\",\"position\":2,\"name\":\"Searide Dubai Gesch\u00e4ft\",\"item\":\"https:\\\/\\\/searide-dubai.com\\\/de\\\/searide-dubai-geschaeft\\\/\"},{\"@type\":\"ListItem\",\"position\":3,\"name\":\"2 STUNDEN JETSKI-TOUR &#8211; ATLANTIS\"}]},{\"@type\":\"WebSite\",\"@id\":\"https:\\\/\\\/searide-dubai.com\\\/de\\\/#website\",\"url\":\"https:\\\/\\\/searide-dubai.com\\\/de\\\/\",\"name\":\"Searide Dubai Jet Ski , Efoil, Watersports Rentals Dubai\",\"description\":\"Dubai&#039;s First JetSki Rental Dubai\",\"publisher\":{\"@id\":\"https:\\\/\\\/searide-dubai.com\\\/de\\\/#organization\"},\"potentialAction\":[{\"@type\":\"SearchAction\",\"target\":{\"@type\":\"EntryPoint\",\"urlTemplate\":\"https:\\\/\\\/searide-dubai.com\\\/de\\\/?s={search_term_string}\"},\"query-input\":{\"@type\":\"PropertyValueSpecification\",\"valueRequired\":true,\"valueName\":\"search_term_string\"}}],\"inLanguage\":\"de\"},{\"@type\":\"Organization\",\"@id\":\"https:\\\/\\\/searide-dubai.com\\\/de\\\/#organization\",\"name\":\"Searide Dubai Jet Ski , Efoil, Watersports Rentals Dubai\",\"url\":\"https:\\\/\\\/searide-dubai.com\\\/de\\\/\",\"logo\":{\"@type\":\"ImageObject\",\"inLanguage\":\"de\",\"@id\":\"https:\\\/\\\/searide-dubai.com\\\/de\\\/#\\\/schema\\\/logo\\\/image\\\/\",\"url\":\"https:\\\/\\\/searide-dubai.com\\\/wp-content\\\/uploads\\\/2021\\\/12\\\/SEARIDE-LOGO.png\",\"contentUrl\":\"https:\\\/\\\/searide-dubai.com\\\/wp-content\\\/uploads\\\/2021\\\/12\\\/SEARIDE-LOGO.png\",\"width\":500,\"height\":223,\"caption\":\"Searide Dubai Jet Ski , Efoil, Watersports Rentals Dubai\"},\"image\":{\"@id\":\"https:\\\/\\\/searide-dubai.com\\\/de\\\/#\\\/schema\\\/logo\\\/image\\\/\"}}]}<\/script>\n<!-- \/ Yoast SEO plugin. -->","yoast_head_json":{"title":"2 STUNDEN JETSKI-TOUR - ATLANTIS - Searide Dubai Jet Ski , Efoil, Watersports Rentals Dubai","robots":{"index":"index","follow":"follow","max-snippet":"max-snippet:-1","max-image-preview":"max-image-preview:large","max-video-preview":"max-video-preview:-1"},"canonical":"https:\/\/searide-dubai.com\/de\/produkt\/2-stunden-jetski-tour-atlantis\/","og_locale":"de_DE","og_type":"article","og_title":"2 STUNDEN JETSKI-TOUR - ATLANTIS - Searide Dubai Jet Ski , Efoil, Watersports Rentals Dubai","og_description":"2 Stunden sind eine lange Zeitspanne f\u00fcr ein befriedigendes Wasserabenteuer, das von einer spektakul\u00e4ren Aussicht gekr\u00f6nt wird. Die 2-st\u00fcndige Jetski-Tour von Searide Dubai ist nicht nur eine Jetski-Fahrt, sondern auch die Chance, das ikonische Palm Atlantis vom Meer aus mit einem JetSki aus n\u00e4chster N\u00e4he zu betrachten. Ein Konzentrat aus Spa\u00df, Geschwindigkeit und Adrenalin, beaufsichtigt [&hellip;]","og_url":"https:\/\/searide-dubai.com\/de\/produkt\/2-stunden-jetski-tour-atlantis\/","og_site_name":"Searide Dubai Jet Ski , Efoil, Watersports Rentals Dubai","article_modified_time":"2024-06-02T19:40:48+00:00","og_image":[{"width":1024,"height":701,"url":"https:\/\/searide-dubai.com\/wp-content\/uploads\/2024\/01\/atlantis-copie-1024x701.png","type":"image\/png"}],"twitter_card":"summary_large_image","twitter_misc":{"Gesch\u00e4tzte Lesezeit":"2\u00a0Minuten"},"schema":{"@context":"https:\/\/schema.org","@graph":[{"@type":"WebPage","@id":"https:\/\/searide-dubai.com\/de\/produkt\/2-stunden-jetski-tour-atlantis\/","url":"https:\/\/searide-dubai.com\/de\/produkt\/2-stunden-jetski-tour-atlantis\/","name":"2 STUNDEN JETSKI-TOUR - ATLANTIS - Searide Dubai Jet Ski , Efoil, Watersports Rentals Dubai","isPartOf":{"@id":"https:\/\/searide-dubai.com\/de\/#website"},"primaryImageOfPage":{"@id":"https:\/\/searide-dubai.com\/de\/produkt\/2-stunden-jetski-tour-atlantis\/#primaryimage"},"image":{"@id":"https:\/\/searide-dubai.com\/de\/produkt\/2-stunden-jetski-tour-atlantis\/#primaryimage"},"thumbnailUrl":"https:\/\/searide-dubai.com\/wp-content\/uploads\/2024\/01\/atlantis-copie.png","datePublished":"2023-07-24T15:21:32+00:00","dateModified":"2024-06-02T19:40:48+00:00","breadcrumb":{"@id":"https:\/\/searide-dubai.com\/de\/produkt\/2-stunden-jetski-tour-atlantis\/#breadcrumb"},"inLanguage":"de","potentialAction":[{"@type":"ReadAction","target":["https:\/\/searide-dubai.com\/de\/produkt\/2-stunden-jetski-tour-atlantis\/"]}]},{"@type":"ImageObject","inLanguage":"de","@id":"https:\/\/searide-dubai.com\/de\/produkt\/2-stunden-jetski-tour-atlantis\/#primaryimage","url":"https:\/\/searide-dubai.com\/wp-content\/uploads\/2024\/01\/atlantis-copie.png","contentUrl":"https:\/\/searide-dubai.com\/wp-content\/uploads\/2024\/01\/atlantis-copie.png","width":2560,"height":1753},{"@type":"BreadcrumbList","@id":"https:\/\/searide-dubai.com\/de\/produkt\/2-stunden-jetski-tour-atlantis\/#breadcrumb","itemListElement":[{"@type":"ListItem","position":1,"name":"Home","item":"https:\/\/searide-dubai.com\/de\/homenew\/"},{"@type":"ListItem","position":2,"name":"Searide Dubai Gesch\u00e4ft","item":"https:\/\/searide-dubai.com\/de\/searide-dubai-geschaeft\/"},{"@type":"ListItem","position":3,"name":"2 STUNDEN JETSKI-TOUR &#8211; ATLANTIS"}]},{"@type":"WebSite","@id":"https:\/\/searide-dubai.com\/de\/#website","url":"https:\/\/searide-dubai.com\/de\/","name":"Searide Dubai Jet Ski , Efoil, Watersports Rentals Dubai","description":"Dubai&#039;s First JetSki Rental Dubai","publisher":{"@id":"https:\/\/searide-dubai.com\/de\/#organization"},"potentialAction":[{"@type":"SearchAction","target":{"@type":"EntryPoint","urlTemplate":"https:\/\/searide-dubai.com\/de\/?s={search_term_string}"},"query-input":{"@type":"PropertyValueSpecification","valueRequired":true,"valueName":"search_term_string"}}],"inLanguage":"de"},{"@type":"Organization","@id":"https:\/\/searide-dubai.com\/de\/#organization","name":"Searide Dubai Jet Ski , Efoil, Watersports Rentals Dubai","url":"https:\/\/searide-dubai.com\/de\/","logo":{"@type":"ImageObject","inLanguage":"de","@id":"https:\/\/searide-dubai.com\/de\/#\/schema\/logo\/image\/","url":"https:\/\/searide-dubai.com\/wp-content\/uploads\/2021\/12\/SEARIDE-LOGO.png","contentUrl":"https:\/\/searide-dubai.com\/wp-content\/uploads\/2021\/12\/SEARIDE-LOGO.png","width":500,"height":223,"caption":"Searide Dubai Jet Ski , Efoil, Watersports Rentals Dubai"},"image":{"@id":"https:\/\/searide-dubai.com\/de\/#\/schema\/logo\/image\/"}}]}},"_links":{"self":[{"href":"https:\/\/searide-dubai.com\/de\/wp-json\/wp\/v2\/product\/27109","targetHints":{"allow":["GET"]}}],"collection":[{"href":"https:\/\/searide-dubai.com\/de\/wp-json\/wp\/v2\/product"}],"about":[{"href":"https:\/\/searide-dubai.com\/de\/wp-json\/wp\/v2\/types\/product"}],"replies":[{"embeddable":true,"href":"https:\/\/searide-dubai.com\/de\/wp-json\/wp\/v2\/comments?post=27109"}],"version-history":[{"count":1,"href":"https:\/\/searide-dubai.com\/de\/wp-json\/wp\/v2\/product\/27109\/revisions"}],"predecessor-version":[{"id":27112,"href":"https:\/\/searide-dubai.com\/de\/wp-json\/wp\/v2\/product\/27109\/revisions\/27112"}],"wp:featuredmedia":[{"embeddable":true,"href":"https:\/\/searide-dubai.com\/de\/wp-json\/wp\/v2\/media\/26252"}],"wp:attachment":[{"href":"https:\/\/searide-dubai.com\/de\/wp-json\/wp\/v2\/media?parent=27109"}],"wp:term":[{"taxonomy":"product_cat","embeddable":true,"href":"https:\/\/searide-dubai.com\/de\/wp-json\/wp\/v2\/product_cat?post=27109"},{"taxonomy":"product_tag","embeddable":true,"href":"https:\/\/searide-dubai.com\/de\/wp-json\/wp\/v2\/product_tag?post=27109"}],"curies":[{"name":"wp","href":"https:\/\/api.w.org\/{rel}","templated":true}]}}