{"id":27573,"date":"2024-02-15T15:50:45","date_gmt":"2024-02-15T11:50:45","guid":{"rendered":"https:\/\/searide-dubai.com\/product\/30-minutiges-jetpack-abenteuer\/"},"modified":"2024-02-15T15:50:45","modified_gmt":"2024-02-15T11:50:45","slug":"30-minutiges-jetpack-abenteuer","status":"publish","type":"product","link":"https:\/\/searide-dubai.com\/de\/produkt\/30-minutiges-jetpack-abenteuer\/","title":{"rendered":"30-MIN\u00dcTIGES JETPACK-ABENTEUER"},"content":{"rendered":"<p>Erweitern Sie Ihren Dubai-Trip mit diesem exklusiven Jetpack-Wassersportabenteuer! Sie brauchen keine Vorkenntnisse &#8211; nur eine fachkundige Anleitung und die Kraft des Wasserantriebs, die Sie zu einem unvergesslichen Erlebnis f\u00fchrt.<\/p>\n<div class=\"description-card\">\n<p><strong>Praktische Informationen<\/strong><\/p>\n<ul>\n<li>Kostenloser &amp; sicherer Parkplatz<\/li>\n<li>Schlie\u00dff\u00e4cher und ein Umkleidebereich<\/li>\n<li>Dusche<\/li>\n<li>\u00d6ffentliche Str\u00e4nde in der N\u00e4he<\/li>\n<li>Kostenloses Trinkwasser in Flaschen<\/li>\n<li>Kostenloses Handtuch<\/li>\n<\/ul>\n<\/div>\n<p><strong>Bedingungen:<\/strong><\/p>\n<ul>\n<li>Kunden m\u00fcssen \u00fcber 16 Jahre alt sein<\/li>\n<li>Kunden m\u00fcssen ihren Reisepass dabei haben.<\/li>\n<li>Die Kunden m\u00fcssen gute Schwimmer sein.<\/li>\n<\/ul>\n<p>SeaRide beh\u00e4lt sich au\u00dferdem das Recht vor, eine Reservierung zu stornieren, insbesondere bei Wind, schlechtem Wetter, schlechter Sicht oder einem beh\u00f6rdlichen Abfahrtsverbot (automatische Stornierung). Bitte informieren Sie uns im Falle einer Versp\u00e4tung oder Stornierung telefonisch, per SMS oder per E-Mail.<\/p>\n","protected":false},"excerpt":{"rendered":"<p>Erweitern Sie Ihren Dubai-Trip mit diesem exklusiven Jetpack-Wassersportabenteuer! Sie brauchen keine Vorkenntnisse &#8211; nur eine fachkundige Anleitung und die Kraft des Wasserantriebs, die Sie zu einem unvergesslichen Erlebnis f\u00fchrt. Praktische Informationen Kostenloser &amp; sicherer Parkplatz Schlie\u00dff\u00e4cher und ein Umkleidebereich Dusche \u00d6ffentliche Str\u00e4nde in der N\u00e4he Kostenloses Trinkwasser in Flaschen Kostenloses Handtuch Bedingungen: Kunden m\u00fcssen \u00fcber [&hellip;]<\/p>\n","protected":false},"featured_media":27574,"comment_status":"closed","ping_status":"closed","template":"","meta":{"_acf_changed":false,"inline_featured_image":false,"_uf_show_specific_survey":0,"_uf_disable_surveys":false},"product_cat":[],"product_tag":[],"class_list":{"0":"post-27573","1":"product","2":"type-product","3":"status-publish","4":"has-post-thumbnail","7":"first","8":"instock","9":"virtual","10":"purchasable","11":"product-type-simple"},"acf":[],"yoast_head":"<!-- This site is optimized with the Yoast SEO plugin v27.3 - https:\/\/yoast.com\/product\/yoast-seo-wordpress\/ -->\n<title>30 Minuten Jetpack-Wassersport in Dubai - Sea Ride Dubai<\/title>\n<meta name=\"description\" content=\"Genie\u00dfen Sie 30 Minuten Jetpack-Wassersport in Dubai! Erleben Sie atemberaubende Aussichten, die \u00dcberwindung der Schwerkraft, adrenalingeladenen Nervenkitzel und fachkundige Betreuung.\" \/>\n<meta name=\"robots\" content=\"index, follow, max-snippet:-1, max-image-preview:large, max-video-preview:-1\" \/>\n<link rel=\"canonical\" href=\"https:\/\/searide-dubai.com\/de\/produkt\/30-minutiges-jetpack-abenteuer\/\" \/>\n<meta property=\"og:locale\" content=\"de_DE\" \/>\n<meta property=\"og:type\" content=\"article\" \/>\n<meta property=\"og:title\" content=\"30 Minuten Jetpack-Wassersport in Dubai - Sea Ride Dubai\" \/>\n<meta property=\"og:description\" content=\"Genie\u00dfen Sie 30 Minuten Jetpack-Wassersport in Dubai! Erleben Sie atemberaubende Aussichten, die \u00dcberwindung der Schwerkraft, adrenalingeladenen Nervenkitzel und fachkundige Betreuung.\" \/>\n<meta property=\"og:url\" content=\"https:\/\/searide-dubai.com\/de\/produkt\/30-minutiges-jetpack-abenteuer\/\" \/>\n<meta property=\"og:site_name\" content=\"Searide Dubai Jet Ski , Efoil, Watersports Rentals Dubai\" \/>\n<meta property=\"og:image\" content=\"https:\/\/searide-dubai.com\/wp-content\/uploads\/2024\/02\/Jetpack-Product-Photo.jpeg\" \/>\n\t<meta property=\"og:image:width\" content=\"1517\" \/>\n\t<meta property=\"og:image:height\" content=\"1100\" \/>\n\t<meta property=\"og:image:type\" content=\"image\/jpeg\" \/>\n<meta name=\"twitter:card\" content=\"summary_large_image\" \/>\n<meta name=\"twitter:label1\" content=\"Gesch\u00e4tzte Lesezeit\" \/>\n\t<meta name=\"twitter:data1\" content=\"1\u00a0Minute\" \/>\n<script type=\"application\/ld+json\" class=\"yoast-schema-graph\">{\"@context\":\"https:\\\/\\\/schema.org\",\"@graph\":[{\"@type\":\"WebPage\",\"@id\":\"https:\\\/\\\/searide-dubai.com\\\/de\\\/produkt\\\/30-minutiges-jetpack-abenteuer\\\/\",\"url\":\"https:\\\/\\\/searide-dubai.com\\\/de\\\/produkt\\\/30-minutiges-jetpack-abenteuer\\\/\",\"name\":\"30 Minuten Jetpack-Wassersport in Dubai - Sea Ride Dubai\",\"isPartOf\":{\"@id\":\"https:\\\/\\\/searide-dubai.com\\\/de\\\/#website\"},\"primaryImageOfPage\":{\"@id\":\"https:\\\/\\\/searide-dubai.com\\\/de\\\/produkt\\\/30-minutiges-jetpack-abenteuer\\\/#primaryimage\"},\"image\":{\"@id\":\"https:\\\/\\\/searide-dubai.com\\\/de\\\/produkt\\\/30-minutiges-jetpack-abenteuer\\\/#primaryimage\"},\"thumbnailUrl\":\"https:\\\/\\\/searide-dubai.com\\\/wp-content\\\/uploads\\\/2024\\\/02\\\/Jetpack-Product-Photo.jpeg\",\"datePublished\":\"2024-02-15T11:50:45+00:00\",\"description\":\"Genie\u00dfen Sie 30 Minuten Jetpack-Wassersport in Dubai! Erleben Sie atemberaubende Aussichten, die \u00dcberwindung der Schwerkraft, adrenalingeladenen Nervenkitzel und fachkundige Betreuung.\",\"breadcrumb\":{\"@id\":\"https:\\\/\\\/searide-dubai.com\\\/de\\\/produkt\\\/30-minutiges-jetpack-abenteuer\\\/#breadcrumb\"},\"inLanguage\":\"de\",\"potentialAction\":[{\"@type\":\"ReadAction\",\"target\":[\"https:\\\/\\\/searide-dubai.com\\\/de\\\/produkt\\\/30-minutiges-jetpack-abenteuer\\\/\"]}]},{\"@type\":\"ImageObject\",\"inLanguage\":\"de\",\"@id\":\"https:\\\/\\\/searide-dubai.com\\\/de\\\/produkt\\\/30-minutiges-jetpack-abenteuer\\\/#primaryimage\",\"url\":\"https:\\\/\\\/searide-dubai.com\\\/wp-content\\\/uploads\\\/2024\\\/02\\\/Jetpack-Product-Photo.jpeg\",\"contentUrl\":\"https:\\\/\\\/searide-dubai.com\\\/wp-content\\\/uploads\\\/2024\\\/02\\\/Jetpack-Product-Photo.jpeg\",\"width\":1517,\"height\":1100},{\"@type\":\"BreadcrumbList\",\"@id\":\"https:\\\/\\\/searide-dubai.com\\\/de\\\/produkt\\\/30-minutiges-jetpack-abenteuer\\\/#breadcrumb\",\"itemListElement\":[{\"@type\":\"ListItem\",\"position\":1,\"name\":\"Home\",\"item\":\"https:\\\/\\\/searide-dubai.com\\\/de\\\/homenew\\\/\"},{\"@type\":\"ListItem\",\"position\":2,\"name\":\"Searide Dubai Gesch\u00e4ft\",\"item\":\"https:\\\/\\\/searide-dubai.com\\\/de\\\/searide-dubai-geschaeft\\\/\"},{\"@type\":\"ListItem\",\"position\":3,\"name\":\"30-MIN\u00dcTIGES JETPACK-ABENTEUER\"}]},{\"@type\":\"WebSite\",\"@id\":\"https:\\\/\\\/searide-dubai.com\\\/de\\\/#website\",\"url\":\"https:\\\/\\\/searide-dubai.com\\\/de\\\/\",\"name\":\"Searide Dubai Jet Ski , Efoil, Watersports Rentals Dubai\",\"description\":\"Dubai&#039;s First JetSki Rental Dubai\",\"publisher\":{\"@id\":\"https:\\\/\\\/searide-dubai.com\\\/de\\\/#organization\"},\"potentialAction\":[{\"@type\":\"SearchAction\",\"target\":{\"@type\":\"EntryPoint\",\"urlTemplate\":\"https:\\\/\\\/searide-dubai.com\\\/de\\\/?s={search_term_string}\"},\"query-input\":{\"@type\":\"PropertyValueSpecification\",\"valueRequired\":true,\"valueName\":\"search_term_string\"}}],\"inLanguage\":\"de\"},{\"@type\":\"Organization\",\"@id\":\"https:\\\/\\\/searide-dubai.com\\\/de\\\/#organization\",\"name\":\"Searide Dubai Jet Ski , Efoil, Watersports Rentals Dubai\",\"url\":\"https:\\\/\\\/searide-dubai.com\\\/de\\\/\",\"logo\":{\"@type\":\"ImageObject\",\"inLanguage\":\"de\",\"@id\":\"https:\\\/\\\/searide-dubai.com\\\/de\\\/#\\\/schema\\\/logo\\\/image\\\/\",\"url\":\"https:\\\/\\\/searide-dubai.com\\\/wp-content\\\/uploads\\\/2021\\\/12\\\/SEARIDE-LOGO.png\",\"contentUrl\":\"https:\\\/\\\/searide-dubai.com\\\/wp-content\\\/uploads\\\/2021\\\/12\\\/SEARIDE-LOGO.png\",\"width\":500,\"height\":223,\"caption\":\"Searide Dubai Jet Ski , Efoil, Watersports Rentals Dubai\"},\"image\":{\"@id\":\"https:\\\/\\\/searide-dubai.com\\\/de\\\/#\\\/schema\\\/logo\\\/image\\\/\"}}]}<\/script>\n<!-- \/ Yoast SEO plugin. -->","yoast_head_json":{"title":"30 Minuten Jetpack-Wassersport in Dubai - Sea Ride Dubai","description":"Genie\u00dfen Sie 30 Minuten Jetpack-Wassersport in Dubai! Erleben Sie atemberaubende Aussichten, die \u00dcberwindung der Schwerkraft, adrenalingeladenen Nervenkitzel und fachkundige Betreuung.","robots":{"index":"index","follow":"follow","max-snippet":"max-snippet:-1","max-image-preview":"max-image-preview:large","max-video-preview":"max-video-preview:-1"},"canonical":"https:\/\/searide-dubai.com\/de\/produkt\/30-minutiges-jetpack-abenteuer\/","og_locale":"de_DE","og_type":"article","og_title":"30 Minuten Jetpack-Wassersport in Dubai - Sea Ride Dubai","og_description":"Genie\u00dfen Sie 30 Minuten Jetpack-Wassersport in Dubai! Erleben Sie atemberaubende Aussichten, die \u00dcberwindung der Schwerkraft, adrenalingeladenen Nervenkitzel und fachkundige Betreuung.","og_url":"https:\/\/searide-dubai.com\/de\/produkt\/30-minutiges-jetpack-abenteuer\/","og_site_name":"Searide Dubai Jet Ski , Efoil, Watersports Rentals Dubai","og_image":[{"width":1517,"height":1100,"url":"https:\/\/searide-dubai.com\/wp-content\/uploads\/2024\/02\/Jetpack-Product-Photo.jpeg","type":"image\/jpeg"}],"twitter_card":"summary_large_image","twitter_misc":{"Gesch\u00e4tzte Lesezeit":"1\u00a0Minute"},"schema":{"@context":"https:\/\/schema.org","@graph":[{"@type":"WebPage","@id":"https:\/\/searide-dubai.com\/de\/produkt\/30-minutiges-jetpack-abenteuer\/","url":"https:\/\/searide-dubai.com\/de\/produkt\/30-minutiges-jetpack-abenteuer\/","name":"30 Minuten Jetpack-Wassersport in Dubai - Sea Ride Dubai","isPartOf":{"@id":"https:\/\/searide-dubai.com\/de\/#website"},"primaryImageOfPage":{"@id":"https:\/\/searide-dubai.com\/de\/produkt\/30-minutiges-jetpack-abenteuer\/#primaryimage"},"image":{"@id":"https:\/\/searide-dubai.com\/de\/produkt\/30-minutiges-jetpack-abenteuer\/#primaryimage"},"thumbnailUrl":"https:\/\/searide-dubai.com\/wp-content\/uploads\/2024\/02\/Jetpack-Product-Photo.jpeg","datePublished":"2024-02-15T11:50:45+00:00","description":"Genie\u00dfen Sie 30 Minuten Jetpack-Wassersport in Dubai! Erleben Sie atemberaubende Aussichten, die \u00dcberwindung der Schwerkraft, adrenalingeladenen Nervenkitzel und fachkundige Betreuung.","breadcrumb":{"@id":"https:\/\/searide-dubai.com\/de\/produkt\/30-minutiges-jetpack-abenteuer\/#breadcrumb"},"inLanguage":"de","potentialAction":[{"@type":"ReadAction","target":["https:\/\/searide-dubai.com\/de\/produkt\/30-minutiges-jetpack-abenteuer\/"]}]},{"@type":"ImageObject","inLanguage":"de","@id":"https:\/\/searide-dubai.com\/de\/produkt\/30-minutiges-jetpack-abenteuer\/#primaryimage","url":"https:\/\/searide-dubai.com\/wp-content\/uploads\/2024\/02\/Jetpack-Product-Photo.jpeg","contentUrl":"https:\/\/searide-dubai.com\/wp-content\/uploads\/2024\/02\/Jetpack-Product-Photo.jpeg","width":1517,"height":1100},{"@type":"BreadcrumbList","@id":"https:\/\/searide-dubai.com\/de\/produkt\/30-minutiges-jetpack-abenteuer\/#breadcrumb","itemListElement":[{"@type":"ListItem","position":1,"name":"Home","item":"https:\/\/searide-dubai.com\/de\/homenew\/"},{"@type":"ListItem","position":2,"name":"Searide Dubai Gesch\u00e4ft","item":"https:\/\/searide-dubai.com\/de\/searide-dubai-geschaeft\/"},{"@type":"ListItem","position":3,"name":"30-MIN\u00dcTIGES JETPACK-ABENTEUER"}]},{"@type":"WebSite","@id":"https:\/\/searide-dubai.com\/de\/#website","url":"https:\/\/searide-dubai.com\/de\/","name":"Searide Dubai Jet Ski , Efoil, Watersports Rentals Dubai","description":"Dubai&#039;s First JetSki Rental Dubai","publisher":{"@id":"https:\/\/searide-dubai.com\/de\/#organization"},"potentialAction":[{"@type":"SearchAction","target":{"@type":"EntryPoint","urlTemplate":"https:\/\/searide-dubai.com\/de\/?s={search_term_string}"},"query-input":{"@type":"PropertyValueSpecification","valueRequired":true,"valueName":"search_term_string"}}],"inLanguage":"de"},{"@type":"Organization","@id":"https:\/\/searide-dubai.com\/de\/#organization","name":"Searide Dubai Jet Ski , Efoil, Watersports Rentals Dubai","url":"https:\/\/searide-dubai.com\/de\/","logo":{"@type":"ImageObject","inLanguage":"de","@id":"https:\/\/searide-dubai.com\/de\/#\/schema\/logo\/image\/","url":"https:\/\/searide-dubai.com\/wp-content\/uploads\/2021\/12\/SEARIDE-LOGO.png","contentUrl":"https:\/\/searide-dubai.com\/wp-content\/uploads\/2021\/12\/SEARIDE-LOGO.png","width":500,"height":223,"caption":"Searide Dubai Jet Ski , Efoil, Watersports Rentals Dubai"},"image":{"@id":"https:\/\/searide-dubai.com\/de\/#\/schema\/logo\/image\/"}}]}},"_links":{"self":[{"href":"https:\/\/searide-dubai.com\/de\/wp-json\/wp\/v2\/product\/27573","targetHints":{"allow":["GET"]}}],"collection":[{"href":"https:\/\/searide-dubai.com\/de\/wp-json\/wp\/v2\/product"}],"about":[{"href":"https:\/\/searide-dubai.com\/de\/wp-json\/wp\/v2\/types\/product"}],"replies":[{"embeddable":true,"href":"https:\/\/searide-dubai.com\/de\/wp-json\/wp\/v2\/comments?post=27573"}],"version-history":[{"count":0,"href":"https:\/\/searide-dubai.com\/de\/wp-json\/wp\/v2\/product\/27573\/revisions"}],"wp:featuredmedia":[{"embeddable":true,"href":"https:\/\/searide-dubai.com\/de\/wp-json\/wp\/v2\/media\/27574"}],"wp:attachment":[{"href":"https:\/\/searide-dubai.com\/de\/wp-json\/wp\/v2\/media?parent=27573"}],"wp:term":[{"taxonomy":"product_cat","embeddable":true,"href":"https:\/\/searide-dubai.com\/de\/wp-json\/wp\/v2\/product_cat?post=27573"},{"taxonomy":"product_tag","embeddable":true,"href":"https:\/\/searide-dubai.com\/de\/wp-json\/wp\/v2\/product_tag?post=27573"}],"curies":[{"name":"wp","href":"https:\/\/api.w.org\/{rel}","templated":true}]}}