{"id":27629,"date":"2024-02-15T15:07:22","date_gmt":"2024-02-15T11:07:22","guid":{"rendered":"https:\/\/searide-dubai.com\/product\/yachtvermietung\/"},"modified":"2024-06-03T20:30:47","modified_gmt":"2024-06-03T16:30:47","slug":"yachtvermietung","status":"publish","type":"product","link":"https:\/\/searide-dubai.com\/de\/produkt\/yachtvermietung\/","title":{"rendered":"YACHTVERMIETUNG"},"content":{"rendered":"\t\t<div data-elementor-type=\"product-post\" data-elementor-id=\"27629\" class=\"elementor elementor-27629 elementor-17332\" data-elementor-post-type=\"product\">\n\t\t\t\t\t\t<section data-particle_enable=\"false\" data-particle-mobile-disabled=\"false\" class=\"elementor-section elementor-top-section elementor-element elementor-element-144e0dbc elementor-section-boxed elementor-section-height-default elementor-section-height-default\" data-id=\"144e0dbc\" data-element_type=\"section\">\n\t\t\t\t\t\t<div class=\"elementor-container elementor-column-gap-default\">\n\t\t\t\t\t<div class=\"elementor-column elementor-col-100 elementor-top-column elementor-element elementor-element-546b2cf2\" data-id=\"546b2cf2\" data-element_type=\"column\">\n\t\t\t<div class=\"elementor-widget-wrap elementor-element-populated\">\n\t\t\t\t\t\t<div class=\"elementor-element elementor-element-491b8bf7 elementor-widget elementor-widget-text-editor\" data-id=\"491b8bf7\" data-element_type=\"widget\" data-widget_type=\"text-editor.default\">\n\t\t\t\t<div class=\"elementor-widget-container\">\n\t\t\t\t\t\t\t<p data-sourcepos=\"1:1-1:256\">Dubai winkt. Entfliehen Sie dem Alltag an Bord der Black Diamond, einem Meisterwerk der Opulenz. Gleiten Sie durch t\u00fcrkisfarbenes Wasser, genie\u00dfen Sie kulinarische K\u00f6stlichkeiten und erfreuen Sie sich an atemberaubenden Aussichten. Ihr individueller Luxus erwartet Sie.  <\/p>\n<div class=\"description-card\">\n<p><strong>Praktische Informationen<\/strong><\/p>\n<ul>\n<li>Kostenloser &amp; sicherer Parkplatz<\/li>\n<li>Schlie\u00dff\u00e4cher und ein Umkleidebereich<\/li>\n<li>Dusche<\/li>\n<li>\u00d6ffentliche Str\u00e4nde in der N\u00e4he<\/li>\n<li>Kostenloses Trinkwasser in Flaschen<\/li>\n<li>Kostenloses Handtuch<\/li>\n<\/ul>\n<\/div>\n<p><strong>Bedingungen:<\/strong><\/p>\n<ul>\n<li>Kunden m\u00fcssen ihre P\u00e4sse mitbringen<br \/>Kunden m\u00fcssen gute Schwimmer sein<\/li>\n<\/ul>\n<p><strong>SeaRide beh\u00e4lt sich au\u00dferdem das Recht vor, eine Reservierung zu stornieren, insbesondere bei Wind, schlechtem Wetter, schlechter Sicht oder einem beh\u00f6rdlichen Abfahrtsverbot (automatische Stornierung). Bitte informieren Sie uns im Falle einer Versp\u00e4tung oder Stornierung telefonisch, per SMS oder per E-Mail.<\/strong><\/p>\n\t\t\t\t\t\t<\/div>\n\t\t\t\t<\/div>\n\t\t\t\t\t<\/div>\n\t\t<\/div>\n\t\t\t\t\t<\/div>\n\t\t<\/section>\n\t\t\t\t<\/div>\n\t\t","protected":false},"excerpt":{"rendered":"<p>Dubai winkt. Entfliehen Sie dem Alltag an Bord der Black Diamond, einem Meisterwerk der Opulenz. Gleiten Sie durch t\u00fcrkisfarbenes Wasser, genie\u00dfen Sie kulinarische K\u00f6stlichkeiten und erfreuen Sie sich an atemberaubenden Aussichten. Ihr individueller Luxus erwartet Sie. Praktische Informationen Kostenloser &amp; sicherer Parkplatz Schlie\u00dff\u00e4cher und ein Umkleidebereich Dusche \u00d6ffentliche Str\u00e4nde in der N\u00e4he Kostenloses Trinkwasser in [&hellip;]<\/p>\n","protected":false},"featured_media":30911,"comment_status":"closed","ping_status":"closed","template":"","meta":{"_acf_changed":false,"inline_featured_image":false,"_uf_show_specific_survey":0,"_uf_disable_surveys":false},"product_cat":[195],"product_tag":[],"class_list":{"0":"post-27629","1":"product","2":"type-product","3":"status-publish","4":"has-post-thumbnail","6":"product_cat-dubai-bootsverleih","8":"first","9":"instock","10":"virtual","11":"purchasable","12":"product-type-simple"},"acf":[],"yoast_head":"<!-- This site is optimized with the Yoast SEO plugin v27.3 - https:\/\/yoast.com\/product\/yoast-seo-wordpress\/ -->\n<title>Yachtvermietung in Dubai - Sea Ride Dubai<\/title>\n<meta name=\"description\" content=\"Sichern Sie sich Ihren Platz auf unserer Mietjacht in Dubai f\u00fcr ein unvergessliches Abenteuer. Buchen Sie jetzt mit Sea Ride Dubai und machen Sie sich bereit, ikonische Aussichten zu erleben.\" \/>\n<meta name=\"robots\" content=\"index, follow, max-snippet:-1, max-image-preview:large, max-video-preview:-1\" \/>\n<link rel=\"canonical\" href=\"https:\/\/searide-dubai.com\/de\/produkt\/yachtvermietung\/\" \/>\n<meta property=\"og:locale\" content=\"de_DE\" \/>\n<meta property=\"og:type\" content=\"article\" \/>\n<meta property=\"og:title\" content=\"Yachtvermietung in Dubai - Sea Ride Dubai\" \/>\n<meta property=\"og:description\" content=\"Sichern Sie sich Ihren Platz auf unserer Mietjacht in Dubai f\u00fcr ein unvergessliches Abenteuer. Buchen Sie jetzt mit Sea Ride Dubai und machen Sie sich bereit, ikonische Aussichten zu erleben.\" \/>\n<meta property=\"og:url\" content=\"https:\/\/searide-dubai.com\/de\/produkt\/yachtvermietung\/\" \/>\n<meta property=\"og:site_name\" content=\"Searide Dubai Jet Ski , Efoil, Watersports Rentals Dubai\" \/>\n<meta property=\"article:modified_time\" content=\"2024-06-03T16:30:47+00:00\" \/>\n<meta property=\"og:image\" content=\"https:\/\/searide-dubai.com\/wp-content\/uploads\/2024\/02\/Yacht-768x513-1.jpg\" \/>\n\t<meta property=\"og:image:width\" content=\"768\" \/>\n\t<meta property=\"og:image:height\" content=\"513\" \/>\n\t<meta property=\"og:image:type\" content=\"image\/jpeg\" \/>\n<meta name=\"twitter:card\" content=\"summary_large_image\" \/>\n<meta name=\"twitter:label1\" content=\"Gesch\u00e4tzte Lesezeit\" \/>\n\t<meta name=\"twitter:data1\" content=\"1\u00a0Minute\" \/>\n<script type=\"application\/ld+json\" class=\"yoast-schema-graph\">{\"@context\":\"https:\\\/\\\/schema.org\",\"@graph\":[{\"@type\":\"WebPage\",\"@id\":\"https:\\\/\\\/searide-dubai.com\\\/de\\\/produkt\\\/yachtvermietung\\\/\",\"url\":\"https:\\\/\\\/searide-dubai.com\\\/de\\\/produkt\\\/yachtvermietung\\\/\",\"name\":\"Yachtvermietung in Dubai - Sea Ride Dubai\",\"isPartOf\":{\"@id\":\"https:\\\/\\\/searide-dubai.com\\\/de\\\/#website\"},\"primaryImageOfPage\":{\"@id\":\"https:\\\/\\\/searide-dubai.com\\\/de\\\/produkt\\\/yachtvermietung\\\/#primaryimage\"},\"image\":{\"@id\":\"https:\\\/\\\/searide-dubai.com\\\/de\\\/produkt\\\/yachtvermietung\\\/#primaryimage\"},\"thumbnailUrl\":\"https:\\\/\\\/searide-dubai.com\\\/wp-content\\\/uploads\\\/2024\\\/02\\\/Yacht-768x513-1.jpg\",\"datePublished\":\"2024-02-15T11:07:22+00:00\",\"dateModified\":\"2024-06-03T16:30:47+00:00\",\"description\":\"Sichern Sie sich Ihren Platz auf unserer Mietjacht in Dubai f\u00fcr ein unvergessliches Abenteuer. Buchen Sie jetzt mit Sea Ride Dubai und machen Sie sich bereit, ikonische Aussichten zu erleben.\",\"breadcrumb\":{\"@id\":\"https:\\\/\\\/searide-dubai.com\\\/de\\\/produkt\\\/yachtvermietung\\\/#breadcrumb\"},\"inLanguage\":\"de\",\"potentialAction\":[{\"@type\":\"ReadAction\",\"target\":[\"https:\\\/\\\/searide-dubai.com\\\/de\\\/produkt\\\/yachtvermietung\\\/\"]}]},{\"@type\":\"ImageObject\",\"inLanguage\":\"de\",\"@id\":\"https:\\\/\\\/searide-dubai.com\\\/de\\\/produkt\\\/yachtvermietung\\\/#primaryimage\",\"url\":\"https:\\\/\\\/searide-dubai.com\\\/wp-content\\\/uploads\\\/2024\\\/02\\\/Yacht-768x513-1.jpg\",\"contentUrl\":\"https:\\\/\\\/searide-dubai.com\\\/wp-content\\\/uploads\\\/2024\\\/02\\\/Yacht-768x513-1.jpg\",\"width\":768,\"height\":513},{\"@type\":\"BreadcrumbList\",\"@id\":\"https:\\\/\\\/searide-dubai.com\\\/de\\\/produkt\\\/yachtvermietung\\\/#breadcrumb\",\"itemListElement\":[{\"@type\":\"ListItem\",\"position\":1,\"name\":\"Home\",\"item\":\"https:\\\/\\\/searide-dubai.com\\\/de\\\/homenew\\\/\"},{\"@type\":\"ListItem\",\"position\":2,\"name\":\"Searide Dubai Gesch\u00e4ft\",\"item\":\"https:\\\/\\\/searide-dubai.com\\\/de\\\/searide-dubai-geschaeft\\\/\"},{\"@type\":\"ListItem\",\"position\":3,\"name\":\"YACHTVERMIETUNG\"}]},{\"@type\":\"WebSite\",\"@id\":\"https:\\\/\\\/searide-dubai.com\\\/de\\\/#website\",\"url\":\"https:\\\/\\\/searide-dubai.com\\\/de\\\/\",\"name\":\"Searide Dubai Jet Ski , Efoil, Watersports Rentals Dubai\",\"description\":\"Dubai&#039;s First JetSki Rental Dubai\",\"publisher\":{\"@id\":\"https:\\\/\\\/searide-dubai.com\\\/de\\\/#organization\"},\"potentialAction\":[{\"@type\":\"SearchAction\",\"target\":{\"@type\":\"EntryPoint\",\"urlTemplate\":\"https:\\\/\\\/searide-dubai.com\\\/de\\\/?s={search_term_string}\"},\"query-input\":{\"@type\":\"PropertyValueSpecification\",\"valueRequired\":true,\"valueName\":\"search_term_string\"}}],\"inLanguage\":\"de\"},{\"@type\":\"Organization\",\"@id\":\"https:\\\/\\\/searide-dubai.com\\\/de\\\/#organization\",\"name\":\"Searide Dubai Jet Ski , Efoil, Watersports Rentals Dubai\",\"url\":\"https:\\\/\\\/searide-dubai.com\\\/de\\\/\",\"logo\":{\"@type\":\"ImageObject\",\"inLanguage\":\"de\",\"@id\":\"https:\\\/\\\/searide-dubai.com\\\/de\\\/#\\\/schema\\\/logo\\\/image\\\/\",\"url\":\"https:\\\/\\\/searide-dubai.com\\\/wp-content\\\/uploads\\\/2021\\\/12\\\/SEARIDE-LOGO.png\",\"contentUrl\":\"https:\\\/\\\/searide-dubai.com\\\/wp-content\\\/uploads\\\/2021\\\/12\\\/SEARIDE-LOGO.png\",\"width\":500,\"height\":223,\"caption\":\"Searide Dubai Jet Ski , Efoil, Watersports Rentals Dubai\"},\"image\":{\"@id\":\"https:\\\/\\\/searide-dubai.com\\\/de\\\/#\\\/schema\\\/logo\\\/image\\\/\"}}]}<\/script>\n<!-- \/ Yoast SEO plugin. -->","yoast_head_json":{"title":"Yachtvermietung in Dubai - Sea Ride Dubai","description":"Sichern Sie sich Ihren Platz auf unserer Mietjacht in Dubai f\u00fcr ein unvergessliches Abenteuer. Buchen Sie jetzt mit Sea Ride Dubai und machen Sie sich bereit, ikonische Aussichten zu erleben.","robots":{"index":"index","follow":"follow","max-snippet":"max-snippet:-1","max-image-preview":"max-image-preview:large","max-video-preview":"max-video-preview:-1"},"canonical":"https:\/\/searide-dubai.com\/de\/produkt\/yachtvermietung\/","og_locale":"de_DE","og_type":"article","og_title":"Yachtvermietung in Dubai - Sea Ride Dubai","og_description":"Sichern Sie sich Ihren Platz auf unserer Mietjacht in Dubai f\u00fcr ein unvergessliches Abenteuer. Buchen Sie jetzt mit Sea Ride Dubai und machen Sie sich bereit, ikonische Aussichten zu erleben.","og_url":"https:\/\/searide-dubai.com\/de\/produkt\/yachtvermietung\/","og_site_name":"Searide Dubai Jet Ski , Efoil, Watersports Rentals Dubai","article_modified_time":"2024-06-03T16:30:47+00:00","og_image":[{"width":768,"height":513,"url":"https:\/\/searide-dubai.com\/wp-content\/uploads\/2024\/02\/Yacht-768x513-1.jpg","type":"image\/jpeg"}],"twitter_card":"summary_large_image","twitter_misc":{"Gesch\u00e4tzte Lesezeit":"1\u00a0Minute"},"schema":{"@context":"https:\/\/schema.org","@graph":[{"@type":"WebPage","@id":"https:\/\/searide-dubai.com\/de\/produkt\/yachtvermietung\/","url":"https:\/\/searide-dubai.com\/de\/produkt\/yachtvermietung\/","name":"Yachtvermietung in Dubai - Sea Ride Dubai","isPartOf":{"@id":"https:\/\/searide-dubai.com\/de\/#website"},"primaryImageOfPage":{"@id":"https:\/\/searide-dubai.com\/de\/produkt\/yachtvermietung\/#primaryimage"},"image":{"@id":"https:\/\/searide-dubai.com\/de\/produkt\/yachtvermietung\/#primaryimage"},"thumbnailUrl":"https:\/\/searide-dubai.com\/wp-content\/uploads\/2024\/02\/Yacht-768x513-1.jpg","datePublished":"2024-02-15T11:07:22+00:00","dateModified":"2024-06-03T16:30:47+00:00","description":"Sichern Sie sich Ihren Platz auf unserer Mietjacht in Dubai f\u00fcr ein unvergessliches Abenteuer. Buchen Sie jetzt mit Sea Ride Dubai und machen Sie sich bereit, ikonische Aussichten zu erleben.","breadcrumb":{"@id":"https:\/\/searide-dubai.com\/de\/produkt\/yachtvermietung\/#breadcrumb"},"inLanguage":"de","potentialAction":[{"@type":"ReadAction","target":["https:\/\/searide-dubai.com\/de\/produkt\/yachtvermietung\/"]}]},{"@type":"ImageObject","inLanguage":"de","@id":"https:\/\/searide-dubai.com\/de\/produkt\/yachtvermietung\/#primaryimage","url":"https:\/\/searide-dubai.com\/wp-content\/uploads\/2024\/02\/Yacht-768x513-1.jpg","contentUrl":"https:\/\/searide-dubai.com\/wp-content\/uploads\/2024\/02\/Yacht-768x513-1.jpg","width":768,"height":513},{"@type":"BreadcrumbList","@id":"https:\/\/searide-dubai.com\/de\/produkt\/yachtvermietung\/#breadcrumb","itemListElement":[{"@type":"ListItem","position":1,"name":"Home","item":"https:\/\/searide-dubai.com\/de\/homenew\/"},{"@type":"ListItem","position":2,"name":"Searide Dubai Gesch\u00e4ft","item":"https:\/\/searide-dubai.com\/de\/searide-dubai-geschaeft\/"},{"@type":"ListItem","position":3,"name":"YACHTVERMIETUNG"}]},{"@type":"WebSite","@id":"https:\/\/searide-dubai.com\/de\/#website","url":"https:\/\/searide-dubai.com\/de\/","name":"Searide Dubai Jet Ski , Efoil, Watersports Rentals Dubai","description":"Dubai&#039;s First JetSki Rental Dubai","publisher":{"@id":"https:\/\/searide-dubai.com\/de\/#organization"},"potentialAction":[{"@type":"SearchAction","target":{"@type":"EntryPoint","urlTemplate":"https:\/\/searide-dubai.com\/de\/?s={search_term_string}"},"query-input":{"@type":"PropertyValueSpecification","valueRequired":true,"valueName":"search_term_string"}}],"inLanguage":"de"},{"@type":"Organization","@id":"https:\/\/searide-dubai.com\/de\/#organization","name":"Searide Dubai Jet Ski , Efoil, Watersports Rentals Dubai","url":"https:\/\/searide-dubai.com\/de\/","logo":{"@type":"ImageObject","inLanguage":"de","@id":"https:\/\/searide-dubai.com\/de\/#\/schema\/logo\/image\/","url":"https:\/\/searide-dubai.com\/wp-content\/uploads\/2021\/12\/SEARIDE-LOGO.png","contentUrl":"https:\/\/searide-dubai.com\/wp-content\/uploads\/2021\/12\/SEARIDE-LOGO.png","width":500,"height":223,"caption":"Searide Dubai Jet Ski , Efoil, Watersports Rentals Dubai"},"image":{"@id":"https:\/\/searide-dubai.com\/de\/#\/schema\/logo\/image\/"}}]}},"_links":{"self":[{"href":"https:\/\/searide-dubai.com\/de\/wp-json\/wp\/v2\/product\/27629","targetHints":{"allow":["GET"]}}],"collection":[{"href":"https:\/\/searide-dubai.com\/de\/wp-json\/wp\/v2\/product"}],"about":[{"href":"https:\/\/searide-dubai.com\/de\/wp-json\/wp\/v2\/types\/product"}],"replies":[{"embeddable":true,"href":"https:\/\/searide-dubai.com\/de\/wp-json\/wp\/v2\/comments?post=27629"}],"version-history":[{"count":3,"href":"https:\/\/searide-dubai.com\/de\/wp-json\/wp\/v2\/product\/27629\/revisions"}],"predecessor-version":[{"id":27634,"href":"https:\/\/searide-dubai.com\/de\/wp-json\/wp\/v2\/product\/27629\/revisions\/27634"}],"wp:featuredmedia":[{"embeddable":true,"href":"https:\/\/searide-dubai.com\/de\/wp-json\/wp\/v2\/media\/30911"}],"wp:attachment":[{"href":"https:\/\/searide-dubai.com\/de\/wp-json\/wp\/v2\/media?parent=27629"}],"wp:term":[{"taxonomy":"product_cat","embeddable":true,"href":"https:\/\/searide-dubai.com\/de\/wp-json\/wp\/v2\/product_cat?post=27629"},{"taxonomy":"product_tag","embeddable":true,"href":"https:\/\/searide-dubai.com\/de\/wp-json\/wp\/v2\/product_tag?post=27629"}],"curies":[{"name":"wp","href":"https:\/\/api.w.org\/{rel}","templated":true}]}}