{"id":27672,"date":"2023-12-23T02:31:34","date_gmt":"2023-12-22T22:31:34","guid":{"rendered":"https:\/\/searide-dubai.com\/product\/schnellboot-42-fus-mieten-in-dubai\/"},"modified":"2023-12-23T02:31:34","modified_gmt":"2023-12-22T22:31:34","slug":"schnellboot-42-fus-mieten-in-dubai","status":"publish","type":"product","link":"https:\/\/searide-dubai.com\/de\/produkt\/schnellboot-42-fus-mieten-in-dubai\/","title":{"rendered":"Schnellboot 42 Fu\u00df mieten in Dubai"},"content":{"rendered":"<p>Erleben Sie den Rausch, mit unserem 42-Fu\u00df-Speedboot \u00fcber die Gew\u00e4sser von Dubai zu segeln. Searide bietet einen unvergleichlichen Blick auf die schillernde Skyline der Innenstadt und den ikonischen Burj Khalifa aus n\u00e4chster N\u00e4he in nur 30 aufregenden Minuten. Halten Sie sich gut fest, w\u00e4hrend unsere erfahrenen Kapit\u00e4ne mit hoher Geschwindigkeit zu den atemberaubenden Sehensw\u00fcrdigkeiten navigieren.<\/p>\n<div class=\"description-card\">\n<p><strong>Praktische Informationen<\/strong><\/p>\n<ul>\n<li>Gesicherte Parkpl\u00e4tze, die kostenlos sind<\/li>\n<li>Schlie\u00dff\u00e4cher und ein Umkleidebereich<\/li>\n<li>Dusche \u00d6ffentliche Str\u00e4nde in der N\u00e4he<\/li>\n<\/ul>\n<\/div>\n<p><strong>Bedingungen:<\/strong><\/p>\n<ul>\n<li>Die Kunden m\u00fcssen \u00fcber 16 Jahre alt sein (Piloten) und 12 Jahre alt (Passagiere), und sie m\u00fcssen ihren Reisepass dabei haben.<\/li>\n<li>F\u00fcr Personen \u00fcber 100 kg, ein JetSki pro Person<\/li>\n<li>Die Kunden m\u00fcssen gute Schwimmer sein.<\/li>\n<\/ul>\n<p>SeaRide beh\u00e4lt sich au\u00dferdem das Recht vor, eine Reservierung zu stornieren, insbesondere bei Wind, schlechtem Wetter, schlechter Sicht oder einem beh\u00f6rdlichen Abfahrtsverbot (automatische Stornierung). Bitte informieren Sie uns im Falle einer Versp\u00e4tung oder Stornierung telefonisch, per SMS oder per E-Mail.<\/p>\n","protected":false},"excerpt":{"rendered":"<p>Erleben Sie den Rausch, mit unserem 42-Fu\u00df-Speedboot \u00fcber die Gew\u00e4sser von Dubai zu segeln. Searide bietet einen unvergleichlichen Blick auf die schillernde Skyline der Innenstadt und den ikonischen Burj Khalifa aus n\u00e4chster N\u00e4he in nur 30 aufregenden Minuten. Halten Sie sich gut fest, w\u00e4hrend unsere erfahrenen Kapit\u00e4ne mit hoher Geschwindigkeit zu den atemberaubenden Sehensw\u00fcrdigkeiten navigieren. [&hellip;]<\/p>\n","protected":false},"featured_media":27678,"comment_status":"closed","ping_status":"closed","template":"","meta":{"_acf_changed":false,"inline_featured_image":false,"_uf_show_specific_survey":0,"_uf_disable_surveys":false},"product_cat":[195],"product_tag":[],"class_list":{"0":"post-27672","1":"product","2":"type-product","3":"status-publish","4":"has-post-thumbnail","6":"product_cat-dubai-bootsverleih","8":"first","9":"instock","10":"virtual","11":"purchasable","12":"product-type-simple"},"acf":[],"yoast_head":"<!-- This site is optimized with the Yoast SEO plugin v27.3 - https:\/\/yoast.com\/product\/yoast-seo-wordpress\/ -->\n<title>Schnellboot 42 Feet | Bestes Schnellboot in Dubai - Sea Ride Dubai<\/title>\n<meta name=\"description\" content=\"Sichern Sie sich Ihren Platz auf unserem 42-Fu\u00df-Speedboot in Dubai f\u00fcr ein unvergessliches Abenteuer. Buchen Sie jetzt mit Sea Ride Dubai und machen Sie sich bereit, ikonische Aussichten zu erleben.\" \/>\n<meta name=\"robots\" content=\"index, follow, max-snippet:-1, max-image-preview:large, max-video-preview:-1\" \/>\n<link rel=\"canonical\" href=\"https:\/\/searide-dubai.com\/de\/produkt\/schnellboot-42-fus-mieten-in-dubai\/\" \/>\n<meta property=\"og:locale\" content=\"de_DE\" \/>\n<meta property=\"og:type\" content=\"article\" \/>\n<meta property=\"og:title\" content=\"Schnellboot 42 Feet | Bestes Schnellboot in Dubai - Sea Ride Dubai\" \/>\n<meta property=\"og:description\" content=\"Sichern Sie sich Ihren Platz auf unserem 42-Fu\u00df-Speedboot in Dubai f\u00fcr ein unvergessliches Abenteuer. Buchen Sie jetzt mit Sea Ride Dubai und machen Sie sich bereit, ikonische Aussichten zu erleben.\" \/>\n<meta property=\"og:url\" content=\"https:\/\/searide-dubai.com\/de\/produkt\/schnellboot-42-fus-mieten-in-dubai\/\" \/>\n<meta property=\"og:site_name\" content=\"Searide Dubai Jet Ski , Efoil, Watersports Rentals Dubai\" \/>\n<meta property=\"og:image\" content=\"https:\/\/searide-dubai.com\/wp-content\/uploads\/2023\/12\/IMG_8303.png\" \/>\n\t<meta property=\"og:image:width\" content=\"1600\" \/>\n\t<meta property=\"og:image:height\" content=\"845\" \/>\n\t<meta property=\"og:image:type\" content=\"image\/png\" \/>\n<meta name=\"twitter:card\" content=\"summary_large_image\" \/>\n<meta name=\"twitter:label1\" content=\"Gesch\u00e4tzte Lesezeit\" \/>\n\t<meta name=\"twitter:data1\" content=\"1\u00a0Minute\" \/>\n<script type=\"application\/ld+json\" class=\"yoast-schema-graph\">{\"@context\":\"https:\\\/\\\/schema.org\",\"@graph\":[{\"@type\":\"WebPage\",\"@id\":\"https:\\\/\\\/searide-dubai.com\\\/de\\\/produkt\\\/schnellboot-42-fus-mieten-in-dubai\\\/\",\"url\":\"https:\\\/\\\/searide-dubai.com\\\/de\\\/produkt\\\/schnellboot-42-fus-mieten-in-dubai\\\/\",\"name\":\"Schnellboot 42 Feet | Bestes Schnellboot in Dubai - Sea Ride Dubai\",\"isPartOf\":{\"@id\":\"https:\\\/\\\/searide-dubai.com\\\/de\\\/#website\"},\"primaryImageOfPage\":{\"@id\":\"https:\\\/\\\/searide-dubai.com\\\/de\\\/produkt\\\/schnellboot-42-fus-mieten-in-dubai\\\/#primaryimage\"},\"image\":{\"@id\":\"https:\\\/\\\/searide-dubai.com\\\/de\\\/produkt\\\/schnellboot-42-fus-mieten-in-dubai\\\/#primaryimage\"},\"thumbnailUrl\":\"https:\\\/\\\/searide-dubai.com\\\/wp-content\\\/uploads\\\/2023\\\/12\\\/IMG_8303.png\",\"datePublished\":\"2023-12-22T22:31:34+00:00\",\"description\":\"Sichern Sie sich Ihren Platz auf unserem 42-Fu\u00df-Speedboot in Dubai f\u00fcr ein unvergessliches Abenteuer. Buchen Sie jetzt mit Sea Ride Dubai und machen Sie sich bereit, ikonische Aussichten zu erleben.\",\"breadcrumb\":{\"@id\":\"https:\\\/\\\/searide-dubai.com\\\/de\\\/produkt\\\/schnellboot-42-fus-mieten-in-dubai\\\/#breadcrumb\"},\"inLanguage\":\"de\",\"potentialAction\":[{\"@type\":\"ReadAction\",\"target\":[\"https:\\\/\\\/searide-dubai.com\\\/de\\\/produkt\\\/schnellboot-42-fus-mieten-in-dubai\\\/\"]}]},{\"@type\":\"ImageObject\",\"inLanguage\":\"de\",\"@id\":\"https:\\\/\\\/searide-dubai.com\\\/de\\\/produkt\\\/schnellboot-42-fus-mieten-in-dubai\\\/#primaryimage\",\"url\":\"https:\\\/\\\/searide-dubai.com\\\/wp-content\\\/uploads\\\/2023\\\/12\\\/IMG_8303.png\",\"contentUrl\":\"https:\\\/\\\/searide-dubai.com\\\/wp-content\\\/uploads\\\/2023\\\/12\\\/IMG_8303.png\",\"width\":1600,\"height\":845},{\"@type\":\"BreadcrumbList\",\"@id\":\"https:\\\/\\\/searide-dubai.com\\\/de\\\/produkt\\\/schnellboot-42-fus-mieten-in-dubai\\\/#breadcrumb\",\"itemListElement\":[{\"@type\":\"ListItem\",\"position\":1,\"name\":\"Home\",\"item\":\"https:\\\/\\\/searide-dubai.com\\\/de\\\/homenew\\\/\"},{\"@type\":\"ListItem\",\"position\":2,\"name\":\"Searide Dubai Gesch\u00e4ft\",\"item\":\"https:\\\/\\\/searide-dubai.com\\\/de\\\/searide-dubai-geschaeft\\\/\"},{\"@type\":\"ListItem\",\"position\":3,\"name\":\"Schnellboot 42 Fu\u00df mieten in Dubai\"}]},{\"@type\":\"WebSite\",\"@id\":\"https:\\\/\\\/searide-dubai.com\\\/de\\\/#website\",\"url\":\"https:\\\/\\\/searide-dubai.com\\\/de\\\/\",\"name\":\"Searide Dubai Jet Ski , Efoil, Watersports Rentals Dubai\",\"description\":\"Dubai&#039;s First JetSki Rental Dubai\",\"publisher\":{\"@id\":\"https:\\\/\\\/searide-dubai.com\\\/de\\\/#organization\"},\"potentialAction\":[{\"@type\":\"SearchAction\",\"target\":{\"@type\":\"EntryPoint\",\"urlTemplate\":\"https:\\\/\\\/searide-dubai.com\\\/de\\\/?s={search_term_string}\"},\"query-input\":{\"@type\":\"PropertyValueSpecification\",\"valueRequired\":true,\"valueName\":\"search_term_string\"}}],\"inLanguage\":\"de\"},{\"@type\":\"Organization\",\"@id\":\"https:\\\/\\\/searide-dubai.com\\\/de\\\/#organization\",\"name\":\"Searide Dubai Jet Ski , Efoil, Watersports Rentals Dubai\",\"url\":\"https:\\\/\\\/searide-dubai.com\\\/de\\\/\",\"logo\":{\"@type\":\"ImageObject\",\"inLanguage\":\"de\",\"@id\":\"https:\\\/\\\/searide-dubai.com\\\/de\\\/#\\\/schema\\\/logo\\\/image\\\/\",\"url\":\"https:\\\/\\\/searide-dubai.com\\\/wp-content\\\/uploads\\\/2021\\\/12\\\/SEARIDE-LOGO.png\",\"contentUrl\":\"https:\\\/\\\/searide-dubai.com\\\/wp-content\\\/uploads\\\/2021\\\/12\\\/SEARIDE-LOGO.png\",\"width\":500,\"height\":223,\"caption\":\"Searide Dubai Jet Ski , Efoil, Watersports Rentals Dubai\"},\"image\":{\"@id\":\"https:\\\/\\\/searide-dubai.com\\\/de\\\/#\\\/schema\\\/logo\\\/image\\\/\"}}]}<\/script>\n<!-- \/ Yoast SEO plugin. -->","yoast_head_json":{"title":"Schnellboot 42 Feet | Bestes Schnellboot in Dubai - Sea Ride Dubai","description":"Sichern Sie sich Ihren Platz auf unserem 42-Fu\u00df-Speedboot in Dubai f\u00fcr ein unvergessliches Abenteuer. Buchen Sie jetzt mit Sea Ride Dubai und machen Sie sich bereit, ikonische Aussichten zu erleben.","robots":{"index":"index","follow":"follow","max-snippet":"max-snippet:-1","max-image-preview":"max-image-preview:large","max-video-preview":"max-video-preview:-1"},"canonical":"https:\/\/searide-dubai.com\/de\/produkt\/schnellboot-42-fus-mieten-in-dubai\/","og_locale":"de_DE","og_type":"article","og_title":"Schnellboot 42 Feet | Bestes Schnellboot in Dubai - Sea Ride Dubai","og_description":"Sichern Sie sich Ihren Platz auf unserem 42-Fu\u00df-Speedboot in Dubai f\u00fcr ein unvergessliches Abenteuer. Buchen Sie jetzt mit Sea Ride Dubai und machen Sie sich bereit, ikonische Aussichten zu erleben.","og_url":"https:\/\/searide-dubai.com\/de\/produkt\/schnellboot-42-fus-mieten-in-dubai\/","og_site_name":"Searide Dubai Jet Ski , Efoil, Watersports Rentals Dubai","og_image":[{"width":1600,"height":845,"url":"https:\/\/searide-dubai.com\/wp-content\/uploads\/2023\/12\/IMG_8303.png","type":"image\/png"}],"twitter_card":"summary_large_image","twitter_misc":{"Gesch\u00e4tzte Lesezeit":"1\u00a0Minute"},"schema":{"@context":"https:\/\/schema.org","@graph":[{"@type":"WebPage","@id":"https:\/\/searide-dubai.com\/de\/produkt\/schnellboot-42-fus-mieten-in-dubai\/","url":"https:\/\/searide-dubai.com\/de\/produkt\/schnellboot-42-fus-mieten-in-dubai\/","name":"Schnellboot 42 Feet | Bestes Schnellboot in Dubai - Sea Ride Dubai","isPartOf":{"@id":"https:\/\/searide-dubai.com\/de\/#website"},"primaryImageOfPage":{"@id":"https:\/\/searide-dubai.com\/de\/produkt\/schnellboot-42-fus-mieten-in-dubai\/#primaryimage"},"image":{"@id":"https:\/\/searide-dubai.com\/de\/produkt\/schnellboot-42-fus-mieten-in-dubai\/#primaryimage"},"thumbnailUrl":"https:\/\/searide-dubai.com\/wp-content\/uploads\/2023\/12\/IMG_8303.png","datePublished":"2023-12-22T22:31:34+00:00","description":"Sichern Sie sich Ihren Platz auf unserem 42-Fu\u00df-Speedboot in Dubai f\u00fcr ein unvergessliches Abenteuer. Buchen Sie jetzt mit Sea Ride Dubai und machen Sie sich bereit, ikonische Aussichten zu erleben.","breadcrumb":{"@id":"https:\/\/searide-dubai.com\/de\/produkt\/schnellboot-42-fus-mieten-in-dubai\/#breadcrumb"},"inLanguage":"de","potentialAction":[{"@type":"ReadAction","target":["https:\/\/searide-dubai.com\/de\/produkt\/schnellboot-42-fus-mieten-in-dubai\/"]}]},{"@type":"ImageObject","inLanguage":"de","@id":"https:\/\/searide-dubai.com\/de\/produkt\/schnellboot-42-fus-mieten-in-dubai\/#primaryimage","url":"https:\/\/searide-dubai.com\/wp-content\/uploads\/2023\/12\/IMG_8303.png","contentUrl":"https:\/\/searide-dubai.com\/wp-content\/uploads\/2023\/12\/IMG_8303.png","width":1600,"height":845},{"@type":"BreadcrumbList","@id":"https:\/\/searide-dubai.com\/de\/produkt\/schnellboot-42-fus-mieten-in-dubai\/#breadcrumb","itemListElement":[{"@type":"ListItem","position":1,"name":"Home","item":"https:\/\/searide-dubai.com\/de\/homenew\/"},{"@type":"ListItem","position":2,"name":"Searide Dubai Gesch\u00e4ft","item":"https:\/\/searide-dubai.com\/de\/searide-dubai-geschaeft\/"},{"@type":"ListItem","position":3,"name":"Schnellboot 42 Fu\u00df mieten in Dubai"}]},{"@type":"WebSite","@id":"https:\/\/searide-dubai.com\/de\/#website","url":"https:\/\/searide-dubai.com\/de\/","name":"Searide Dubai Jet Ski , Efoil, Watersports Rentals Dubai","description":"Dubai&#039;s First JetSki Rental Dubai","publisher":{"@id":"https:\/\/searide-dubai.com\/de\/#organization"},"potentialAction":[{"@type":"SearchAction","target":{"@type":"EntryPoint","urlTemplate":"https:\/\/searide-dubai.com\/de\/?s={search_term_string}"},"query-input":{"@type":"PropertyValueSpecification","valueRequired":true,"valueName":"search_term_string"}}],"inLanguage":"de"},{"@type":"Organization","@id":"https:\/\/searide-dubai.com\/de\/#organization","name":"Searide Dubai Jet Ski , Efoil, Watersports Rentals Dubai","url":"https:\/\/searide-dubai.com\/de\/","logo":{"@type":"ImageObject","inLanguage":"de","@id":"https:\/\/searide-dubai.com\/de\/#\/schema\/logo\/image\/","url":"https:\/\/searide-dubai.com\/wp-content\/uploads\/2021\/12\/SEARIDE-LOGO.png","contentUrl":"https:\/\/searide-dubai.com\/wp-content\/uploads\/2021\/12\/SEARIDE-LOGO.png","width":500,"height":223,"caption":"Searide Dubai Jet Ski , Efoil, Watersports Rentals Dubai"},"image":{"@id":"https:\/\/searide-dubai.com\/de\/#\/schema\/logo\/image\/"}}]}},"_links":{"self":[{"href":"https:\/\/searide-dubai.com\/de\/wp-json\/wp\/v2\/product\/27672","targetHints":{"allow":["GET"]}}],"collection":[{"href":"https:\/\/searide-dubai.com\/de\/wp-json\/wp\/v2\/product"}],"about":[{"href":"https:\/\/searide-dubai.com\/de\/wp-json\/wp\/v2\/types\/product"}],"replies":[{"embeddable":true,"href":"https:\/\/searide-dubai.com\/de\/wp-json\/wp\/v2\/comments?post=27672"}],"version-history":[{"count":0,"href":"https:\/\/searide-dubai.com\/de\/wp-json\/wp\/v2\/product\/27672\/revisions"}],"wp:featuredmedia":[{"embeddable":true,"href":"https:\/\/searide-dubai.com\/de\/wp-json\/wp\/v2\/media\/27678"}],"wp:attachment":[{"href":"https:\/\/searide-dubai.com\/de\/wp-json\/wp\/v2\/media?parent=27672"}],"wp:term":[{"taxonomy":"product_cat","embeddable":true,"href":"https:\/\/searide-dubai.com\/de\/wp-json\/wp\/v2\/product_cat?post=27672"},{"taxonomy":"product_tag","embeddable":true,"href":"https:\/\/searide-dubai.com\/de\/wp-json\/wp\/v2\/product_tag?post=27672"}],"curies":[{"name":"wp","href":"https:\/\/api.w.org\/{rel}","templated":true}]}}