{"id":31221,"date":"2024-01-23T13:43:42","date_gmt":"2024-01-23T09:43:42","guid":{"rendered":"https:\/\/searide-dubai.com\/politique-de-confidentialite\/"},"modified":"2024-09-06T10:02:46","modified_gmt":"2024-09-06T06:02:46","slug":"politique-de-confidentialite","status":"publish","type":"page","link":"https:\/\/searide-dubai.com\/fr\/politique-de-confidentialite\/","title":{"rendered":"Politique de confidentialit\u00e9"},"content":{"rendered":"\t\t<div data-elementor-type=\"wp-page\" data-elementor-id=\"31221\" class=\"elementor elementor-31221 elementor-14786\" data-elementor-post-type=\"page\">\n\t\t\t\t\t\t<section data-particle_enable=\"false\" data-particle-mobile-disabled=\"false\" class=\"elementor-section elementor-top-section elementor-element elementor-element-92ee2cc elementor-section-height-min-height elementor-section-stretched elementor-section-items-top elementor-hidden-desktop elementor-hidden-tablet elementor-hidden-mobile elementor-section-boxed elementor-section-height-default\" data-id=\"92ee2cc\" data-element_type=\"section\" data-settings=\"{&quot;background_background&quot;:&quot;classic&quot;,&quot;stretch_section&quot;:&quot;section-stretched&quot;}\">\n\t\t\t\t\t\t\t<div class=\"elementor-background-overlay\"><\/div>\n\t\t\t\t\t\t\t<div class=\"elementor-container elementor-column-gap-default\">\n\t\t\t\t\t<div class=\"elementor-column elementor-col-100 elementor-top-column elementor-element elementor-element-5c08f0a\" data-id=\"5c08f0a\" data-element_type=\"column\">\n\t\t\t<div class=\"elementor-widget-wrap elementor-element-populated\">\n\t\t\t\t\t\t<div class=\"elementor-element elementor-element-3f5ddde elementor-widget elementor-widget-heading\" data-id=\"3f5ddde\" data-element_type=\"widget\" data-widget_type=\"heading.default\">\n\t\t\t\t<div class=\"elementor-widget-container\">\n\t\t\t<h1 class=\"elementor-heading-title elementor-size-default\">Politique de confidentialit\u00e9<\/h1>\t\t<\/div>\n\t\t\t\t<\/div>\n\t\t\t\t\t<\/div>\n\t\t<\/div>\n\t\t\t\t\t<\/div>\n\t\t<\/section>\n\t\t\t\t<section data-particle_enable=\"false\" data-particle-mobile-disabled=\"false\" class=\"elementor-section elementor-top-section elementor-element elementor-element-8f2bbf7 common-inner-banner elementor-section-boxed elementor-section-height-default elementor-section-height-default\" data-id=\"8f2bbf7\" data-element_type=\"section\" data-settings=\"{&quot;background_background&quot;:&quot;classic&quot;}\">\n\t\t\t\t\t\t\t<div class=\"elementor-background-overlay\"><\/div>\n\t\t\t\t\t\t\t<div class=\"elementor-container elementor-column-gap-default\">\n\t\t\t\t\t<div class=\"elementor-column elementor-col-100 elementor-top-column elementor-element elementor-element-0629269\" data-id=\"0629269\" data-element_type=\"column\">\n\t\t\t<div class=\"elementor-widget-wrap elementor-element-populated\">\n\t\t\t\t\t\t<div class=\"elementor-element elementor-element-04fcd51 banner-main-title elementor-widget elementor-widget-heading\" data-id=\"04fcd51\" data-element_type=\"widget\" data-widget_type=\"heading.default\">\n\t\t\t\t<div class=\"elementor-widget-container\">\n\t\t\t<h2 class=\"elementor-heading-title elementor-size-default\">Politique de confidentialit\u00e9<\/h2>\t\t<\/div>\n\t\t\t\t<\/div>\n\t\t\t\t<div class=\"elementor-element elementor-element-99fc253 elementor-hidden-desktop elementor-hidden-tablet elementor-hidden-mobile elementor-widget elementor-widget-heading\" data-id=\"99fc253\" data-element_type=\"widget\" data-widget_type=\"heading.default\">\n\t\t\t\t<div class=\"elementor-widget-container\">\n\t\t\t<p class=\"elementor-heading-title elementor-size-default\">HOME <b>\/ DUBAI WATERSPORTS BLOG TO EPIC ADVENTURES<\/b><\/p>\t\t<\/div>\n\t\t\t\t<\/div>\n\t\t\t\t<div class=\"elementor-element elementor-element-2ef3876 inner-breacrumbs elementor-hidden-desktop elementor-hidden-tablet elementor-hidden-mobile elementor-widget elementor-widget-woocommerce-breadcrumb\" data-id=\"2ef3876\" data-element_type=\"widget\" data-widget_type=\"woocommerce-breadcrumb.default\">\n\t\t\t\t<div class=\"elementor-widget-container\">\n\t\t\t<nav class=\"woocommerce-breadcrumb\" aria-label=\"Breadcrumb\">Accueil<\/nav>\t\t<\/div>\n\t\t\t\t<\/div>\n\t\t\t\t\t<\/div>\n\t\t<\/div>\n\t\t\t\t\t<\/div>\n\t\t<\/section>\n\t\t\t\t<section data-particle_enable=\"false\" data-particle-mobile-disabled=\"false\" class=\"elementor-section elementor-top-section elementor-element elementor-element-4e14f2d terms-section elementor-section-boxed elementor-section-height-default elementor-section-height-default\" data-id=\"4e14f2d\" data-element_type=\"section\">\n\t\t\t\t\t\t<div class=\"elementor-container elementor-column-gap-default\">\n\t\t\t\t\t<div class=\"elementor-column elementor-col-100 elementor-top-column elementor-element elementor-element-86a55ce\" data-id=\"86a55ce\" data-element_type=\"column\">\n\t\t\t<div class=\"elementor-widget-wrap elementor-element-populated\">\n\t\t\t\t\t\t<div class=\"elementor-element elementor-element-bbe81be elementor-widget elementor-widget-heading\" data-id=\"bbe81be\" data-element_type=\"widget\" data-widget_type=\"heading.default\">\n\t\t\t\t<div class=\"elementor-widget-container\">\n\t\t\t<h2 class=\"elementor-heading-title elementor-size-default\">Quelles sont les informations que nous recueillons ?<\/h2>\t\t<\/div>\n\t\t\t\t<\/div>\n\t\t\t\t<div class=\"elementor-element elementor-element-92db397 elementor-widget elementor-widget-text-editor\" data-id=\"92db397\" data-element_type=\"widget\" data-widget_type=\"text-editor.default\">\n\t\t\t\t<div class=\"elementor-widget-container\">\n\t\t\t\t\t\t\t<p>Nous recueillons des informations sur vous lorsque vous r\u00e9servez une activit\u00e9 ou lorsque vous vous inscrivez \u00e0 notre lettre d&rsquo;information.<br \/>\nLors d&rsquo;une commande sur notre <a href=\"https:\/\/searide-dubai.com\/fr\/\">site web<\/a>, il vous sera demand\u00e9 de saisir votre nom, votre adresse \u00e9lectronique, votre adresse postale, votre num\u00e9ro de t\u00e9l\u00e9phone et votre carte de cr\u00e9dit.<br \/>\nVous pouvez toutefois visiter notre site de mani\u00e8re anonyme.<br \/>\nDes fournisseurs tiers, dont Google, utilisent des cookies pour diffuser des annonces bas\u00e9es sur les visites pr\u00e9c\u00e9dentes de l&rsquo;utilisateur sur Internet.<br \/>\nLes cookies publicitaires permettent \u00e0 Google et \u00e0 ses partenaires de personnaliser les annonces des visiteurs en fonction de leur navigation.<br \/>\nVous pouvez choisir de d\u00e9sactiver la publicit\u00e9 personnalis\u00e9e dans les param\u00e8tres des annonces.<br \/>\nVous pouvez \u00e9galement d\u00e9sactiver les cookies tiers pour la publicit\u00e9 personnalis\u00e9e en visitant le site www.aboutads.info.      <\/p>\n\t\t\t\t\t\t<\/div>\n\t\t\t\t<\/div>\n\t\t\t\t<div class=\"elementor-element elementor-element-57e75f1 elementor-widget elementor-widget-heading\" data-id=\"57e75f1\" data-element_type=\"widget\" data-widget_type=\"heading.default\">\n\t\t\t\t<div class=\"elementor-widget-container\">\n\t\t\t<h2 class=\"elementor-heading-title elementor-size-default\">Quelles utilisations pouvons-nous faire de ces donn\u00e9es ?<\/h2>\t\t<\/div>\n\t\t\t\t<\/div>\n\t\t\t\t<div class=\"elementor-element elementor-element-7c1ee71 elementor-widget elementor-widget-text-editor\" data-id=\"7c1ee71\" data-element_type=\"widget\" data-widget_type=\"text-editor.default\">\n\t\t\t\t<div class=\"elementor-widget-container\">\n\t\t\t\t\t\t\t<p>Les informations collect\u00e9es peuvent nous \u00eatre utiles : Pour personnaliser votre exp\u00e9rience (vos donn\u00e9es nous aident \u00e0 mieux r\u00e9pondre \u00e0 vos besoins individuels) Pour am\u00e9liorer notre site web (nous nous effor\u00e7ons continuellement d&rsquo;am\u00e9liorer nos offres et notre site sur la base des commentaires et aussi des informations que nous recevons de votre part) Pour am\u00e9liorer le service \u00e0 la client\u00e8le (vos informations nous aident \u00e0 r\u00e9pondre plus efficacement \u00e0 vos demandes et \u00e0 vos besoins d&rsquo;assistance) Traiter les transactions Vos informations, qu&rsquo;elles soient publiques ou priv\u00e9es, ne seront pas vendues, \u00e9chang\u00e9es, transf\u00e9r\u00e9es ou transmises \u00e0 une autre soci\u00e9t\u00e9 pour quelque raison que ce soit sans votre consentement, sauf dans le but expr\u00e8s de livrer le produit achet\u00e9 ou le service demand\u00e9.<\/p>\n\t\t\t\t\t\t<\/div>\n\t\t\t\t<\/div>\n\t\t\t\t<div class=\"elementor-element elementor-element-29f1692 elementor-widget elementor-widget-heading\" data-id=\"29f1692\" data-element_type=\"widget\" data-widget_type=\"heading.default\">\n\t\t\t\t<div class=\"elementor-widget-container\">\n\t\t\t<h2 class=\"elementor-heading-title elementor-size-default\">Communications \u00e9lectroniques et bulletins d'information<\/h2>\t\t<\/div>\n\t\t\t\t<\/div>\n\t\t\t\t<div class=\"elementor-element elementor-element-d32f993 elementor-widget elementor-widget-text-editor\" data-id=\"d32f993\" data-element_type=\"widget\" data-widget_type=\"text-editor.default\">\n\t\t\t\t<div class=\"elementor-widget-container\">\n\t\t\t\t\t\t\t<p>L&rsquo;adresse \u00e9lectronique que vous fournissez pour le traitement de la commande ne sera utilis\u00e9e que pour vous envoyer des informations et des mises \u00e0 jour concernant votre commande.<br \/>\nSi vous le souhaitez, vous pouvez vous inscrire \u00e0 notre lettre d&rsquo;information pour recevoir nos nouvelles et nos promotions. <\/p>\n\t\t\t\t\t\t<\/div>\n\t\t\t\t<\/div>\n\t\t\t\t<div class=\"elementor-element elementor-element-6ce53e5 elementor-widget elementor-widget-heading\" data-id=\"6ce53e5\" data-element_type=\"widget\" data-widget_type=\"heading.default\">\n\t\t\t\t<div class=\"elementor-widget-container\">\n\t\t\t<h2 class=\"elementor-heading-title elementor-size-default\">Comment prot\u00e9geons-nous vos informations ?<\/h2>\t\t<\/div>\n\t\t\t\t<\/div>\n\t\t\t\t<div class=\"elementor-element elementor-element-7eb865b elementor-widget elementor-widget-text-editor\" data-id=\"7eb865b\" data-element_type=\"widget\" data-widget_type=\"text-editor.default\">\n\t\t\t\t<div class=\"elementor-widget-container\">\n\t\t\t\t\t\t\t<p>Toutes les donn\u00e9es relatives aux cartes de cr\u00e9dit et les informations utilis\u00e9es sur le site ne seront pas stock\u00e9es, vendues, partag\u00e9es ou lou\u00e9es \u00e0 des tiers.<br \/>\nNous utilisons Checkout pour offrir des solutions tout-en-un afin de simplifier et de s\u00e9curiser vos transactions.<br \/>\nApr\u00e8s une transaction, vos informations priv\u00e9es (cartes de cr\u00e9dit, num\u00e9ros de s\u00e9curit\u00e9 sociale, num\u00e9ros financiers, etc.<br \/>\nDiverses mesures de s\u00e9curit\u00e9 sont en place pour assurer la s\u00e9curit\u00e9 de vos informations personnelles lorsque vous passez une commande ou lorsque vous entrez, soumettez ou acc\u00e9dez \u00e0 vos informations personnelles.<br \/>\nToutes les informations personnelles et confidentielles fournies sont transmises via la technologie Secure Socket Layer (SSL), puis crypt\u00e9es par notre fournisseur de passerelle de paiement et accessibles uniquement par les utilisateurs autoris\u00e9s disposant de droits d&rsquo;acc\u00e8s sp\u00e9ciaux \u00e0 ces syst\u00e8mes et requis pour les \u00ab\u00a0informations classifi\u00e9es\u00a0\u00bb.    <\/p>\n\t\t\t\t\t\t<\/div>\n\t\t\t\t<\/div>\n\t\t\t\t<div class=\"elementor-element elementor-element-af03e24 elementor-widget elementor-widget-heading\" data-id=\"af03e24\" data-element_type=\"widget\" data-widget_type=\"heading.default\">\n\t\t\t\t<div class=\"elementor-widget-container\">\n\t\t\t<h2 class=\"elementor-heading-title elementor-size-default\">Qu'est-ce qu'un cookie et comment l'utilisons-nous ?<\/h2>\t\t<\/div>\n\t\t\t\t<\/div>\n\t\t\t\t<div class=\"elementor-element elementor-element-4730a6e elementor-widget elementor-widget-text-editor\" data-id=\"4730a6e\" data-element_type=\"widget\" data-widget_type=\"text-editor.default\">\n\t\t\t\t<div class=\"elementor-widget-container\">\n\t\t\t\t\t\t\t<p>Un cookie est un petit fichier texte qui est enregistr\u00e9 dans un espace d\u00e9di\u00e9 du disque dur de votre \u00e9quipement num\u00e9rique (ordinateur, tablette &#8230;.) lors de la consultation d&rsquo;un site internet. Un identifiant anonyme est attribu\u00e9 \u00e0 chaque cookie. Celui-ci permet \u00e0 son \u00e9metteur d&rsquo;identifier le terminal dans lequel il est enregistr\u00e9 pendant la dur\u00e9e de validit\u00e9 du cookie concern\u00e9. Comment g\u00e9rer vos cookies ? Vous pouvez param\u00e9trer vos cookies directement dans votre navigateur. Voici les liens vers les pages d&rsquo;information respectives des principaux navigateurs pour vous aider :<\/p>\n<p><strong>Chrome<\/strong>: <a href=\"https:\/\/support.google.com\/chrome\/answer\/95647\">https:\/\/support.google.com\/chrome\/answer\/95647<\/a><\/p>\n<p><strong>Edge<\/strong> \/ Internet Explorer : https:\/\/support.microsoft.com\/fr-fr\/help\/17442\/windows-internet-explorer-delete-manage-cookies<\/p>\n<p><strong>Firefox<\/strong>: https:\/\/support.mozilla.org\/fr\/kb\/activer-desactiver-cookies<\/p>\n<p><strong>Op\u00e9ra<\/strong>: http:\/\/help.opera.com\/Windows\/10.20\/fr\/cookies.html<\/p>\n\t\t\t\t\t\t<\/div>\n\t\t\t\t<\/div>\n\t\t\t\t<div class=\"elementor-element elementor-element-6fc373c elementor-widget elementor-widget-heading\" data-id=\"6fc373c\" data-element_type=\"widget\" data-widget_type=\"heading.default\">\n\t\t\t\t<div class=\"elementor-widget-container\">\n\t\t\t<h2 class=\"elementor-heading-title elementor-size-default\">Politique de confidentialit\u00e9<\/h2>\t\t<\/div>\n\t\t\t\t<\/div>\n\t\t\t\t<div class=\"elementor-element elementor-element-e5ad04f elementor-widget elementor-widget-text-editor\" data-id=\"e5ad04f\" data-element_type=\"widget\" data-widget_type=\"text-editor.default\">\n\t\t\t\t<div class=\"elementor-widget-container\">\n\t\t\t\t\t\t\t<p>Nous ne vendons pas, n&rsquo;\u00e9changeons pas et ne transf\u00e9rons pas vos informations personnelles identifiables \u00e0 des tiers.<br \/>\nCela n&rsquo;inclut pas les tiers dignes de confiance qui nous aident \u00e0 exploiter notre site web et \u00e0 mener nos activit\u00e9s, \u00e0 condition que ces parties acceptent de garder ces informations confidentielles.<br \/>\nNous pouvons divulguer vos informations si nous estimons que cela est n\u00e9cessaire pour nous conformer \u00e0 la loi, faire respecter les r\u00e8gles de notre site ou prot\u00e9ger les droits, la propri\u00e9t\u00e9 ou la s\u00e9curit\u00e9 de tiers ou d&rsquo;autres personnes.<br \/>\nDes informations anonymes peuvent \u00eatre fournies \u00e0 d&rsquo;autres parties \u00e0 des fins de marketing, de publicit\u00e9 ou autres.   <\/p>\n\t\t\t\t\t\t<\/div>\n\t\t\t\t<\/div>\n\t\t\t\t<div class=\"elementor-element elementor-element-0d9029b elementor-widget elementor-widget-heading\" data-id=\"0d9029b\" data-element_type=\"widget\" data-widget_type=\"heading.default\">\n\t\t\t\t<div class=\"elementor-widget-container\">\n\t\t\t<h2 class=\"elementor-heading-title elementor-size-default\">Votre consentement<\/h2>\t\t<\/div>\n\t\t\t\t<\/div>\n\t\t\t\t<div class=\"elementor-element elementor-element-11ad3f4 elementor-widget elementor-widget-text-editor\" data-id=\"11ad3f4\" data-element_type=\"widget\" data-widget_type=\"text-editor.default\">\n\t\t\t\t<div class=\"elementor-widget-container\">\n\t\t\t\t\t\t\t<p>En utilisant notre site, vous acceptez la pr\u00e9sente politique de confidentialit\u00e9.<\/p>\n\t\t\t\t\t\t<\/div>\n\t\t\t\t<\/div>\n\t\t\t\t<div class=\"elementor-element elementor-element-8c73a63 elementor-widget elementor-widget-heading\" data-id=\"8c73a63\" data-element_type=\"widget\" data-widget_type=\"heading.default\">\n\t\t\t\t<div class=\"elementor-widget-container\">\n\t\t\t<h2 class=\"elementor-heading-title elementor-size-default\">Modifications de notre politique de confidentialit\u00e9<\/h2>\t\t<\/div>\n\t\t\t\t<\/div>\n\t\t\t\t<div class=\"elementor-element elementor-element-d278826 elementor-widget elementor-widget-text-editor\" data-id=\"d278826\" data-element_type=\"widget\" data-widget_type=\"text-editor.default\">\n\t\t\t\t<div class=\"elementor-widget-container\">\n\t\t\t\t\t\t\t<p>Si nous d\u00e9cidons de modifier notre politique de confidentialit\u00e9, nous publierons ces modifications sur cette page.<\/p>\n\t\t\t\t\t\t<\/div>\n\t\t\t\t<\/div>\n\t\t\t\t\t<\/div>\n\t\t<\/div>\n\t\t\t\t\t<\/div>\n\t\t<\/section>\n\t\t\t\t<\/div>\n\t\t","protected":false},"excerpt":{"rendered":"<p>Politique de confidentialit\u00e9 Politique de confidentialit\u00e9 HOME \/ DUBAI WATERSPORTS BLOG TO EPIC ADVENTURES Quelles sont les informations que nous recueillons ? Nous recueillons des informations sur vous lorsque vous r\u00e9servez une activit\u00e9 ou lorsque vous vous inscrivez \u00e0 notre lettre d&rsquo;information. Lors d&rsquo;une commande sur notre site web, il vous sera demand\u00e9 de saisir [&hellip;]<\/p>\n","protected":false},"author":1004,"featured_media":0,"parent":0,"menu_order":0,"comment_status":"closed","ping_status":"closed","template":"elementor_header_footer","meta":{"_acf_changed":false,"inline_featured_image":false,"_uf_show_specific_survey":0,"_uf_disable_surveys":false,"footnotes":""},"class_list":["post-31221","page","type-page","status-publish","hentry"],"acf":[],"yoast_head":"<!-- This site is optimized with the Yoast SEO plugin v27.3 - https:\/\/yoast.com\/product\/yoast-seo-wordpress\/ -->\n<title>Politique de confidentialit\u00e9 SeaRide Dubai<\/title>\n<meta name=\"description\" content=\"SeaRide Dubai respecte strictement la politique de confidentialit\u00e9. Les donn\u00e9es collect\u00e9es sur les clients sont utilis\u00e9es pour partager des promotions uniquement si le client s&#039;est inscrit.\" \/>\n<meta name=\"robots\" content=\"index, follow, max-snippet:-1, max-image-preview:large, max-video-preview:-1\" \/>\n<link rel=\"canonical\" href=\"https:\/\/searide-dubai.com\/fr\/politique-de-confidentialite\/\" \/>\n<meta property=\"og:locale\" content=\"fr_FR\" \/>\n<meta property=\"og:type\" content=\"article\" \/>\n<meta property=\"og:title\" content=\"Politique de confidentialit\u00e9 SeaRide Dubai\" \/>\n<meta property=\"og:description\" content=\"SeaRide Dubai respecte strictement la politique de confidentialit\u00e9. Les donn\u00e9es collect\u00e9es sur les clients sont utilis\u00e9es pour partager des promotions uniquement si le client s&#039;est inscrit.\" \/>\n<meta property=\"og:url\" content=\"https:\/\/searide-dubai.com\/fr\/politique-de-confidentialite\/\" \/>\n<meta property=\"og:site_name\" content=\"Searide Dubai Jet Ski , Efoil, Watersports Rentals Dubai\" \/>\n<meta property=\"article:modified_time\" content=\"2024-09-06T06:02:46+00:00\" \/>\n<meta name=\"twitter:card\" content=\"summary_large_image\" \/>\n<meta name=\"twitter:label1\" content=\"Dur\u00e9e de lecture estim\u00e9e\" \/>\n\t<meta name=\"twitter:data1\" content=\"4 minutes\" \/>\n<script type=\"application\/ld+json\" class=\"yoast-schema-graph\">{\"@context\":\"https:\\\/\\\/schema.org\",\"@graph\":[{\"@type\":\"WebPage\",\"@id\":\"https:\\\/\\\/searide-dubai.com\\\/fr\\\/politique-de-confidentialite\\\/\",\"url\":\"https:\\\/\\\/searide-dubai.com\\\/fr\\\/politique-de-confidentialite\\\/\",\"name\":\"Politique de confidentialit\u00e9 SeaRide Dubai\",\"isPartOf\":{\"@id\":\"https:\\\/\\\/searide-dubai.com\\\/fr\\\/#website\"},\"datePublished\":\"2024-01-23T09:43:42+00:00\",\"dateModified\":\"2024-09-06T06:02:46+00:00\",\"description\":\"SeaRide Dubai respecte strictement la politique de confidentialit\u00e9. Les donn\u00e9es collect\u00e9es sur les clients sont utilis\u00e9es pour partager des promotions uniquement si le client s'est inscrit.\",\"breadcrumb\":{\"@id\":\"https:\\\/\\\/searide-dubai.com\\\/fr\\\/politique-de-confidentialite\\\/#breadcrumb\"},\"inLanguage\":\"fr-FR\",\"potentialAction\":[{\"@type\":\"ReadAction\",\"target\":[\"https:\\\/\\\/searide-dubai.com\\\/fr\\\/politique-de-confidentialite\\\/\"]}]},{\"@type\":\"BreadcrumbList\",\"@id\":\"https:\\\/\\\/searide-dubai.com\\\/fr\\\/politique-de-confidentialite\\\/#breadcrumb\",\"itemListElement\":[{\"@type\":\"ListItem\",\"position\":1,\"name\":\"Home\",\"item\":\"https:\\\/\\\/searide-dubai.com\\\/fr\\\/searide-dubai\\\/\"},{\"@type\":\"ListItem\",\"position\":2,\"name\":\"Politique de confidentialit\u00e9\"}]},{\"@type\":\"WebSite\",\"@id\":\"https:\\\/\\\/searide-dubai.com\\\/fr\\\/#website\",\"url\":\"https:\\\/\\\/searide-dubai.com\\\/fr\\\/\",\"name\":\"Searide Dubai Jet Ski , Efoil, Watersports Rentals Dubai\",\"description\":\"Dubai&#039;s First JetSki Rental Dubai\",\"publisher\":{\"@id\":\"https:\\\/\\\/searide-dubai.com\\\/fr\\\/#organization\"},\"potentialAction\":[{\"@type\":\"SearchAction\",\"target\":{\"@type\":\"EntryPoint\",\"urlTemplate\":\"https:\\\/\\\/searide-dubai.com\\\/fr\\\/?s={search_term_string}\"},\"query-input\":{\"@type\":\"PropertyValueSpecification\",\"valueRequired\":true,\"valueName\":\"search_term_string\"}}],\"inLanguage\":\"fr-FR\"},{\"@type\":\"Organization\",\"@id\":\"https:\\\/\\\/searide-dubai.com\\\/fr\\\/#organization\",\"name\":\"Searide Dubai Jet Ski , Efoil, Watersports Rentals Dubai\",\"url\":\"https:\\\/\\\/searide-dubai.com\\\/fr\\\/\",\"logo\":{\"@type\":\"ImageObject\",\"inLanguage\":\"fr-FR\",\"@id\":\"https:\\\/\\\/searide-dubai.com\\\/fr\\\/#\\\/schema\\\/logo\\\/image\\\/\",\"url\":\"https:\\\/\\\/searide-dubai.com\\\/wp-content\\\/uploads\\\/2021\\\/12\\\/SEARIDE-LOGO.png\",\"contentUrl\":\"https:\\\/\\\/searide-dubai.com\\\/wp-content\\\/uploads\\\/2021\\\/12\\\/SEARIDE-LOGO.png\",\"width\":500,\"height\":223,\"caption\":\"Searide Dubai Jet Ski , Efoil, Watersports Rentals Dubai\"},\"image\":{\"@id\":\"https:\\\/\\\/searide-dubai.com\\\/fr\\\/#\\\/schema\\\/logo\\\/image\\\/\"}}]}<\/script>\n<!-- \/ Yoast SEO plugin. -->","yoast_head_json":{"title":"Politique de confidentialit\u00e9 SeaRide Dubai","description":"SeaRide Dubai respecte strictement la politique de confidentialit\u00e9. Les donn\u00e9es collect\u00e9es sur les clients sont utilis\u00e9es pour partager des promotions uniquement si le client s'est inscrit.","robots":{"index":"index","follow":"follow","max-snippet":"max-snippet:-1","max-image-preview":"max-image-preview:large","max-video-preview":"max-video-preview:-1"},"canonical":"https:\/\/searide-dubai.com\/fr\/politique-de-confidentialite\/","og_locale":"fr_FR","og_type":"article","og_title":"Politique de confidentialit\u00e9 SeaRide Dubai","og_description":"SeaRide Dubai respecte strictement la politique de confidentialit\u00e9. Les donn\u00e9es collect\u00e9es sur les clients sont utilis\u00e9es pour partager des promotions uniquement si le client s'est inscrit.","og_url":"https:\/\/searide-dubai.com\/fr\/politique-de-confidentialite\/","og_site_name":"Searide Dubai Jet Ski , Efoil, Watersports Rentals Dubai","article_modified_time":"2024-09-06T06:02:46+00:00","twitter_card":"summary_large_image","twitter_misc":{"Dur\u00e9e de lecture estim\u00e9e":"4 minutes"},"schema":{"@context":"https:\/\/schema.org","@graph":[{"@type":"WebPage","@id":"https:\/\/searide-dubai.com\/fr\/politique-de-confidentialite\/","url":"https:\/\/searide-dubai.com\/fr\/politique-de-confidentialite\/","name":"Politique de confidentialit\u00e9 SeaRide Dubai","isPartOf":{"@id":"https:\/\/searide-dubai.com\/fr\/#website"},"datePublished":"2024-01-23T09:43:42+00:00","dateModified":"2024-09-06T06:02:46+00:00","description":"SeaRide Dubai respecte strictement la politique de confidentialit\u00e9. Les donn\u00e9es collect\u00e9es sur les clients sont utilis\u00e9es pour partager des promotions uniquement si le client s'est inscrit.","breadcrumb":{"@id":"https:\/\/searide-dubai.com\/fr\/politique-de-confidentialite\/#breadcrumb"},"inLanguage":"fr-FR","potentialAction":[{"@type":"ReadAction","target":["https:\/\/searide-dubai.com\/fr\/politique-de-confidentialite\/"]}]},{"@type":"BreadcrumbList","@id":"https:\/\/searide-dubai.com\/fr\/politique-de-confidentialite\/#breadcrumb","itemListElement":[{"@type":"ListItem","position":1,"name":"Home","item":"https:\/\/searide-dubai.com\/fr\/searide-dubai\/"},{"@type":"ListItem","position":2,"name":"Politique de confidentialit\u00e9"}]},{"@type":"WebSite","@id":"https:\/\/searide-dubai.com\/fr\/#website","url":"https:\/\/searide-dubai.com\/fr\/","name":"Searide Dubai Jet Ski , Efoil, Watersports Rentals Dubai","description":"Dubai&#039;s First JetSki Rental Dubai","publisher":{"@id":"https:\/\/searide-dubai.com\/fr\/#organization"},"potentialAction":[{"@type":"SearchAction","target":{"@type":"EntryPoint","urlTemplate":"https:\/\/searide-dubai.com\/fr\/?s={search_term_string}"},"query-input":{"@type":"PropertyValueSpecification","valueRequired":true,"valueName":"search_term_string"}}],"inLanguage":"fr-FR"},{"@type":"Organization","@id":"https:\/\/searide-dubai.com\/fr\/#organization","name":"Searide Dubai Jet Ski , Efoil, Watersports Rentals Dubai","url":"https:\/\/searide-dubai.com\/fr\/","logo":{"@type":"ImageObject","inLanguage":"fr-FR","@id":"https:\/\/searide-dubai.com\/fr\/#\/schema\/logo\/image\/","url":"https:\/\/searide-dubai.com\/wp-content\/uploads\/2021\/12\/SEARIDE-LOGO.png","contentUrl":"https:\/\/searide-dubai.com\/wp-content\/uploads\/2021\/12\/SEARIDE-LOGO.png","width":500,"height":223,"caption":"Searide Dubai Jet Ski , Efoil, Watersports Rentals Dubai"},"image":{"@id":"https:\/\/searide-dubai.com\/fr\/#\/schema\/logo\/image\/"}}]}},"_links":{"self":[{"href":"https:\/\/searide-dubai.com\/fr\/wp-json\/wp\/v2\/pages\/31221","targetHints":{"allow":["GET"]}}],"collection":[{"href":"https:\/\/searide-dubai.com\/fr\/wp-json\/wp\/v2\/pages"}],"about":[{"href":"https:\/\/searide-dubai.com\/fr\/wp-json\/wp\/v2\/types\/page"}],"author":[{"embeddable":true,"href":"https:\/\/searide-dubai.com\/fr\/wp-json\/wp\/v2\/users\/1004"}],"replies":[{"embeddable":true,"href":"https:\/\/searide-dubai.com\/fr\/wp-json\/wp\/v2\/comments?post=31221"}],"version-history":[{"count":1,"href":"https:\/\/searide-dubai.com\/fr\/wp-json\/wp\/v2\/pages\/31221\/revisions"}],"predecessor-version":[{"id":31222,"href":"https:\/\/searide-dubai.com\/fr\/wp-json\/wp\/v2\/pages\/31221\/revisions\/31222"}],"wp:attachment":[{"href":"https:\/\/searide-dubai.com\/fr\/wp-json\/wp\/v2\/media?parent=31221"}],"curies":[{"name":"wp","href":"https:\/\/api.w.org\/{rel}","templated":true}]}}