{"id":25124,"date":"2024-02-15T15:50:45","date_gmt":"2024-02-15T11:50:45","guid":{"rendered":"https:\/\/searide-dubai.com\/product\/30-minutes-daventure-en-jetpack\/"},"modified":"2024-05-12T22:28:03","modified_gmt":"2024-05-12T18:28:03","slug":"30-minutes-daventure-en-jetpack","status":"publish","type":"product","link":"https:\/\/searide-dubai.com\/fr\/produit\/30-minutes-daventure-en-jetpack\/","title":{"rendered":"30 MINUTES D&rsquo;AVENTURE EN JETPACK"},"content":{"rendered":"<p>Rehaussez votre voyage \u00e0 Duba\u00ef avec cette aventure exclusive de sports nautiques en Jetpack ! Aucune exp\u00e9rience pr\u00e9alable n&rsquo;est requise &#8211; il suffit d&rsquo;\u00eatre guid\u00e9 par un expert et de profiter de la force de propulsion de l&rsquo;eau pour vivre une exp\u00e9rience inoubliable.<\/p>\n<div class=\"description-card\">\n<p><strong>Informations pratiques<\/strong><\/p>\n<ul>\n<li>Parking gratuit et s\u00e9curis\u00e9<\/li>\n<li>Des casiers et un vestiaire<\/li>\n<li>Douche<\/li>\n<li>Plages publiques \u00e0 proximit\u00e9<\/li>\n<li>Eau potable en bouteille gratuite<\/li>\n<li>Serviette gratuite<\/li>\n<\/ul>\n<\/div>\n<p><strong>Conditions :<\/strong><\/p>\n<ul>\n<li>Les clients doivent \u00eatre \u00e2g\u00e9s de plus de 16 ans<\/li>\n<li>Les clients doivent \u00eatre munis de leur passeport.<\/li>\n<li>Les clients doivent \u00eatre de bons nageurs.<\/li>\n<\/ul>\n<p>SeaRide se r\u00e9serve \u00e9galement le droit d&rsquo;annuler une r\u00e9servation, notamment en cas de vent, de mauvais temps, de faible visibilit\u00e9 ou d&rsquo;interdiction de d\u00e9part des autorit\u00e9s (annulation automatique). En cas de retard ou d&rsquo;annulation, veuillez nous en informer par t\u00e9l\u00e9phone, par SMS ou par e-mail.<\/p>\n","protected":false},"excerpt":{"rendered":"<p>Rehaussez votre voyage \u00e0 Duba\u00ef avec cette aventure exclusive de sports nautiques en Jetpack ! Aucune exp\u00e9rience pr\u00e9alable n&rsquo;est requise &#8211; il suffit d&rsquo;\u00eatre guid\u00e9 par un expert et de profiter de la force de propulsion de l&rsquo;eau pour vivre une exp\u00e9rience inoubliable. Informations pratiques Parking gratuit et s\u00e9curis\u00e9 Des casiers et un vestiaire Douche [&hellip;]<\/p>\n","protected":false},"featured_media":24672,"comment_status":"closed","ping_status":"closed","template":"","meta":{"_acf_changed":false,"inline_featured_image":false,"_uf_show_specific_survey":0,"_uf_disable_surveys":false},"product_cat":[148],"product_tag":[],"class_list":{"0":"post-25124","1":"product","2":"type-product","3":"status-publish","4":"has-post-thumbnail","6":"product_cat-jetpack","8":"first","9":"instock","10":"virtual","11":"purchasable","12":"product-type-simple"},"acf":[],"yoast_head":"<!-- This site is optimized with the Yoast SEO plugin v27.3 - https:\/\/yoast.com\/product\/yoast-seo-wordpress\/ -->\n<title>30 minutes de Jetpack Watersports \u00e0 Duba\u00ef - Sea Ride Duba\u00ef<\/title>\n<meta name=\"description\" content=\"Profitez de 30 minutes de sports nautiques en Jetpack \u00e0 Duba\u00ef ! D\u00e9couvrez des vues \u00e0 couper le souffle, d\u00e9fiez la gravit\u00e9, faites le plein d&#039;adr\u00e9naline et laissez-vous guider par des experts.\" \/>\n<meta name=\"robots\" content=\"index, follow, max-snippet:-1, max-image-preview:large, max-video-preview:-1\" \/>\n<link rel=\"canonical\" href=\"https:\/\/searide-dubai.com\/fr\/produit\/30-minutes-daventure-en-jetpack\/\" \/>\n<meta property=\"og:locale\" content=\"fr_FR\" \/>\n<meta property=\"og:type\" content=\"article\" \/>\n<meta property=\"og:title\" content=\"30 minutes de Jetpack Watersports \u00e0 Duba\u00ef - Sea Ride Duba\u00ef\" \/>\n<meta property=\"og:description\" content=\"Profitez de 30 minutes de sports nautiques en Jetpack \u00e0 Duba\u00ef ! D\u00e9couvrez des vues \u00e0 couper le souffle, d\u00e9fiez la gravit\u00e9, faites le plein d&#039;adr\u00e9naline et laissez-vous guider par des experts.\" \/>\n<meta property=\"og:url\" content=\"https:\/\/searide-dubai.com\/fr\/produit\/30-minutes-daventure-en-jetpack\/\" \/>\n<meta property=\"og:site_name\" content=\"Searide Dubai Jet Ski , Efoil, Watersports Rentals Dubai\" \/>\n<meta property=\"article:modified_time\" content=\"2024-05-12T18:28:03+00:00\" \/>\n<meta property=\"og:image\" content=\"https:\/\/searide-dubai.com\/wp-content\/uploads\/2024\/02\/Jetpack-Product-Photo.jpeg\" \/>\n\t<meta property=\"og:image:width\" content=\"1517\" \/>\n\t<meta property=\"og:image:height\" content=\"1100\" \/>\n\t<meta property=\"og:image:type\" content=\"image\/jpeg\" \/>\n<meta name=\"twitter:card\" content=\"summary_large_image\" \/>\n<meta name=\"twitter:label1\" content=\"Dur\u00e9e de lecture estim\u00e9e\" \/>\n\t<meta name=\"twitter:data1\" content=\"1 minute\" \/>\n<script type=\"application\/ld+json\" class=\"yoast-schema-graph\">{\"@context\":\"https:\\\/\\\/schema.org\",\"@graph\":[{\"@type\":\"WebPage\",\"@id\":\"https:\\\/\\\/searide-dubai.com\\\/fr\\\/produit\\\/30-minutes-daventure-en-jetpack\\\/\",\"url\":\"https:\\\/\\\/searide-dubai.com\\\/fr\\\/produit\\\/30-minutes-daventure-en-jetpack\\\/\",\"name\":\"30 minutes de Jetpack Watersports \u00e0 Duba\u00ef - Sea Ride Duba\u00ef\",\"isPartOf\":{\"@id\":\"https:\\\/\\\/searide-dubai.com\\\/fr\\\/#website\"},\"primaryImageOfPage\":{\"@id\":\"https:\\\/\\\/searide-dubai.com\\\/fr\\\/produit\\\/30-minutes-daventure-en-jetpack\\\/#primaryimage\"},\"image\":{\"@id\":\"https:\\\/\\\/searide-dubai.com\\\/fr\\\/produit\\\/30-minutes-daventure-en-jetpack\\\/#primaryimage\"},\"thumbnailUrl\":\"https:\\\/\\\/searide-dubai.com\\\/wp-content\\\/uploads\\\/2024\\\/02\\\/Jetpack-Product-Photo.jpeg\",\"datePublished\":\"2024-02-15T11:50:45+00:00\",\"dateModified\":\"2024-05-12T18:28:03+00:00\",\"description\":\"Profitez de 30 minutes de sports nautiques en Jetpack \u00e0 Duba\u00ef ! D\u00e9couvrez des vues \u00e0 couper le souffle, d\u00e9fiez la gravit\u00e9, faites le plein d'adr\u00e9naline et laissez-vous guider par des experts.\",\"breadcrumb\":{\"@id\":\"https:\\\/\\\/searide-dubai.com\\\/fr\\\/produit\\\/30-minutes-daventure-en-jetpack\\\/#breadcrumb\"},\"inLanguage\":\"fr-FR\",\"potentialAction\":[{\"@type\":\"ReadAction\",\"target\":[\"https:\\\/\\\/searide-dubai.com\\\/fr\\\/produit\\\/30-minutes-daventure-en-jetpack\\\/\"]}]},{\"@type\":\"ImageObject\",\"inLanguage\":\"fr-FR\",\"@id\":\"https:\\\/\\\/searide-dubai.com\\\/fr\\\/produit\\\/30-minutes-daventure-en-jetpack\\\/#primaryimage\",\"url\":\"https:\\\/\\\/searide-dubai.com\\\/wp-content\\\/uploads\\\/2024\\\/02\\\/Jetpack-Product-Photo.jpeg\",\"contentUrl\":\"https:\\\/\\\/searide-dubai.com\\\/wp-content\\\/uploads\\\/2024\\\/02\\\/Jetpack-Product-Photo.jpeg\",\"width\":1517,\"height\":1100},{\"@type\":\"BreadcrumbList\",\"@id\":\"https:\\\/\\\/searide-dubai.com\\\/fr\\\/produit\\\/30-minutes-daventure-en-jetpack\\\/#breadcrumb\",\"itemListElement\":[{\"@type\":\"ListItem\",\"position\":1,\"name\":\"Home\",\"item\":\"https:\\\/\\\/searide-dubai.com\\\/fr\\\/searide-dubai\\\/\"},{\"@type\":\"ListItem\",\"position\":2,\"name\":\"Searide Dubai Shop\",\"item\":\"https:\\\/\\\/searide-dubai.com\\\/fr\\\/boutique\\\/\"},{\"@type\":\"ListItem\",\"position\":3,\"name\":\"30 MINUTES D&#8217;AVENTURE EN JETPACK\"}]},{\"@type\":\"WebSite\",\"@id\":\"https:\\\/\\\/searide-dubai.com\\\/fr\\\/#website\",\"url\":\"https:\\\/\\\/searide-dubai.com\\\/fr\\\/\",\"name\":\"Searide Dubai Jet Ski , Efoil, Watersports Rentals Dubai\",\"description\":\"Dubai&#039;s First JetSki Rental Dubai\",\"publisher\":{\"@id\":\"https:\\\/\\\/searide-dubai.com\\\/fr\\\/#organization\"},\"potentialAction\":[{\"@type\":\"SearchAction\",\"target\":{\"@type\":\"EntryPoint\",\"urlTemplate\":\"https:\\\/\\\/searide-dubai.com\\\/fr\\\/?s={search_term_string}\"},\"query-input\":{\"@type\":\"PropertyValueSpecification\",\"valueRequired\":true,\"valueName\":\"search_term_string\"}}],\"inLanguage\":\"fr-FR\"},{\"@type\":\"Organization\",\"@id\":\"https:\\\/\\\/searide-dubai.com\\\/fr\\\/#organization\",\"name\":\"Searide Dubai Jet Ski , Efoil, Watersports Rentals Dubai\",\"url\":\"https:\\\/\\\/searide-dubai.com\\\/fr\\\/\",\"logo\":{\"@type\":\"ImageObject\",\"inLanguage\":\"fr-FR\",\"@id\":\"https:\\\/\\\/searide-dubai.com\\\/fr\\\/#\\\/schema\\\/logo\\\/image\\\/\",\"url\":\"https:\\\/\\\/searide-dubai.com\\\/wp-content\\\/uploads\\\/2021\\\/12\\\/SEARIDE-LOGO.png\",\"contentUrl\":\"https:\\\/\\\/searide-dubai.com\\\/wp-content\\\/uploads\\\/2021\\\/12\\\/SEARIDE-LOGO.png\",\"width\":500,\"height\":223,\"caption\":\"Searide Dubai Jet Ski , Efoil, Watersports Rentals Dubai\"},\"image\":{\"@id\":\"https:\\\/\\\/searide-dubai.com\\\/fr\\\/#\\\/schema\\\/logo\\\/image\\\/\"}}]}<\/script>\n<!-- \/ Yoast SEO plugin. -->","yoast_head_json":{"title":"30 minutes de Jetpack Watersports \u00e0 Duba\u00ef - Sea Ride Duba\u00ef","description":"Profitez de 30 minutes de sports nautiques en Jetpack \u00e0 Duba\u00ef ! D\u00e9couvrez des vues \u00e0 couper le souffle, d\u00e9fiez la gravit\u00e9, faites le plein d'adr\u00e9naline et laissez-vous guider par des experts.","robots":{"index":"index","follow":"follow","max-snippet":"max-snippet:-1","max-image-preview":"max-image-preview:large","max-video-preview":"max-video-preview:-1"},"canonical":"https:\/\/searide-dubai.com\/fr\/produit\/30-minutes-daventure-en-jetpack\/","og_locale":"fr_FR","og_type":"article","og_title":"30 minutes de Jetpack Watersports \u00e0 Duba\u00ef - Sea Ride Duba\u00ef","og_description":"Profitez de 30 minutes de sports nautiques en Jetpack \u00e0 Duba\u00ef ! D\u00e9couvrez des vues \u00e0 couper le souffle, d\u00e9fiez la gravit\u00e9, faites le plein d'adr\u00e9naline et laissez-vous guider par des experts.","og_url":"https:\/\/searide-dubai.com\/fr\/produit\/30-minutes-daventure-en-jetpack\/","og_site_name":"Searide Dubai Jet Ski , Efoil, Watersports Rentals Dubai","article_modified_time":"2024-05-12T18:28:03+00:00","og_image":[{"width":1517,"height":1100,"url":"https:\/\/searide-dubai.com\/wp-content\/uploads\/2024\/02\/Jetpack-Product-Photo.jpeg","type":"image\/jpeg"}],"twitter_card":"summary_large_image","twitter_misc":{"Dur\u00e9e de lecture estim\u00e9e":"1 minute"},"schema":{"@context":"https:\/\/schema.org","@graph":[{"@type":"WebPage","@id":"https:\/\/searide-dubai.com\/fr\/produit\/30-minutes-daventure-en-jetpack\/","url":"https:\/\/searide-dubai.com\/fr\/produit\/30-minutes-daventure-en-jetpack\/","name":"30 minutes de Jetpack Watersports \u00e0 Duba\u00ef - Sea Ride Duba\u00ef","isPartOf":{"@id":"https:\/\/searide-dubai.com\/fr\/#website"},"primaryImageOfPage":{"@id":"https:\/\/searide-dubai.com\/fr\/produit\/30-minutes-daventure-en-jetpack\/#primaryimage"},"image":{"@id":"https:\/\/searide-dubai.com\/fr\/produit\/30-minutes-daventure-en-jetpack\/#primaryimage"},"thumbnailUrl":"https:\/\/searide-dubai.com\/wp-content\/uploads\/2024\/02\/Jetpack-Product-Photo.jpeg","datePublished":"2024-02-15T11:50:45+00:00","dateModified":"2024-05-12T18:28:03+00:00","description":"Profitez de 30 minutes de sports nautiques en Jetpack \u00e0 Duba\u00ef ! D\u00e9couvrez des vues \u00e0 couper le souffle, d\u00e9fiez la gravit\u00e9, faites le plein d'adr\u00e9naline et laissez-vous guider par des experts.","breadcrumb":{"@id":"https:\/\/searide-dubai.com\/fr\/produit\/30-minutes-daventure-en-jetpack\/#breadcrumb"},"inLanguage":"fr-FR","potentialAction":[{"@type":"ReadAction","target":["https:\/\/searide-dubai.com\/fr\/produit\/30-minutes-daventure-en-jetpack\/"]}]},{"@type":"ImageObject","inLanguage":"fr-FR","@id":"https:\/\/searide-dubai.com\/fr\/produit\/30-minutes-daventure-en-jetpack\/#primaryimage","url":"https:\/\/searide-dubai.com\/wp-content\/uploads\/2024\/02\/Jetpack-Product-Photo.jpeg","contentUrl":"https:\/\/searide-dubai.com\/wp-content\/uploads\/2024\/02\/Jetpack-Product-Photo.jpeg","width":1517,"height":1100},{"@type":"BreadcrumbList","@id":"https:\/\/searide-dubai.com\/fr\/produit\/30-minutes-daventure-en-jetpack\/#breadcrumb","itemListElement":[{"@type":"ListItem","position":1,"name":"Home","item":"https:\/\/searide-dubai.com\/fr\/searide-dubai\/"},{"@type":"ListItem","position":2,"name":"Searide Dubai Shop","item":"https:\/\/searide-dubai.com\/fr\/boutique\/"},{"@type":"ListItem","position":3,"name":"30 MINUTES D&#8217;AVENTURE EN JETPACK"}]},{"@type":"WebSite","@id":"https:\/\/searide-dubai.com\/fr\/#website","url":"https:\/\/searide-dubai.com\/fr\/","name":"Searide Dubai Jet Ski , Efoil, Watersports Rentals Dubai","description":"Dubai&#039;s First JetSki Rental Dubai","publisher":{"@id":"https:\/\/searide-dubai.com\/fr\/#organization"},"potentialAction":[{"@type":"SearchAction","target":{"@type":"EntryPoint","urlTemplate":"https:\/\/searide-dubai.com\/fr\/?s={search_term_string}"},"query-input":{"@type":"PropertyValueSpecification","valueRequired":true,"valueName":"search_term_string"}}],"inLanguage":"fr-FR"},{"@type":"Organization","@id":"https:\/\/searide-dubai.com\/fr\/#organization","name":"Searide Dubai Jet Ski , Efoil, Watersports Rentals Dubai","url":"https:\/\/searide-dubai.com\/fr\/","logo":{"@type":"ImageObject","inLanguage":"fr-FR","@id":"https:\/\/searide-dubai.com\/fr\/#\/schema\/logo\/image\/","url":"https:\/\/searide-dubai.com\/wp-content\/uploads\/2021\/12\/SEARIDE-LOGO.png","contentUrl":"https:\/\/searide-dubai.com\/wp-content\/uploads\/2021\/12\/SEARIDE-LOGO.png","width":500,"height":223,"caption":"Searide Dubai Jet Ski , Efoil, Watersports Rentals Dubai"},"image":{"@id":"https:\/\/searide-dubai.com\/fr\/#\/schema\/logo\/image\/"}}]}},"_links":{"self":[{"href":"https:\/\/searide-dubai.com\/fr\/wp-json\/wp\/v2\/product\/25124","targetHints":{"allow":["GET"]}}],"collection":[{"href":"https:\/\/searide-dubai.com\/fr\/wp-json\/wp\/v2\/product"}],"about":[{"href":"https:\/\/searide-dubai.com\/fr\/wp-json\/wp\/v2\/types\/product"}],"replies":[{"embeddable":true,"href":"https:\/\/searide-dubai.com\/fr\/wp-json\/wp\/v2\/comments?post=25124"}],"version-history":[{"count":1,"href":"https:\/\/searide-dubai.com\/fr\/wp-json\/wp\/v2\/product\/25124\/revisions"}],"predecessor-version":[{"id":25125,"href":"https:\/\/searide-dubai.com\/fr\/wp-json\/wp\/v2\/product\/25124\/revisions\/25125"}],"wp:featuredmedia":[{"embeddable":true,"href":"https:\/\/searide-dubai.com\/fr\/wp-json\/wp\/v2\/media\/24672"}],"wp:attachment":[{"href":"https:\/\/searide-dubai.com\/fr\/wp-json\/wp\/v2\/media?parent=25124"}],"wp:term":[{"taxonomy":"product_cat","embeddable":true,"href":"https:\/\/searide-dubai.com\/fr\/wp-json\/wp\/v2\/product_cat?post=25124"},{"taxonomy":"product_tag","embeddable":true,"href":"https:\/\/searide-dubai.com\/fr\/wp-json\/wp\/v2\/product_tag?post=25124"}],"curies":[{"name":"wp","href":"https:\/\/api.w.org\/{rel}","templated":true}]}}