{"id":25130,"date":"2024-02-15T15:07:22","date_gmt":"2024-02-15T11:07:22","guid":{"rendered":"https:\/\/searide-dubai.com\/product\/location-de-yachts\/"},"modified":"2024-05-15T13:59:24","modified_gmt":"2024-05-15T09:59:24","slug":"location-de-yachts","status":"publish","type":"product","link":"https:\/\/searide-dubai.com\/fr\/produit\/location-de-yachts\/","title":{"rendered":"LOCATION DE YACHTS"},"content":{"rendered":"\t\t<div data-elementor-type=\"product-post\" data-elementor-id=\"25130\" class=\"elementor elementor-25130 elementor-17332\" data-elementor-post-type=\"product\">\n\t\t\t\t\t\t<section data-particle_enable=\"false\" data-particle-mobile-disabled=\"false\" class=\"elementor-section elementor-top-section elementor-element elementor-element-144e0dbc elementor-section-boxed elementor-section-height-default elementor-section-height-default\" data-id=\"144e0dbc\" data-element_type=\"section\">\n\t\t\t\t\t\t<div class=\"elementor-container elementor-column-gap-default\">\n\t\t\t\t\t<div class=\"elementor-column elementor-col-100 elementor-top-column elementor-element elementor-element-546b2cf2\" data-id=\"546b2cf2\" data-element_type=\"column\">\n\t\t\t<div class=\"elementor-widget-wrap elementor-element-populated\">\n\t\t\t\t\t\t<div class=\"elementor-element elementor-element-491b8bf7 elementor-widget elementor-widget-text-editor\" data-id=\"491b8bf7\" data-element_type=\"widget\" data-widget_type=\"text-editor.default\">\n\t\t\t\t<div class=\"elementor-widget-container\">\n\t\t\t\t\t\t\t<p data-sourcepos=\"1:1-1:256\">Duba\u00ef vous attend. \u00c9chappez \u00e0 l&rsquo;ordinaire \u00e0 bord du Black Diamond, un chef-d&rsquo;\u0153uvre d&rsquo;opulence. Glissez sur des eaux turquoise, savourez des d\u00e9lices gastronomiques et admirez des vues \u00e0 couper le souffle. Votre luxe personnalis\u00e9 vous attend.  <\/p>\n<div class=\"description-card\">\n<p><strong>Informations pratiques<\/strong><\/p>\n<ul>\n<li>Parking gratuit et s\u00e9curis\u00e9<\/li>\n<li>Des casiers et un vestiaire<\/li>\n<li>Douche<\/li>\n<li>Plages publiques \u00e0 proximit\u00e9<\/li>\n<li>Eau potable en bouteille gratuite<\/li>\n<li>Serviette gratuite<\/li>\n<\/ul>\n<\/div>\n<p><strong>Conditions :<\/strong><\/p>\n<ul>\n<li>Les clients doivent se munir de leur passeport<br \/>Les clients doivent \u00eatre de bons nageurs<\/li>\n<\/ul>\n<p><strong>SeaRide se r\u00e9serve \u00e9galement le droit d&rsquo;annuler une r\u00e9servation, notamment en cas de vent, de mauvais temps, de faible visibilit\u00e9 ou d&rsquo;interdiction de d\u00e9part des autorit\u00e9s (annulation automatique). En cas de retard ou d&rsquo;annulation, veuillez nous en informer par t\u00e9l\u00e9phone, par SMS ou par e-mail.<\/strong><\/p>\n\t\t\t\t\t\t<\/div>\n\t\t\t\t<\/div>\n\t\t\t\t\t<\/div>\n\t\t<\/div>\n\t\t\t\t\t<\/div>\n\t\t<\/section>\n\t\t\t\t<\/div>\n\t\t","protected":false},"excerpt":{"rendered":"<p>Duba\u00ef vous attend. \u00c9chappez \u00e0 l&rsquo;ordinaire \u00e0 bord du Black Diamond, un chef-d&rsquo;\u0153uvre d&rsquo;opulence. Glissez sur des eaux turquoise, savourez des d\u00e9lices gastronomiques et admirez des vues \u00e0 couper le souffle. Votre luxe personnalis\u00e9 vous attend. Informations pratiques Parking gratuit et s\u00e9curis\u00e9 Des casiers et un vestiaire Douche Plages publiques \u00e0 proximit\u00e9 Eau potable en [&hellip;]<\/p>\n","protected":false},"featured_media":24648,"comment_status":"closed","ping_status":"closed","template":"","meta":{"_acf_changed":false,"inline_featured_image":false,"_uf_show_specific_survey":0,"_uf_disable_surveys":false},"product_cat":[149],"product_tag":[],"class_list":{"0":"post-25130","1":"product","2":"type-product","3":"status-publish","4":"has-post-thumbnail","6":"product_cat-location-de-bateaux-a-dubai","8":"first","9":"instock","10":"virtual","11":"purchasable","12":"product-type-simple"},"acf":[],"yoast_head":"<!-- This site is optimized with the Yoast SEO plugin v27.3 - https:\/\/yoast.com\/product\/yoast-seo-wordpress\/ -->\n<title>Location de bateaux \u00e0 Duba\u00ef - Sea Ride Duba\u00ef<\/title>\n<meta name=\"description\" content=\"R\u00e9servez votre place sur notre yacht de location \u00e0 Duba\u00ef pour une aventure inoubliable. R\u00e9servez d\u00e8s maintenant aupr\u00e8s de Sea Ride Dubai et pr\u00e9parez-vous \u00e0 d\u00e9couvrir des vues embl\u00e9matiques.\" \/>\n<meta name=\"robots\" content=\"index, follow, max-snippet:-1, max-image-preview:large, max-video-preview:-1\" \/>\n<link rel=\"canonical\" href=\"https:\/\/searide-dubai.com\/fr\/produit\/location-de-yachts\/\" \/>\n<meta property=\"og:locale\" content=\"fr_FR\" \/>\n<meta property=\"og:type\" content=\"article\" \/>\n<meta property=\"og:title\" content=\"Location de bateaux \u00e0 Duba\u00ef - Sea Ride Duba\u00ef\" \/>\n<meta property=\"og:description\" content=\"R\u00e9servez votre place sur notre yacht de location \u00e0 Duba\u00ef pour une aventure inoubliable. R\u00e9servez d\u00e8s maintenant aupr\u00e8s de Sea Ride Dubai et pr\u00e9parez-vous \u00e0 d\u00e9couvrir des vues embl\u00e9matiques.\" \/>\n<meta property=\"og:url\" content=\"https:\/\/searide-dubai.com\/fr\/produit\/location-de-yachts\/\" \/>\n<meta property=\"og:site_name\" content=\"Searide Dubai Jet Ski , Efoil, Watersports Rentals Dubai\" \/>\n<meta property=\"article:modified_time\" content=\"2024-05-15T09:59:24+00:00\" \/>\n<meta property=\"og:image\" content=\"https:\/\/searide-dubai.com\/wp-content\/uploads\/2024\/02\/Yacht-768x513-1.jpg\" \/>\n\t<meta property=\"og:image:width\" content=\"768\" \/>\n\t<meta property=\"og:image:height\" content=\"513\" \/>\n\t<meta property=\"og:image:type\" content=\"image\/jpeg\" \/>\n<meta name=\"twitter:card\" content=\"summary_large_image\" \/>\n<meta name=\"twitter:label1\" content=\"Dur\u00e9e de lecture estim\u00e9e\" \/>\n\t<meta name=\"twitter:data1\" content=\"1 minute\" \/>\n<script type=\"application\/ld+json\" class=\"yoast-schema-graph\">{\"@context\":\"https:\\\/\\\/schema.org\",\"@graph\":[{\"@type\":\"WebPage\",\"@id\":\"https:\\\/\\\/searide-dubai.com\\\/fr\\\/produit\\\/location-de-yachts\\\/\",\"url\":\"https:\\\/\\\/searide-dubai.com\\\/fr\\\/produit\\\/location-de-yachts\\\/\",\"name\":\"Location de bateaux \u00e0 Duba\u00ef - Sea Ride Duba\u00ef\",\"isPartOf\":{\"@id\":\"https:\\\/\\\/searide-dubai.com\\\/fr\\\/#website\"},\"primaryImageOfPage\":{\"@id\":\"https:\\\/\\\/searide-dubai.com\\\/fr\\\/produit\\\/location-de-yachts\\\/#primaryimage\"},\"image\":{\"@id\":\"https:\\\/\\\/searide-dubai.com\\\/fr\\\/produit\\\/location-de-yachts\\\/#primaryimage\"},\"thumbnailUrl\":\"https:\\\/\\\/searide-dubai.com\\\/wp-content\\\/uploads\\\/2024\\\/02\\\/Yacht-768x513-1.jpg\",\"datePublished\":\"2024-02-15T11:07:22+00:00\",\"dateModified\":\"2024-05-15T09:59:24+00:00\",\"description\":\"R\u00e9servez votre place sur notre yacht de location \u00e0 Duba\u00ef pour une aventure inoubliable. R\u00e9servez d\u00e8s maintenant aupr\u00e8s de Sea Ride Dubai et pr\u00e9parez-vous \u00e0 d\u00e9couvrir des vues embl\u00e9matiques.\",\"breadcrumb\":{\"@id\":\"https:\\\/\\\/searide-dubai.com\\\/fr\\\/produit\\\/location-de-yachts\\\/#breadcrumb\"},\"inLanguage\":\"fr-FR\",\"potentialAction\":[{\"@type\":\"ReadAction\",\"target\":[\"https:\\\/\\\/searide-dubai.com\\\/fr\\\/produit\\\/location-de-yachts\\\/\"]}]},{\"@type\":\"ImageObject\",\"inLanguage\":\"fr-FR\",\"@id\":\"https:\\\/\\\/searide-dubai.com\\\/fr\\\/produit\\\/location-de-yachts\\\/#primaryimage\",\"url\":\"https:\\\/\\\/searide-dubai.com\\\/wp-content\\\/uploads\\\/2024\\\/02\\\/Yacht-768x513-1.jpg\",\"contentUrl\":\"https:\\\/\\\/searide-dubai.com\\\/wp-content\\\/uploads\\\/2024\\\/02\\\/Yacht-768x513-1.jpg\",\"width\":768,\"height\":513},{\"@type\":\"BreadcrumbList\",\"@id\":\"https:\\\/\\\/searide-dubai.com\\\/fr\\\/produit\\\/location-de-yachts\\\/#breadcrumb\",\"itemListElement\":[{\"@type\":\"ListItem\",\"position\":1,\"name\":\"Home\",\"item\":\"https:\\\/\\\/searide-dubai.com\\\/fr\\\/searide-dubai\\\/\"},{\"@type\":\"ListItem\",\"position\":2,\"name\":\"Searide Dubai Shop\",\"item\":\"https:\\\/\\\/searide-dubai.com\\\/fr\\\/boutique\\\/\"},{\"@type\":\"ListItem\",\"position\":3,\"name\":\"LOCATION DE YACHTS\"}]},{\"@type\":\"WebSite\",\"@id\":\"https:\\\/\\\/searide-dubai.com\\\/fr\\\/#website\",\"url\":\"https:\\\/\\\/searide-dubai.com\\\/fr\\\/\",\"name\":\"Searide Dubai Jet Ski , Efoil, Watersports Rentals Dubai\",\"description\":\"Dubai&#039;s First JetSki Rental Dubai\",\"publisher\":{\"@id\":\"https:\\\/\\\/searide-dubai.com\\\/fr\\\/#organization\"},\"potentialAction\":[{\"@type\":\"SearchAction\",\"target\":{\"@type\":\"EntryPoint\",\"urlTemplate\":\"https:\\\/\\\/searide-dubai.com\\\/fr\\\/?s={search_term_string}\"},\"query-input\":{\"@type\":\"PropertyValueSpecification\",\"valueRequired\":true,\"valueName\":\"search_term_string\"}}],\"inLanguage\":\"fr-FR\"},{\"@type\":\"Organization\",\"@id\":\"https:\\\/\\\/searide-dubai.com\\\/fr\\\/#organization\",\"name\":\"Searide Dubai Jet Ski , Efoil, Watersports Rentals Dubai\",\"url\":\"https:\\\/\\\/searide-dubai.com\\\/fr\\\/\",\"logo\":{\"@type\":\"ImageObject\",\"inLanguage\":\"fr-FR\",\"@id\":\"https:\\\/\\\/searide-dubai.com\\\/fr\\\/#\\\/schema\\\/logo\\\/image\\\/\",\"url\":\"https:\\\/\\\/searide-dubai.com\\\/wp-content\\\/uploads\\\/2021\\\/12\\\/SEARIDE-LOGO.png\",\"contentUrl\":\"https:\\\/\\\/searide-dubai.com\\\/wp-content\\\/uploads\\\/2021\\\/12\\\/SEARIDE-LOGO.png\",\"width\":500,\"height\":223,\"caption\":\"Searide Dubai Jet Ski , Efoil, Watersports Rentals Dubai\"},\"image\":{\"@id\":\"https:\\\/\\\/searide-dubai.com\\\/fr\\\/#\\\/schema\\\/logo\\\/image\\\/\"}}]}<\/script>\n<!-- \/ Yoast SEO plugin. -->","yoast_head_json":{"title":"Location de bateaux \u00e0 Duba\u00ef - Sea Ride Duba\u00ef","description":"R\u00e9servez votre place sur notre yacht de location \u00e0 Duba\u00ef pour une aventure inoubliable. R\u00e9servez d\u00e8s maintenant aupr\u00e8s de Sea Ride Dubai et pr\u00e9parez-vous \u00e0 d\u00e9couvrir des vues embl\u00e9matiques.","robots":{"index":"index","follow":"follow","max-snippet":"max-snippet:-1","max-image-preview":"max-image-preview:large","max-video-preview":"max-video-preview:-1"},"canonical":"https:\/\/searide-dubai.com\/fr\/produit\/location-de-yachts\/","og_locale":"fr_FR","og_type":"article","og_title":"Location de bateaux \u00e0 Duba\u00ef - Sea Ride Duba\u00ef","og_description":"R\u00e9servez votre place sur notre yacht de location \u00e0 Duba\u00ef pour une aventure inoubliable. R\u00e9servez d\u00e8s maintenant aupr\u00e8s de Sea Ride Dubai et pr\u00e9parez-vous \u00e0 d\u00e9couvrir des vues embl\u00e9matiques.","og_url":"https:\/\/searide-dubai.com\/fr\/produit\/location-de-yachts\/","og_site_name":"Searide Dubai Jet Ski , Efoil, Watersports Rentals Dubai","article_modified_time":"2024-05-15T09:59:24+00:00","og_image":[{"width":768,"height":513,"url":"https:\/\/searide-dubai.com\/wp-content\/uploads\/2024\/02\/Yacht-768x513-1.jpg","type":"image\/jpeg"}],"twitter_card":"summary_large_image","twitter_misc":{"Dur\u00e9e de lecture estim\u00e9e":"1 minute"},"schema":{"@context":"https:\/\/schema.org","@graph":[{"@type":"WebPage","@id":"https:\/\/searide-dubai.com\/fr\/produit\/location-de-yachts\/","url":"https:\/\/searide-dubai.com\/fr\/produit\/location-de-yachts\/","name":"Location de bateaux \u00e0 Duba\u00ef - Sea Ride Duba\u00ef","isPartOf":{"@id":"https:\/\/searide-dubai.com\/fr\/#website"},"primaryImageOfPage":{"@id":"https:\/\/searide-dubai.com\/fr\/produit\/location-de-yachts\/#primaryimage"},"image":{"@id":"https:\/\/searide-dubai.com\/fr\/produit\/location-de-yachts\/#primaryimage"},"thumbnailUrl":"https:\/\/searide-dubai.com\/wp-content\/uploads\/2024\/02\/Yacht-768x513-1.jpg","datePublished":"2024-02-15T11:07:22+00:00","dateModified":"2024-05-15T09:59:24+00:00","description":"R\u00e9servez votre place sur notre yacht de location \u00e0 Duba\u00ef pour une aventure inoubliable. R\u00e9servez d\u00e8s maintenant aupr\u00e8s de Sea Ride Dubai et pr\u00e9parez-vous \u00e0 d\u00e9couvrir des vues embl\u00e9matiques.","breadcrumb":{"@id":"https:\/\/searide-dubai.com\/fr\/produit\/location-de-yachts\/#breadcrumb"},"inLanguage":"fr-FR","potentialAction":[{"@type":"ReadAction","target":["https:\/\/searide-dubai.com\/fr\/produit\/location-de-yachts\/"]}]},{"@type":"ImageObject","inLanguage":"fr-FR","@id":"https:\/\/searide-dubai.com\/fr\/produit\/location-de-yachts\/#primaryimage","url":"https:\/\/searide-dubai.com\/wp-content\/uploads\/2024\/02\/Yacht-768x513-1.jpg","contentUrl":"https:\/\/searide-dubai.com\/wp-content\/uploads\/2024\/02\/Yacht-768x513-1.jpg","width":768,"height":513},{"@type":"BreadcrumbList","@id":"https:\/\/searide-dubai.com\/fr\/produit\/location-de-yachts\/#breadcrumb","itemListElement":[{"@type":"ListItem","position":1,"name":"Home","item":"https:\/\/searide-dubai.com\/fr\/searide-dubai\/"},{"@type":"ListItem","position":2,"name":"Searide Dubai Shop","item":"https:\/\/searide-dubai.com\/fr\/boutique\/"},{"@type":"ListItem","position":3,"name":"LOCATION DE YACHTS"}]},{"@type":"WebSite","@id":"https:\/\/searide-dubai.com\/fr\/#website","url":"https:\/\/searide-dubai.com\/fr\/","name":"Searide Dubai Jet Ski , Efoil, Watersports Rentals Dubai","description":"Dubai&#039;s First JetSki Rental Dubai","publisher":{"@id":"https:\/\/searide-dubai.com\/fr\/#organization"},"potentialAction":[{"@type":"SearchAction","target":{"@type":"EntryPoint","urlTemplate":"https:\/\/searide-dubai.com\/fr\/?s={search_term_string}"},"query-input":{"@type":"PropertyValueSpecification","valueRequired":true,"valueName":"search_term_string"}}],"inLanguage":"fr-FR"},{"@type":"Organization","@id":"https:\/\/searide-dubai.com\/fr\/#organization","name":"Searide Dubai Jet Ski , Efoil, Watersports Rentals Dubai","url":"https:\/\/searide-dubai.com\/fr\/","logo":{"@type":"ImageObject","inLanguage":"fr-FR","@id":"https:\/\/searide-dubai.com\/fr\/#\/schema\/logo\/image\/","url":"https:\/\/searide-dubai.com\/wp-content\/uploads\/2021\/12\/SEARIDE-LOGO.png","contentUrl":"https:\/\/searide-dubai.com\/wp-content\/uploads\/2021\/12\/SEARIDE-LOGO.png","width":500,"height":223,"caption":"Searide Dubai Jet Ski , Efoil, Watersports Rentals Dubai"},"image":{"@id":"https:\/\/searide-dubai.com\/fr\/#\/schema\/logo\/image\/"}}]}},"_links":{"self":[{"href":"https:\/\/searide-dubai.com\/fr\/wp-json\/wp\/v2\/product\/25130","targetHints":{"allow":["GET"]}}],"collection":[{"href":"https:\/\/searide-dubai.com\/fr\/wp-json\/wp\/v2\/product"}],"about":[{"href":"https:\/\/searide-dubai.com\/fr\/wp-json\/wp\/v2\/types\/product"}],"replies":[{"embeddable":true,"href":"https:\/\/searide-dubai.com\/fr\/wp-json\/wp\/v2\/comments?post=25130"}],"version-history":[{"count":2,"href":"https:\/\/searide-dubai.com\/fr\/wp-json\/wp\/v2\/product\/25130\/revisions"}],"predecessor-version":[{"id":25383,"href":"https:\/\/searide-dubai.com\/fr\/wp-json\/wp\/v2\/product\/25130\/revisions\/25383"}],"wp:featuredmedia":[{"embeddable":true,"href":"https:\/\/searide-dubai.com\/fr\/wp-json\/wp\/v2\/media\/24648"}],"wp:attachment":[{"href":"https:\/\/searide-dubai.com\/fr\/wp-json\/wp\/v2\/media?parent=25130"}],"wp:term":[{"taxonomy":"product_cat","embeddable":true,"href":"https:\/\/searide-dubai.com\/fr\/wp-json\/wp\/v2\/product_cat?post=25130"},{"taxonomy":"product_tag","embeddable":true,"href":"https:\/\/searide-dubai.com\/fr\/wp-json\/wp\/v2\/product_tag?post=25130"}],"curies":[{"name":"wp","href":"https:\/\/api.w.org\/{rel}","templated":true}]}}