{"id":25162,"date":"2023-12-23T02:31:34","date_gmt":"2023-12-22T22:31:34","guid":{"rendered":"https:\/\/searide-dubai.com\/product\/location-dun-bateau-rapide-de-42-pieds-a-dubai\/"},"modified":"2023-12-23T02:31:34","modified_gmt":"2023-12-22T22:31:34","slug":"location-dun-bateau-rapide-de-42-pieds-a-dubai","status":"publish","type":"product","link":"https:\/\/searide-dubai.com\/fr\/produit\/location-dun-bateau-rapide-de-42-pieds-a-dubai\/","title":{"rendered":"Location d&rsquo;un bateau rapide de 42 pieds \u00e0 Duba\u00ef"},"content":{"rendered":"<p>Sentez l&rsquo;excitation de naviguer rapidement sur les eaux de Duba\u00ef \u00e0 bord de notre bateau rapide de 42 pieds. Searide offre des vues incomparables sur l&rsquo;horizon \u00e9blouissant du centre-ville et sur l&#8217;embl\u00e9matique Burj Khalifa en seulement 30 minutes exaltantes. Accrochez-vous bien pendant que nos capitaines comp\u00e9tents naviguent \u00e0 grande vitesse vers des sites \u00e0 couper le souffle.<\/p>\n<div class=\"description-card\">\n<p><strong>Informations pratiques<\/strong><\/p>\n<ul>\n<li>Parking s\u00e9curis\u00e9 et gratuit<\/li>\n<li>Des casiers et un vestiaire<\/li>\n<li>Douche Plages publiques \u00e0 proximit\u00e9<\/li>\n<\/ul>\n<\/div>\n<p><strong>Conditions :<\/strong><\/p>\n<ul>\n<li>Les clients doivent \u00eatre \u00e2g\u00e9s de plus de 16 ans pour les pilotes et de 12 ans pour les passagers, et doivent \u00eatre munis de leur passeport.<\/li>\n<li>Pour les personnes de plus de 100 kg, un JetSki par personne.<\/li>\n<li>Les clients doivent \u00eatre de bons nageurs.<\/li>\n<\/ul>\n<p>SeaRide se r\u00e9serve \u00e9galement le droit d&rsquo;annuler une r\u00e9servation, notamment en cas de vent, de mauvais temps, de faible visibilit\u00e9 ou d&rsquo;interdiction de d\u00e9part des autorit\u00e9s (annulation automatique). En cas de retard ou d&rsquo;annulation, veuillez nous en informer par t\u00e9l\u00e9phone, par SMS ou par e-mail.<\/p>\n","protected":false},"excerpt":{"rendered":"<p>Sentez l&rsquo;excitation de naviguer rapidement sur les eaux de Duba\u00ef \u00e0 bord de notre bateau rapide de 42 pieds. Searide offre des vues incomparables sur l&rsquo;horizon \u00e9blouissant du centre-ville et sur l&#8217;embl\u00e9matique Burj Khalifa en seulement 30 minutes exaltantes. Accrochez-vous bien pendant que nos capitaines comp\u00e9tents naviguent \u00e0 grande vitesse vers des sites \u00e0 couper [&hellip;]<\/p>\n","protected":false},"featured_media":24661,"comment_status":"closed","ping_status":"closed","template":"","meta":{"_acf_changed":false,"inline_featured_image":false,"_uf_show_specific_survey":0,"_uf_disable_surveys":false},"product_cat":[149],"product_tag":[],"class_list":{"0":"post-25162","1":"product","2":"type-product","3":"status-publish","4":"has-post-thumbnail","6":"product_cat-location-de-bateaux-a-dubai","8":"first","9":"instock","10":"virtual","11":"purchasable","12":"product-type-simple"},"acf":[],"yoast_head":"<!-- This site is optimized with the Yoast SEO plugin v27.3 - https:\/\/yoast.com\/product\/yoast-seo-wordpress\/ -->\n<title>Bateau rapide 42 pieds | Meilleur bateau rapide \u00e0 Duba\u00ef - Sea Ride Duba\u00ef<\/title>\n<meta name=\"description\" content=\"R\u00e9servez votre place sur notre bateau rapide de 42 pieds \u00e0 Duba\u00ef pour une aventure inoubliable. R\u00e9servez d\u00e8s maintenant aupr\u00e8s de Sea Ride Dubai et pr\u00e9parez-vous \u00e0 d\u00e9couvrir des vues embl\u00e9matiques.\" \/>\n<meta name=\"robots\" content=\"index, follow, max-snippet:-1, max-image-preview:large, max-video-preview:-1\" \/>\n<link rel=\"canonical\" href=\"https:\/\/searide-dubai.com\/fr\/produit\/location-dun-bateau-rapide-de-42-pieds-a-dubai\/\" \/>\n<meta property=\"og:locale\" content=\"fr_FR\" \/>\n<meta property=\"og:type\" content=\"article\" \/>\n<meta property=\"og:title\" content=\"Bateau rapide 42 pieds | Meilleur bateau rapide \u00e0 Duba\u00ef - Sea Ride Duba\u00ef\" \/>\n<meta property=\"og:description\" content=\"R\u00e9servez votre place sur notre bateau rapide de 42 pieds \u00e0 Duba\u00ef pour une aventure inoubliable. R\u00e9servez d\u00e8s maintenant aupr\u00e8s de Sea Ride Dubai et pr\u00e9parez-vous \u00e0 d\u00e9couvrir des vues embl\u00e9matiques.\" \/>\n<meta property=\"og:url\" content=\"https:\/\/searide-dubai.com\/fr\/produit\/location-dun-bateau-rapide-de-42-pieds-a-dubai\/\" \/>\n<meta property=\"og:site_name\" content=\"Searide Dubai Jet Ski , Efoil, Watersports Rentals Dubai\" \/>\n<meta property=\"og:image\" content=\"https:\/\/searide-dubai.com\/wp-content\/uploads\/2023\/12\/IMG_8303.png\" \/>\n\t<meta property=\"og:image:width\" content=\"1600\" \/>\n\t<meta property=\"og:image:height\" content=\"845\" \/>\n\t<meta property=\"og:image:type\" content=\"image\/png\" \/>\n<meta name=\"twitter:card\" content=\"summary_large_image\" \/>\n<meta name=\"twitter:label1\" content=\"Dur\u00e9e de lecture estim\u00e9e\" \/>\n\t<meta name=\"twitter:data1\" content=\"1 minute\" \/>\n<script type=\"application\/ld+json\" class=\"yoast-schema-graph\">{\"@context\":\"https:\\\/\\\/schema.org\",\"@graph\":[{\"@type\":\"WebPage\",\"@id\":\"https:\\\/\\\/searide-dubai.com\\\/fr\\\/produit\\\/location-dun-bateau-rapide-de-42-pieds-a-dubai\\\/\",\"url\":\"https:\\\/\\\/searide-dubai.com\\\/fr\\\/produit\\\/location-dun-bateau-rapide-de-42-pieds-a-dubai\\\/\",\"name\":\"Bateau rapide 42 pieds | Meilleur bateau rapide \u00e0 Duba\u00ef - Sea Ride Duba\u00ef\",\"isPartOf\":{\"@id\":\"https:\\\/\\\/searide-dubai.com\\\/fr\\\/#website\"},\"primaryImageOfPage\":{\"@id\":\"https:\\\/\\\/searide-dubai.com\\\/fr\\\/produit\\\/location-dun-bateau-rapide-de-42-pieds-a-dubai\\\/#primaryimage\"},\"image\":{\"@id\":\"https:\\\/\\\/searide-dubai.com\\\/fr\\\/produit\\\/location-dun-bateau-rapide-de-42-pieds-a-dubai\\\/#primaryimage\"},\"thumbnailUrl\":\"https:\\\/\\\/searide-dubai.com\\\/wp-content\\\/uploads\\\/2023\\\/12\\\/IMG_8303.png\",\"datePublished\":\"2023-12-22T22:31:34+00:00\",\"description\":\"R\u00e9servez votre place sur notre bateau rapide de 42 pieds \u00e0 Duba\u00ef pour une aventure inoubliable. R\u00e9servez d\u00e8s maintenant aupr\u00e8s de Sea Ride Dubai et pr\u00e9parez-vous \u00e0 d\u00e9couvrir des vues embl\u00e9matiques.\",\"breadcrumb\":{\"@id\":\"https:\\\/\\\/searide-dubai.com\\\/fr\\\/produit\\\/location-dun-bateau-rapide-de-42-pieds-a-dubai\\\/#breadcrumb\"},\"inLanguage\":\"fr-FR\",\"potentialAction\":[{\"@type\":\"ReadAction\",\"target\":[\"https:\\\/\\\/searide-dubai.com\\\/fr\\\/produit\\\/location-dun-bateau-rapide-de-42-pieds-a-dubai\\\/\"]}]},{\"@type\":\"ImageObject\",\"inLanguage\":\"fr-FR\",\"@id\":\"https:\\\/\\\/searide-dubai.com\\\/fr\\\/produit\\\/location-dun-bateau-rapide-de-42-pieds-a-dubai\\\/#primaryimage\",\"url\":\"https:\\\/\\\/searide-dubai.com\\\/wp-content\\\/uploads\\\/2023\\\/12\\\/IMG_8303.png\",\"contentUrl\":\"https:\\\/\\\/searide-dubai.com\\\/wp-content\\\/uploads\\\/2023\\\/12\\\/IMG_8303.png\",\"width\":1600,\"height\":845},{\"@type\":\"BreadcrumbList\",\"@id\":\"https:\\\/\\\/searide-dubai.com\\\/fr\\\/produit\\\/location-dun-bateau-rapide-de-42-pieds-a-dubai\\\/#breadcrumb\",\"itemListElement\":[{\"@type\":\"ListItem\",\"position\":1,\"name\":\"Home\",\"item\":\"https:\\\/\\\/searide-dubai.com\\\/fr\\\/searide-dubai\\\/\"},{\"@type\":\"ListItem\",\"position\":2,\"name\":\"Searide Dubai Shop\",\"item\":\"https:\\\/\\\/searide-dubai.com\\\/fr\\\/boutique\\\/\"},{\"@type\":\"ListItem\",\"position\":3,\"name\":\"Location d&#8217;un bateau rapide de 42 pieds \u00e0 Duba\u00ef\"}]},{\"@type\":\"WebSite\",\"@id\":\"https:\\\/\\\/searide-dubai.com\\\/fr\\\/#website\",\"url\":\"https:\\\/\\\/searide-dubai.com\\\/fr\\\/\",\"name\":\"Searide Dubai Jet Ski , Efoil, Watersports Rentals Dubai\",\"description\":\"Dubai&#039;s First JetSki Rental Dubai\",\"publisher\":{\"@id\":\"https:\\\/\\\/searide-dubai.com\\\/fr\\\/#organization\"},\"potentialAction\":[{\"@type\":\"SearchAction\",\"target\":{\"@type\":\"EntryPoint\",\"urlTemplate\":\"https:\\\/\\\/searide-dubai.com\\\/fr\\\/?s={search_term_string}\"},\"query-input\":{\"@type\":\"PropertyValueSpecification\",\"valueRequired\":true,\"valueName\":\"search_term_string\"}}],\"inLanguage\":\"fr-FR\"},{\"@type\":\"Organization\",\"@id\":\"https:\\\/\\\/searide-dubai.com\\\/fr\\\/#organization\",\"name\":\"Searide Dubai Jet Ski , Efoil, Watersports Rentals Dubai\",\"url\":\"https:\\\/\\\/searide-dubai.com\\\/fr\\\/\",\"logo\":{\"@type\":\"ImageObject\",\"inLanguage\":\"fr-FR\",\"@id\":\"https:\\\/\\\/searide-dubai.com\\\/fr\\\/#\\\/schema\\\/logo\\\/image\\\/\",\"url\":\"https:\\\/\\\/searide-dubai.com\\\/wp-content\\\/uploads\\\/2021\\\/12\\\/SEARIDE-LOGO.png\",\"contentUrl\":\"https:\\\/\\\/searide-dubai.com\\\/wp-content\\\/uploads\\\/2021\\\/12\\\/SEARIDE-LOGO.png\",\"width\":500,\"height\":223,\"caption\":\"Searide Dubai Jet Ski , Efoil, Watersports Rentals Dubai\"},\"image\":{\"@id\":\"https:\\\/\\\/searide-dubai.com\\\/fr\\\/#\\\/schema\\\/logo\\\/image\\\/\"}}]}<\/script>\n<!-- \/ Yoast SEO plugin. -->","yoast_head_json":{"title":"Bateau rapide 42 pieds | Meilleur bateau rapide \u00e0 Duba\u00ef - Sea Ride Duba\u00ef","description":"R\u00e9servez votre place sur notre bateau rapide de 42 pieds \u00e0 Duba\u00ef pour une aventure inoubliable. R\u00e9servez d\u00e8s maintenant aupr\u00e8s de Sea Ride Dubai et pr\u00e9parez-vous \u00e0 d\u00e9couvrir des vues embl\u00e9matiques.","robots":{"index":"index","follow":"follow","max-snippet":"max-snippet:-1","max-image-preview":"max-image-preview:large","max-video-preview":"max-video-preview:-1"},"canonical":"https:\/\/searide-dubai.com\/fr\/produit\/location-dun-bateau-rapide-de-42-pieds-a-dubai\/","og_locale":"fr_FR","og_type":"article","og_title":"Bateau rapide 42 pieds | Meilleur bateau rapide \u00e0 Duba\u00ef - Sea Ride Duba\u00ef","og_description":"R\u00e9servez votre place sur notre bateau rapide de 42 pieds \u00e0 Duba\u00ef pour une aventure inoubliable. R\u00e9servez d\u00e8s maintenant aupr\u00e8s de Sea Ride Dubai et pr\u00e9parez-vous \u00e0 d\u00e9couvrir des vues embl\u00e9matiques.","og_url":"https:\/\/searide-dubai.com\/fr\/produit\/location-dun-bateau-rapide-de-42-pieds-a-dubai\/","og_site_name":"Searide Dubai Jet Ski , Efoil, Watersports Rentals Dubai","og_image":[{"width":1600,"height":845,"url":"https:\/\/searide-dubai.com\/wp-content\/uploads\/2023\/12\/IMG_8303.png","type":"image\/png"}],"twitter_card":"summary_large_image","twitter_misc":{"Dur\u00e9e de lecture estim\u00e9e":"1 minute"},"schema":{"@context":"https:\/\/schema.org","@graph":[{"@type":"WebPage","@id":"https:\/\/searide-dubai.com\/fr\/produit\/location-dun-bateau-rapide-de-42-pieds-a-dubai\/","url":"https:\/\/searide-dubai.com\/fr\/produit\/location-dun-bateau-rapide-de-42-pieds-a-dubai\/","name":"Bateau rapide 42 pieds | Meilleur bateau rapide \u00e0 Duba\u00ef - Sea Ride Duba\u00ef","isPartOf":{"@id":"https:\/\/searide-dubai.com\/fr\/#website"},"primaryImageOfPage":{"@id":"https:\/\/searide-dubai.com\/fr\/produit\/location-dun-bateau-rapide-de-42-pieds-a-dubai\/#primaryimage"},"image":{"@id":"https:\/\/searide-dubai.com\/fr\/produit\/location-dun-bateau-rapide-de-42-pieds-a-dubai\/#primaryimage"},"thumbnailUrl":"https:\/\/searide-dubai.com\/wp-content\/uploads\/2023\/12\/IMG_8303.png","datePublished":"2023-12-22T22:31:34+00:00","description":"R\u00e9servez votre place sur notre bateau rapide de 42 pieds \u00e0 Duba\u00ef pour une aventure inoubliable. R\u00e9servez d\u00e8s maintenant aupr\u00e8s de Sea Ride Dubai et pr\u00e9parez-vous \u00e0 d\u00e9couvrir des vues embl\u00e9matiques.","breadcrumb":{"@id":"https:\/\/searide-dubai.com\/fr\/produit\/location-dun-bateau-rapide-de-42-pieds-a-dubai\/#breadcrumb"},"inLanguage":"fr-FR","potentialAction":[{"@type":"ReadAction","target":["https:\/\/searide-dubai.com\/fr\/produit\/location-dun-bateau-rapide-de-42-pieds-a-dubai\/"]}]},{"@type":"ImageObject","inLanguage":"fr-FR","@id":"https:\/\/searide-dubai.com\/fr\/produit\/location-dun-bateau-rapide-de-42-pieds-a-dubai\/#primaryimage","url":"https:\/\/searide-dubai.com\/wp-content\/uploads\/2023\/12\/IMG_8303.png","contentUrl":"https:\/\/searide-dubai.com\/wp-content\/uploads\/2023\/12\/IMG_8303.png","width":1600,"height":845},{"@type":"BreadcrumbList","@id":"https:\/\/searide-dubai.com\/fr\/produit\/location-dun-bateau-rapide-de-42-pieds-a-dubai\/#breadcrumb","itemListElement":[{"@type":"ListItem","position":1,"name":"Home","item":"https:\/\/searide-dubai.com\/fr\/searide-dubai\/"},{"@type":"ListItem","position":2,"name":"Searide Dubai Shop","item":"https:\/\/searide-dubai.com\/fr\/boutique\/"},{"@type":"ListItem","position":3,"name":"Location d&#8217;un bateau rapide de 42 pieds \u00e0 Duba\u00ef"}]},{"@type":"WebSite","@id":"https:\/\/searide-dubai.com\/fr\/#website","url":"https:\/\/searide-dubai.com\/fr\/","name":"Searide Dubai Jet Ski , Efoil, Watersports Rentals Dubai","description":"Dubai&#039;s First JetSki Rental Dubai","publisher":{"@id":"https:\/\/searide-dubai.com\/fr\/#organization"},"potentialAction":[{"@type":"SearchAction","target":{"@type":"EntryPoint","urlTemplate":"https:\/\/searide-dubai.com\/fr\/?s={search_term_string}"},"query-input":{"@type":"PropertyValueSpecification","valueRequired":true,"valueName":"search_term_string"}}],"inLanguage":"fr-FR"},{"@type":"Organization","@id":"https:\/\/searide-dubai.com\/fr\/#organization","name":"Searide Dubai Jet Ski , Efoil, Watersports Rentals Dubai","url":"https:\/\/searide-dubai.com\/fr\/","logo":{"@type":"ImageObject","inLanguage":"fr-FR","@id":"https:\/\/searide-dubai.com\/fr\/#\/schema\/logo\/image\/","url":"https:\/\/searide-dubai.com\/wp-content\/uploads\/2021\/12\/SEARIDE-LOGO.png","contentUrl":"https:\/\/searide-dubai.com\/wp-content\/uploads\/2021\/12\/SEARIDE-LOGO.png","width":500,"height":223,"caption":"Searide Dubai Jet Ski , Efoil, Watersports Rentals Dubai"},"image":{"@id":"https:\/\/searide-dubai.com\/fr\/#\/schema\/logo\/image\/"}}]}},"_links":{"self":[{"href":"https:\/\/searide-dubai.com\/fr\/wp-json\/wp\/v2\/product\/25162","targetHints":{"allow":["GET"]}}],"collection":[{"href":"https:\/\/searide-dubai.com\/fr\/wp-json\/wp\/v2\/product"}],"about":[{"href":"https:\/\/searide-dubai.com\/fr\/wp-json\/wp\/v2\/types\/product"}],"replies":[{"embeddable":true,"href":"https:\/\/searide-dubai.com\/fr\/wp-json\/wp\/v2\/comments?post=25162"}],"version-history":[{"count":0,"href":"https:\/\/searide-dubai.com\/fr\/wp-json\/wp\/v2\/product\/25162\/revisions"}],"wp:featuredmedia":[{"embeddable":true,"href":"https:\/\/searide-dubai.com\/fr\/wp-json\/wp\/v2\/media\/24661"}],"wp:attachment":[{"href":"https:\/\/searide-dubai.com\/fr\/wp-json\/wp\/v2\/media?parent=25162"}],"wp:term":[{"taxonomy":"product_cat","embeddable":true,"href":"https:\/\/searide-dubai.com\/fr\/wp-json\/wp\/v2\/product_cat?post=25162"},{"taxonomy":"product_tag","embeddable":true,"href":"https:\/\/searide-dubai.com\/fr\/wp-json\/wp\/v2\/product_tag?post=25162"}],"curies":[{"name":"wp","href":"https:\/\/api.w.org\/{rel}","templated":true}]}}