{"id":25174,"date":"2023-07-24T19:21:32","date_gmt":"2023-07-24T15:21:32","guid":{"rendered":"https:\/\/searide-dubai.com\/product\/2-heures-de-jetski-atlantis\/"},"modified":"2024-05-16T17:27:33","modified_gmt":"2024-05-16T13:27:33","slug":"jetski-dubai-atlantis-2-heures","status":"publish","type":"product","link":"https:\/\/searide-dubai.com\/fr\/produit\/jetski-dubai-atlantis-2-heures\/","title":{"rendered":"JETSKI DUBAI ATLANTIS 2 Heures"},"content":{"rendered":"\t\t<div data-elementor-type=\"product-post\" data-elementor-id=\"25174\" class=\"elementor elementor-25174 elementor-11185\" data-elementor-post-type=\"product\">\n\t\t\t\t\t\t<section data-particle_enable=\"false\" data-particle-mobile-disabled=\"false\" class=\"elementor-section elementor-top-section elementor-element elementor-element-de00b0f elementor-section-boxed elementor-section-height-default elementor-section-height-default\" data-id=\"de00b0f\" data-element_type=\"section\">\n\t\t\t\t\t\t<div class=\"elementor-container elementor-column-gap-default\">\n\t\t\t\t\t<div class=\"elementor-column elementor-col-100 elementor-top-column elementor-element elementor-element-f303353\" data-id=\"f303353\" data-element_type=\"column\">\n\t\t\t<div class=\"elementor-widget-wrap elementor-element-populated\">\n\t\t\t\t\t\t<div class=\"elementor-element elementor-element-18904b4 elementor-widget elementor-widget-text-editor\" data-id=\"18904b4\" data-element_type=\"widget\" data-widget_type=\"text-editor.default\">\n\t\t\t\t<div class=\"elementor-widget-container\">\n\t\t\t\t\t\t\t<p>2 heures, c&rsquo;est une longue p\u00e9riode de temps pour vivre une aventure aquatique satisfaisante, agr\u00e9ment\u00e9e d&rsquo;une vue panoramique spectaculaire. Searide Dubai 2-hours Jetski tour n&rsquo;est pas seulement un tour de jetski, mais aussi une chance d&rsquo;avoir la vue la plus proche de l&#8217;embl\u00e9matique Palm Atlantis depuis la mer \u00e0 bord d&rsquo;un JetSki. Un concentr\u00e9 de plaisir, de vitesse, d&rsquo;adr\u00e9naline, encadr\u00e9 par nos instructeurs exp\u00e9riment\u00e9s.<\/p>\n<p><strong>Informations pratiques<\/strong><\/p>\n<ul>\n<li>Parking gratuit et s\u00e9curis\u00e9<\/li>\n<li>Vestiaires et casiers<\/li>\n<li>Douche<\/li>\n<li>Plages publiques \u00e0 proximit\u00e9<\/li>\n<\/ul>\n<p><strong>Conditions<\/strong><\/p>\n<ul>\n<li>Les clients doivent \u00eatre \u00e2g\u00e9s de plus de 16 ans pour les pilotes et de 12 ans pour les passagers. Ils doivent \u00eatre munis de leur passeport, faute de quoi ils ne pourront pas louer de mat\u00e9riel.<\/li>\n<li>1 JetSki par personne pour les personnes de plus de 100 kg<\/li>\n<li>Les clients doivent savoir parfaitement nager<\/li>\n<\/ul>\n<p><strong>SeaRide se r\u00e9serve \u00e9galement le droit d&rsquo;annuler une r\u00e9servation, notamment en cas de vent, de mauvais temps, de faible visibilit\u00e9 ou d&rsquo;interdiction de d\u00e9part des autorit\u00e9s (annulation automatique). En cas de retard ou d&rsquo;annulation, veuillez nous en informer par t\u00e9l\u00e9phone, par SMS ou par e-mail.<\/strong><\/p>\n\t\t\t\t\t\t<\/div>\n\t\t\t\t<\/div>\n\t\t\t\t\t<\/div>\n\t\t<\/div>\n\t\t\t\t\t<\/div>\n\t\t<\/section>\n\t\t\t\t<section data-particle_enable=\"false\" data-particle-mobile-disabled=\"false\" class=\"elementor-section elementor-top-section elementor-element elementor-element-1fea3aee elementor-section-boxed elementor-section-height-default elementor-section-height-default\" data-id=\"1fea3aee\" data-element_type=\"section\">\n\t\t\t\t\t\t<div class=\"elementor-container elementor-column-gap-default\">\n\t\t\t\t\t<div class=\"elementor-column elementor-col-100 elementor-top-column elementor-element elementor-element-2d1e629a\" data-id=\"2d1e629a\" data-element_type=\"column\">\n\t\t\t<div class=\"elementor-widget-wrap elementor-element-populated\">\n\t\t\t\t\t\t<div class=\"elementor-element elementor-element-57a74819 elementor-widget elementor-widget-text-editor\" data-id=\"57a74819\" data-element_type=\"widget\" data-widget_type=\"text-editor.default\">\n\t\t\t\t<div class=\"elementor-widget-container\">\n\t\t\t\t\t\t\t<img fetchpriority=\"high\" decoding=\"async\" class=\"size-medium wp-image-13019 aligncenter\" src=\"https:\/\/searide-dubai.com\/wp-content\/uploads\/2024\/01\/atlantis-copie-300x205.png\" alt=\"un homme posant sur un jetski de couleur jaune devant le palm atlantis dubai\" width=\"300\" height=\"205\" srcset=\"https:\/\/searide-dubai.com\/wp-content\/uploads\/2024\/01\/atlantis-copie-300x205.png 300w, https:\/\/searide-dubai.com\/wp-content\/uploads\/2024\/01\/atlantis-copie-1024x701.png 1024w, https:\/\/searide-dubai.com\/wp-content\/uploads\/2024\/01\/atlantis-copie-768x526.png 768w, https:\/\/searide-dubai.com\/wp-content\/uploads\/2024\/01\/atlantis-copie-1536x1052.png 1536w, https:\/\/searide-dubai.com\/wp-content\/uploads\/2024\/01\/atlantis-copie-2048x1402.png 2048w, https:\/\/searide-dubai.com\/wp-content\/uploads\/2024\/01\/atlantis-copie-600x411.png 600w\" sizes=\"(max-width: 300px) 100vw, 300px\" \/>\n\nD\u00e9couvrez le site embl\u00e9matique de Duba\u00ef, Palm Atlantis, d&rsquo;un point de vue palpitant en embarquant pour notre excursion de 2 heures en Jetski &#8211; Atlantis. Cette balade en jetski sp\u00e9cialement con\u00e7ue vous emm\u00e8ne dans un voyage inoubliable autour du magnifique Atlantis, The Palm.\n\n<strong>Cette exp\u00e9rience immersive offre :<\/strong>\n\nDeux heures compl\u00e8tes de jet ski exaltant : Plongez dans l&rsquo;exaltation en naviguant sur les eaux turquoises, en sentant les embruns et en capturant des moments parfaits pour l&rsquo;image. Des vues \u00e0 couper le souffle de l&rsquo;Atlantide : approchez-vous de ce chef-d&rsquo;\u0153uvre architectural et capturez des panoramas \u00e9poustouflants depuis un point d&rsquo;observation unique. Des conseils d&rsquo;experts et un \u00e9quipement de premier ordre : Nos guides exp\u00e9riment\u00e9s veillent \u00e0 votre s\u00e9curit\u00e9 et \u00e0 votre confort tout en vous fournissant les meilleurs jet-skis pour une balade fluide et palpitante.\n\nCette excursion exclusive et prolong\u00e9e de 2 heures en Jetski &#8211; Atlantis est parfaite pour les amateurs d&rsquo;aventure qui ont envie d&rsquo;une pouss\u00e9e d&rsquo;adr\u00e9naline, pour les photographes \u00e0 la recherche de vues \u00e0 couper le souffle sur les sites embl\u00e9matiques de Duba\u00ef et pour tous ceux qui recherchent une exp\u00e9rience inoubliable au c\u0153ur de Duba\u00ef.\n\nR\u00e9servez d\u00e8s aujourd&rsquo;hui votre visite de 2 heures autour de l&rsquo;Atlantis et d\u00e9couvrez la magie de Duba\u00ef d&rsquo;un point de vue tout \u00e0 fait nouveau !\t\t\t\t\t\t<\/div>\n\t\t\t\t<\/div>\n\t\t\t\t\t<\/div>\n\t\t<\/div>\n\t\t\t\t\t<\/div>\n\t\t<\/section>\n\t\t\t\t<\/div>\n\t\t","protected":false},"excerpt":{"rendered":"<p>2 heures, c&rsquo;est une longue p\u00e9riode de temps pour vivre une aventure aquatique satisfaisante, agr\u00e9ment\u00e9e d&rsquo;une vue panoramique spectaculaire. Searide Dubai 2-hours Jetski tour n&rsquo;est pas seulement un tour de jetski, mais aussi une chance d&rsquo;avoir la vue la plus proche de l&#8217;embl\u00e9matique Palm Atlantis depuis la mer \u00e0 bord d&rsquo;un JetSki. Un concentr\u00e9 de [&hellip;]<\/p>\n","protected":false},"featured_media":24432,"comment_status":"closed","ping_status":"closed","template":"","meta":{"_acf_changed":false,"inline_featured_image":false,"_uf_show_specific_survey":0,"_uf_disable_surveys":false},"product_cat":[144],"product_tag":[],"class_list":{"0":"post-25174","1":"product","2":"type-product","3":"status-publish","4":"has-post-thumbnail","6":"product_cat-jet-ski-a-dubai","8":"first","9":"instock","10":"virtual","11":"purchasable","12":"product-type-simple"},"acf":[],"yoast_head":"<!-- This site is optimized with the Yoast SEO plugin v27.3 - https:\/\/yoast.com\/product\/yoast-seo-wordpress\/ -->\n<title>JETSKI DUBAI ATLANTIS 2 Heures - Searide Dubai Jet Ski , Efoil, Watersports Rentals Dubai<\/title>\n<meta name=\"robots\" content=\"index, follow, max-snippet:-1, max-image-preview:large, max-video-preview:-1\" \/>\n<link rel=\"canonical\" href=\"https:\/\/searide-dubai.com\/fr\/produit\/jetski-dubai-atlantis-2-heures\/\" \/>\n<meta property=\"og:locale\" content=\"fr_FR\" \/>\n<meta property=\"og:type\" content=\"article\" \/>\n<meta property=\"og:title\" content=\"JETSKI DUBAI ATLANTIS 2 Heures - Searide Dubai Jet Ski , Efoil, Watersports Rentals Dubai\" \/>\n<meta property=\"og:description\" content=\"2 heures, c&rsquo;est une longue p\u00e9riode de temps pour vivre une aventure aquatique satisfaisante, agr\u00e9ment\u00e9e d&rsquo;une vue panoramique spectaculaire. Searide Dubai 2-hours Jetski tour n&rsquo;est pas seulement un tour de jetski, mais aussi une chance d&rsquo;avoir la vue la plus proche de l&#8217;embl\u00e9matique Palm Atlantis depuis la mer \u00e0 bord d&rsquo;un JetSki. Un concentr\u00e9 de [&hellip;]\" \/>\n<meta property=\"og:url\" content=\"https:\/\/searide-dubai.com\/fr\/produit\/jetski-dubai-atlantis-2-heures\/\" \/>\n<meta property=\"og:site_name\" content=\"Searide Dubai Jet Ski , Efoil, Watersports Rentals Dubai\" \/>\n<meta property=\"article:modified_time\" content=\"2024-05-16T13:27:33+00:00\" \/>\n<meta property=\"og:image\" content=\"https:\/\/searide-dubai.com\/wp-content\/uploads\/2024\/01\/atlantis-copie-1024x701.png\" \/>\n\t<meta property=\"og:image:width\" content=\"1024\" \/>\n\t<meta property=\"og:image:height\" content=\"701\" \/>\n\t<meta property=\"og:image:type\" content=\"image\/png\" \/>\n<meta name=\"twitter:card\" content=\"summary_large_image\" \/>\n<meta name=\"twitter:label1\" content=\"Dur\u00e9e de lecture estim\u00e9e\" \/>\n\t<meta name=\"twitter:data1\" content=\"2 minutes\" \/>\n<script type=\"application\/ld+json\" class=\"yoast-schema-graph\">{\"@context\":\"https:\\\/\\\/schema.org\",\"@graph\":[{\"@type\":\"WebPage\",\"@id\":\"https:\\\/\\\/searide-dubai.com\\\/fr\\\/produit\\\/jetski-dubai-atlantis-2-heures\\\/\",\"url\":\"https:\\\/\\\/searide-dubai.com\\\/fr\\\/produit\\\/jetski-dubai-atlantis-2-heures\\\/\",\"name\":\"JETSKI DUBAI ATLANTIS 2 Heures - Searide Dubai Jet Ski , Efoil, Watersports Rentals Dubai\",\"isPartOf\":{\"@id\":\"https:\\\/\\\/searide-dubai.com\\\/fr\\\/#website\"},\"primaryImageOfPage\":{\"@id\":\"https:\\\/\\\/searide-dubai.com\\\/fr\\\/produit\\\/jetski-dubai-atlantis-2-heures\\\/#primaryimage\"},\"image\":{\"@id\":\"https:\\\/\\\/searide-dubai.com\\\/fr\\\/produit\\\/jetski-dubai-atlantis-2-heures\\\/#primaryimage\"},\"thumbnailUrl\":\"https:\\\/\\\/searide-dubai.com\\\/wp-content\\\/uploads\\\/2024\\\/01\\\/atlantis-copie.png\",\"datePublished\":\"2023-07-24T15:21:32+00:00\",\"dateModified\":\"2024-05-16T13:27:33+00:00\",\"breadcrumb\":{\"@id\":\"https:\\\/\\\/searide-dubai.com\\\/fr\\\/produit\\\/jetski-dubai-atlantis-2-heures\\\/#breadcrumb\"},\"inLanguage\":\"fr-FR\",\"potentialAction\":[{\"@type\":\"ReadAction\",\"target\":[\"https:\\\/\\\/searide-dubai.com\\\/fr\\\/produit\\\/jetski-dubai-atlantis-2-heures\\\/\"]}]},{\"@type\":\"ImageObject\",\"inLanguage\":\"fr-FR\",\"@id\":\"https:\\\/\\\/searide-dubai.com\\\/fr\\\/produit\\\/jetski-dubai-atlantis-2-heures\\\/#primaryimage\",\"url\":\"https:\\\/\\\/searide-dubai.com\\\/wp-content\\\/uploads\\\/2024\\\/01\\\/atlantis-copie.png\",\"contentUrl\":\"https:\\\/\\\/searide-dubai.com\\\/wp-content\\\/uploads\\\/2024\\\/01\\\/atlantis-copie.png\",\"width\":2560,\"height\":1753},{\"@type\":\"BreadcrumbList\",\"@id\":\"https:\\\/\\\/searide-dubai.com\\\/fr\\\/produit\\\/jetski-dubai-atlantis-2-heures\\\/#breadcrumb\",\"itemListElement\":[{\"@type\":\"ListItem\",\"position\":1,\"name\":\"Home\",\"item\":\"https:\\\/\\\/searide-dubai.com\\\/fr\\\/searide-dubai\\\/\"},{\"@type\":\"ListItem\",\"position\":2,\"name\":\"Searide Dubai Shop\",\"item\":\"https:\\\/\\\/searide-dubai.com\\\/fr\\\/boutique\\\/\"},{\"@type\":\"ListItem\",\"position\":3,\"name\":\"JETSKI DUBAI ATLANTIS 2 Heures\"}]},{\"@type\":\"WebSite\",\"@id\":\"https:\\\/\\\/searide-dubai.com\\\/fr\\\/#website\",\"url\":\"https:\\\/\\\/searide-dubai.com\\\/fr\\\/\",\"name\":\"Searide Dubai Jet Ski , Efoil, Watersports Rentals Dubai\",\"description\":\"Dubai&#039;s First JetSki Rental Dubai\",\"publisher\":{\"@id\":\"https:\\\/\\\/searide-dubai.com\\\/fr\\\/#organization\"},\"potentialAction\":[{\"@type\":\"SearchAction\",\"target\":{\"@type\":\"EntryPoint\",\"urlTemplate\":\"https:\\\/\\\/searide-dubai.com\\\/fr\\\/?s={search_term_string}\"},\"query-input\":{\"@type\":\"PropertyValueSpecification\",\"valueRequired\":true,\"valueName\":\"search_term_string\"}}],\"inLanguage\":\"fr-FR\"},{\"@type\":\"Organization\",\"@id\":\"https:\\\/\\\/searide-dubai.com\\\/fr\\\/#organization\",\"name\":\"Searide Dubai Jet Ski , Efoil, Watersports Rentals Dubai\",\"url\":\"https:\\\/\\\/searide-dubai.com\\\/fr\\\/\",\"logo\":{\"@type\":\"ImageObject\",\"inLanguage\":\"fr-FR\",\"@id\":\"https:\\\/\\\/searide-dubai.com\\\/fr\\\/#\\\/schema\\\/logo\\\/image\\\/\",\"url\":\"https:\\\/\\\/searide-dubai.com\\\/wp-content\\\/uploads\\\/2021\\\/12\\\/SEARIDE-LOGO.png\",\"contentUrl\":\"https:\\\/\\\/searide-dubai.com\\\/wp-content\\\/uploads\\\/2021\\\/12\\\/SEARIDE-LOGO.png\",\"width\":500,\"height\":223,\"caption\":\"Searide Dubai Jet Ski , Efoil, Watersports Rentals Dubai\"},\"image\":{\"@id\":\"https:\\\/\\\/searide-dubai.com\\\/fr\\\/#\\\/schema\\\/logo\\\/image\\\/\"}}]}<\/script>\n<!-- \/ Yoast SEO plugin. -->","yoast_head_json":{"title":"JETSKI DUBAI ATLANTIS 2 Heures - Searide Dubai Jet Ski , Efoil, Watersports Rentals Dubai","robots":{"index":"index","follow":"follow","max-snippet":"max-snippet:-1","max-image-preview":"max-image-preview:large","max-video-preview":"max-video-preview:-1"},"canonical":"https:\/\/searide-dubai.com\/fr\/produit\/jetski-dubai-atlantis-2-heures\/","og_locale":"fr_FR","og_type":"article","og_title":"JETSKI DUBAI ATLANTIS 2 Heures - Searide Dubai Jet Ski , Efoil, Watersports Rentals Dubai","og_description":"2 heures, c&rsquo;est une longue p\u00e9riode de temps pour vivre une aventure aquatique satisfaisante, agr\u00e9ment\u00e9e d&rsquo;une vue panoramique spectaculaire. Searide Dubai 2-hours Jetski tour n&rsquo;est pas seulement un tour de jetski, mais aussi une chance d&rsquo;avoir la vue la plus proche de l&#8217;embl\u00e9matique Palm Atlantis depuis la mer \u00e0 bord d&rsquo;un JetSki. Un concentr\u00e9 de [&hellip;]","og_url":"https:\/\/searide-dubai.com\/fr\/produit\/jetski-dubai-atlantis-2-heures\/","og_site_name":"Searide Dubai Jet Ski , Efoil, Watersports Rentals Dubai","article_modified_time":"2024-05-16T13:27:33+00:00","og_image":[{"width":1024,"height":701,"url":"https:\/\/searide-dubai.com\/wp-content\/uploads\/2024\/01\/atlantis-copie-1024x701.png","type":"image\/png"}],"twitter_card":"summary_large_image","twitter_misc":{"Dur\u00e9e de lecture estim\u00e9e":"2 minutes"},"schema":{"@context":"https:\/\/schema.org","@graph":[{"@type":"WebPage","@id":"https:\/\/searide-dubai.com\/fr\/produit\/jetski-dubai-atlantis-2-heures\/","url":"https:\/\/searide-dubai.com\/fr\/produit\/jetski-dubai-atlantis-2-heures\/","name":"JETSKI DUBAI ATLANTIS 2 Heures - Searide Dubai Jet Ski , Efoil, Watersports Rentals Dubai","isPartOf":{"@id":"https:\/\/searide-dubai.com\/fr\/#website"},"primaryImageOfPage":{"@id":"https:\/\/searide-dubai.com\/fr\/produit\/jetski-dubai-atlantis-2-heures\/#primaryimage"},"image":{"@id":"https:\/\/searide-dubai.com\/fr\/produit\/jetski-dubai-atlantis-2-heures\/#primaryimage"},"thumbnailUrl":"https:\/\/searide-dubai.com\/wp-content\/uploads\/2024\/01\/atlantis-copie.png","datePublished":"2023-07-24T15:21:32+00:00","dateModified":"2024-05-16T13:27:33+00:00","breadcrumb":{"@id":"https:\/\/searide-dubai.com\/fr\/produit\/jetski-dubai-atlantis-2-heures\/#breadcrumb"},"inLanguage":"fr-FR","potentialAction":[{"@type":"ReadAction","target":["https:\/\/searide-dubai.com\/fr\/produit\/jetski-dubai-atlantis-2-heures\/"]}]},{"@type":"ImageObject","inLanguage":"fr-FR","@id":"https:\/\/searide-dubai.com\/fr\/produit\/jetski-dubai-atlantis-2-heures\/#primaryimage","url":"https:\/\/searide-dubai.com\/wp-content\/uploads\/2024\/01\/atlantis-copie.png","contentUrl":"https:\/\/searide-dubai.com\/wp-content\/uploads\/2024\/01\/atlantis-copie.png","width":2560,"height":1753},{"@type":"BreadcrumbList","@id":"https:\/\/searide-dubai.com\/fr\/produit\/jetski-dubai-atlantis-2-heures\/#breadcrumb","itemListElement":[{"@type":"ListItem","position":1,"name":"Home","item":"https:\/\/searide-dubai.com\/fr\/searide-dubai\/"},{"@type":"ListItem","position":2,"name":"Searide Dubai Shop","item":"https:\/\/searide-dubai.com\/fr\/boutique\/"},{"@type":"ListItem","position":3,"name":"JETSKI DUBAI ATLANTIS 2 Heures"}]},{"@type":"WebSite","@id":"https:\/\/searide-dubai.com\/fr\/#website","url":"https:\/\/searide-dubai.com\/fr\/","name":"Searide Dubai Jet Ski , Efoil, Watersports Rentals Dubai","description":"Dubai&#039;s First JetSki Rental Dubai","publisher":{"@id":"https:\/\/searide-dubai.com\/fr\/#organization"},"potentialAction":[{"@type":"SearchAction","target":{"@type":"EntryPoint","urlTemplate":"https:\/\/searide-dubai.com\/fr\/?s={search_term_string}"},"query-input":{"@type":"PropertyValueSpecification","valueRequired":true,"valueName":"search_term_string"}}],"inLanguage":"fr-FR"},{"@type":"Organization","@id":"https:\/\/searide-dubai.com\/fr\/#organization","name":"Searide Dubai Jet Ski , Efoil, Watersports Rentals Dubai","url":"https:\/\/searide-dubai.com\/fr\/","logo":{"@type":"ImageObject","inLanguage":"fr-FR","@id":"https:\/\/searide-dubai.com\/fr\/#\/schema\/logo\/image\/","url":"https:\/\/searide-dubai.com\/wp-content\/uploads\/2021\/12\/SEARIDE-LOGO.png","contentUrl":"https:\/\/searide-dubai.com\/wp-content\/uploads\/2021\/12\/SEARIDE-LOGO.png","width":500,"height":223,"caption":"Searide Dubai Jet Ski , Efoil, Watersports Rentals Dubai"},"image":{"@id":"https:\/\/searide-dubai.com\/fr\/#\/schema\/logo\/image\/"}}]}},"_links":{"self":[{"href":"https:\/\/searide-dubai.com\/fr\/wp-json\/wp\/v2\/product\/25174","targetHints":{"allow":["GET"]}}],"collection":[{"href":"https:\/\/searide-dubai.com\/fr\/wp-json\/wp\/v2\/product"}],"about":[{"href":"https:\/\/searide-dubai.com\/fr\/wp-json\/wp\/v2\/types\/product"}],"replies":[{"embeddable":true,"href":"https:\/\/searide-dubai.com\/fr\/wp-json\/wp\/v2\/comments?post=25174"}],"version-history":[{"count":11,"href":"https:\/\/searide-dubai.com\/fr\/wp-json\/wp\/v2\/product\/25174\/revisions"}],"predecessor-version":[{"id":25582,"href":"https:\/\/searide-dubai.com\/fr\/wp-json\/wp\/v2\/product\/25174\/revisions\/25582"}],"wp:featuredmedia":[{"embeddable":true,"href":"https:\/\/searide-dubai.com\/fr\/wp-json\/wp\/v2\/media\/24432"}],"wp:attachment":[{"href":"https:\/\/searide-dubai.com\/fr\/wp-json\/wp\/v2\/media?parent=25174"}],"wp:term":[{"taxonomy":"product_cat","embeddable":true,"href":"https:\/\/searide-dubai.com\/fr\/wp-json\/wp\/v2\/product_cat?post=25174"},{"taxonomy":"product_tag","embeddable":true,"href":"https:\/\/searide-dubai.com\/fr\/wp-json\/wp\/v2\/product_tag?post=25174"}],"curies":[{"name":"wp","href":"https:\/\/api.w.org\/{rel}","templated":true}]}}